{"id":10,"date":"2013-05-16T13:14:35","date_gmt":"2013-05-16T11:14:35","guid":{"rendered":"http:\/\/paseo-barcelona.de\/barcelona\/?page_id=10"},"modified":"2017-04-21T20:27:15","modified_gmt":"2017-04-21T18:27:15","slug":"stadtfuhrungen","status":"publish","type":"page","link":"http:\/\/paseo-barcelona.de\/barcelona\/stadtfuhrungen\/","title":{"rendered":"Unsere Stadtf\u00fchrungen"},"content":{"rendered":"<p><strong><em>Paseo <\/em><\/strong>ist das spanische Wort f\u00fcr Spaziergang, und genau das sollen unsere Stadtf\u00fchrungen sein, kurzweilige lockere Spazierg\u00e4nge durch die <em>Ciutat Vella<\/em>, die Altstadt von Barcelona. Der <a title=\"Paseo Gotico\" href=\"http:\/\/paseo-barcelona.de\/barcelona\/stadtfuhrungen\/paseo-gotico\/\">Paseo Gotico<\/a> entf\u00fchrt Sie in das mittelalterliche Barcelona mit seinen engen Gassen und vielen bekannten Sehensw\u00fcrdigkeiten, wie der Kathedrale oder dem j\u00fcdischen Viertel <em>El Call<\/em>. Im <a title=\"Paseo Raval\" href=\"http:\/\/paseo-barcelona.de\/barcelona\/stadtfuhrungen\/paseoraval\/\">Paseo Raval<\/a> lernen Sie eine untouristischere Seite von Barcelona kennen. Dort t\u00fcmmeln sich viele Einwanderer, K\u00fcnstler und Szeneg\u00e4nger. Das Viertel <a title=\"Paseo Born\" href=\"http:\/\/paseo-barcelona.de\/barcelona\/stadtfuhrungen\/paseo-born\/\">El Born<\/a> hat sich \u00fcber die Jahre vom Handelszentrum zu einem Szeneviertel mit vielen Bars und Boutiquen entwickeln.<\/p>\n<p>Neben unseren Stadtf\u00fchrungen bieten wir Ihnen auch <a title=\"Ausfl\u00fcge in Katalonien\" href=\"http:\/\/paseo-barcelona.de\/barcelona\/ausfluge\/\">Ausfl\u00fcge <\/a>ins Umland von Barcelona an. Entdecken Sie das Penedes, die Weingegend rund um Barcelona. Pilgern Sie nach Montserrat, dem Kloster in den Bergen. Oder besuchen Sie das Museum des K\u00fcnstlergenies Salvador Dal\u00ec in Figueres.<\/p>\n<div class=\"pt-cv-wrapper\"><div class=\"pt-cv-view pt-cv-grid pt-cv-colsys\" id=\"pt-cv-view-068ba49v8q\"><div data-id=\"pt-cv-page-1\" class=\"pt-cv-page\" data-cvc=\"3\"><div class=\"col-md-4 col-sm-6 col-xs-12 pt-cv-content-item pt-cv-1-col\" ><div class='pt-cv-ifield'><a href=\"http:\/\/paseo-barcelona.de\/barcelona\/stadtfuhrungen\/stadtfuhrung-modernisme\/\" class=\"_self pt-cv-href-thumbnail pt-cv-thumb-default\" target=\"_self\" ><img loading=\"lazy\" decoding=\"async\" width=\"300\" height=\"225\" src=\"https:\/\/i0.wp.com\/paseo-barcelona.de\/barcelona\/wp-content\/uploads\/2013\/06\/casamila1.jpg?fit=300%2C225\" class=\"pt-cv-thumbnail\" alt=\"\" srcset=\"https:\/\/i0.wp.com\/paseo-barcelona.de\/barcelona\/wp-content\/uploads\/2013\/06\/casamila1.jpg?w=1024 1024w, https:\/\/i0.wp.com\/paseo-barcelona.de\/barcelona\/wp-content\/uploads\/2013\/06\/casamila1.jpg?resize=300%2C225 300w\" sizes=\"(max-width: 300px) 100vw, 300px\" data-attachment-id=\"651\" data-permalink=\"http:\/\/paseo-barcelona.de\/barcelona\/olympus-digital-camera-12\/\" data-orig-file=\"https:\/\/i0.wp.com\/paseo-barcelona.de\/barcelona\/wp-content\/uploads\/2013\/06\/casamila1.jpg?fit=1024%2C768\" data-orig-size=\"1024,768\" data-comments-opened=\"0\" data-image-meta=\"{&quot;aperture&quot;:&quot;4.5&quot;,&quot;credit&quot;:&quot;&quot;,&quot;camera&quot;:&quot;C720UZ&quot;,&quot;caption&quot;:&quot;&quot;,&quot;created_timestamp&quot;:&quot;-62169984000&quot;,&quot;copyright&quot;:&quot;&quot;,&quot;focal_length&quot;:&quot;6.4&quot;,&quot;iso&quot;:&quot;100&quot;,&quot;shutter_speed&quot;:&quot;0.0015625&quot;,&quot;title&quot;:&quot;OLYMPUS DIGITAL CAMERA&quot;}\" data-image-title=\"Casa Mil\u00e0\" data-image-description=\"\" data-image-caption=\"&lt;p&gt;Casa Mil\u00e0 von Antoni Gaud\u00ed&lt;\/p&gt;\n\" data-medium-file=\"https:\/\/i0.wp.com\/paseo-barcelona.de\/barcelona\/wp-content\/uploads\/2013\/06\/casamila1.jpg?fit=300%2C225\" data-large-file=\"https:\/\/i0.wp.com\/paseo-barcelona.de\/barcelona\/wp-content\/uploads\/2013\/06\/casamila1.jpg?fit=800%2C600\" tabindex=\"0\" role=\"button\" \/><\/a>\n<h4 class=\"pt-cv-title\"><a href=\"http:\/\/paseo-barcelona.de\/barcelona\/stadtfuhrungen\/stadtfuhrung-modernisme\/\" class=\"_self\" target=\"_self\" >Stadtf\u00fchrung Modernisme<\/a><\/h4>\n<div class=\"pt-cv-content\">Der Modernisme ist Kataloniens Jugendstil und Barcelona seine Galerie. \"Barcelona posa\u00b4t guapa\" - Barcelona mach Dich sch\u00f6n. Mit unseren halbt\u00e4gigen ...<br \/><div class=\"pt-cv-rmwrap\"><a href=\"http:\/\/paseo-barcelona.de\/barcelona\/stadtfuhrungen\/stadtfuhrung-modernisme\/\" class=\"_self pt-cv-readmore btn btn-success\" target=\"_self\">Weiterlesen \u2026<\/a><\/div><\/div><\/div><\/div>\n<div class=\"col-md-4 col-sm-6 col-xs-12 pt-cv-content-item pt-cv-1-col\" ><div class='pt-cv-ifield'><a href=\"http:\/\/paseo-barcelona.de\/barcelona\/stadtfuhrungen\/ciutat-vella\/\" class=\"_self pt-cv-href-thumbnail pt-cv-thumb-default\" target=\"_self\" ><img loading=\"lazy\" decoding=\"async\" width=\"300\" height=\"225\" src=\"https:\/\/i0.wp.com\/paseo-barcelona.de\/barcelona\/wp-content\/uploads\/2013\/04\/Barcelona_santa_maria_p\u00ec.jpg?fit=300%2C225\" class=\"pt-cv-thumbnail\" alt=\"\" srcset=\"https:\/\/i0.wp.com\/paseo-barcelona.de\/barcelona\/wp-content\/uploads\/2013\/04\/Barcelona_santa_maria_p\u00ec.jpg?w=2048 2048w, https:\/\/i0.wp.com\/paseo-barcelona.de\/barcelona\/wp-content\/uploads\/2013\/04\/Barcelona_santa_maria_p\u00ec.jpg?resize=300%2C225 300w, https:\/\/i0.wp.com\/paseo-barcelona.de\/barcelona\/wp-content\/uploads\/2013\/04\/Barcelona_santa_maria_p\u00ec.jpg?resize=1024%2C768 1024w, https:\/\/i0.wp.com\/paseo-barcelona.de\/barcelona\/wp-content\/uploads\/2013\/04\/Barcelona_santa_maria_p\u00ec.jpg?w=1600 1600w\" sizes=\"(max-width: 300px) 100vw, 300px\" data-attachment-id=\"526\" data-permalink=\"http:\/\/paseo-barcelona.de\/barcelona\/home\/epson-dsc-picture\/\" data-orig-file=\"https:\/\/i0.wp.com\/paseo-barcelona.de\/barcelona\/wp-content\/uploads\/2013\/04\/Barcelona_santa_maria_p\u00ec.jpg?fit=2048%2C1536\" data-orig-size=\"2048,1536\" data-comments-opened=\"0\" data-image-meta=\"{&quot;aperture&quot;:&quot;4&quot;,&quot;credit&quot;:&quot;&quot;,&quot;camera&quot;:&quot;PhotoPC 3000Z&quot;,&quot;caption&quot;:&quot;&quot;,&quot;created_timestamp&quot;:&quot;1143019294&quot;,&quot;copyright&quot;:&quot;&quot;,&quot;focal_length&quot;:&quot;7&quot;,&quot;iso&quot;:&quot;100&quot;,&quot;shutter_speed&quot;:&quot;0.00180831826401&quot;,&quot;title&quot;:&quot;EPSON DSC picture&quot;}\" data-image-title=\"Sta Maria del Mar\" data-image-description=\"\" data-image-caption=\"&lt;p&gt;Santa Maria del Mar&lt;\/p&gt;\n\" data-medium-file=\"https:\/\/i0.wp.com\/paseo-barcelona.de\/barcelona\/wp-content\/uploads\/2013\/04\/Barcelona_santa_maria_p\u00ec.jpg?fit=300%2C225\" data-large-file=\"https:\/\/i0.wp.com\/paseo-barcelona.de\/barcelona\/wp-content\/uploads\/2013\/04\/Barcelona_santa_maria_p\u00ec.jpg?fit=800%2C600\" tabindex=\"0\" role=\"button\" \/><\/a>\n<h4 class=\"pt-cv-title\"><a href=\"http:\/\/paseo-barcelona.de\/barcelona\/stadtfuhrungen\/ciutat-vella\/\" class=\"_self\" target=\"_self\" >Stadtf\u00fchrung Ciutat vella<\/a><\/h4>\n<div class=\"pt-cv-content\">Sie wollen mehr von dieser atemberaubenden Stadt sehen? Mit unseren halbt\u00e4gigen Stadtf\u00fchrungen erleben Sie Barcelona - die Stadt der Wunder ...<br \/><div class=\"pt-cv-rmwrap\"><a href=\"http:\/\/paseo-barcelona.de\/barcelona\/stadtfuhrungen\/ciutat-vella\/\" class=\"_self pt-cv-readmore btn btn-success\" target=\"_self\">Weiterlesen \u2026<\/a><\/div><\/div><\/div><\/div>\n<div class=\"col-md-4 col-sm-6 col-xs-12 pt-cv-content-item pt-cv-1-col\" ><div class='pt-cv-ifield'><a href=\"http:\/\/paseo-barcelona.de\/barcelona\/stadtfuhrungen\/kultur-und-tapas\/\" class=\"_self pt-cv-href-thumbnail pt-cv-thumb-default\" target=\"_self\" ><img loading=\"lazy\" decoding=\"async\" width=\"300\" height=\"200\" src=\"https:\/\/i0.wp.com\/paseo-barcelona.de\/barcelona\/wp-content\/uploads\/2013\/06\/PaseoBarcelona_Tapas_1.jpg?fit=300%2C200\" class=\"pt-cv-thumbnail\" alt=\"\" srcset=\"https:\/\/i0.wp.com\/paseo-barcelona.de\/barcelona\/wp-content\/uploads\/2013\/06\/PaseoBarcelona_Tapas_1.jpg?w=1024 1024w, https:\/\/i0.wp.com\/paseo-barcelona.de\/barcelona\/wp-content\/uploads\/2013\/06\/PaseoBarcelona_Tapas_1.jpg?resize=300%2C200 300w\" sizes=\"(max-width: 300px) 100vw, 300px\" data-attachment-id=\"510\" data-permalink=\"http:\/\/paseo-barcelona.de\/barcelona\/paseobarcelona_tapas_1-2\/\" data-orig-file=\"https:\/\/i0.wp.com\/paseo-barcelona.de\/barcelona\/wp-content\/uploads\/2013\/06\/PaseoBarcelona_Tapas_1.jpg?fit=1024%2C683\" data-orig-size=\"1024,683\" data-comments-opened=\"0\" data-image-meta=\"{&quot;aperture&quot;:&quot;2.8&quot;,&quot;credit&quot;:&quot;&quot;,&quot;camera&quot;:&quot;Canon EOS 550D&quot;,&quot;caption&quot;:&quot;&quot;,&quot;created_timestamp&quot;:&quot;1358773411&quot;,&quot;copyright&quot;:&quot;&quot;,&quot;focal_length&quot;:&quot;24&quot;,&quot;iso&quot;:&quot;400&quot;,&quot;shutter_speed&quot;:&quot;0.01&quot;,&quot;title&quot;:&quot;&quot;}\" data-image-title=\"PaseoBarcelona_Tapas_1\" data-image-description=\"\" data-image-caption=\"\" data-medium-file=\"https:\/\/i0.wp.com\/paseo-barcelona.de\/barcelona\/wp-content\/uploads\/2013\/06\/PaseoBarcelona_Tapas_1.jpg?fit=300%2C200\" data-large-file=\"https:\/\/i0.wp.com\/paseo-barcelona.de\/barcelona\/wp-content\/uploads\/2013\/06\/PaseoBarcelona_Tapas_1.jpg?fit=800%2C534\" tabindex=\"0\" role=\"button\" \/><\/a>\n<h4 class=\"pt-cv-title\"><a href=\"http:\/\/paseo-barcelona.de\/barcelona\/stadtfuhrungen\/kultur-und-tapas\/\" class=\"_self\" target=\"_self\" >Kultur und Tapas<\/a><\/h4>\n<div class=\"pt-cv-content\">Genie\u00dfen Sie im wahrsten Sinne des Wortes die Altstadt von Barcelona. Lassen Sie sich entf\u00fchren in die romantischen Gassen von ...<br \/><div class=\"pt-cv-rmwrap\"><a href=\"http:\/\/paseo-barcelona.de\/barcelona\/stadtfuhrungen\/kultur-und-tapas\/\" class=\"_self pt-cv-readmore btn btn-success\" target=\"_self\">Weiterlesen \u2026<\/a><\/div><\/div><\/div><\/div>\n<div class=\"col-md-4 col-sm-6 col-xs-12 pt-cv-content-item pt-cv-1-col\" ><div class='pt-cv-ifield'><a href=\"http:\/\/paseo-barcelona.de\/barcelona\/stadtfuhrungen\/paseoraval\/\" class=\"_self pt-cv-href-thumbnail pt-cv-thumb-default\" target=\"_self\" ><img loading=\"lazy\" decoding=\"async\" width=\"300\" height=\"225\" src=\"https:\/\/i0.wp.com\/paseo-barcelona.de\/barcelona\/wp-content\/uploads\/2013\/05\/P1010061.jpg?fit=300%2C225\" class=\"pt-cv-thumbnail\" alt=\"\" srcset=\"https:\/\/i0.wp.com\/paseo-barcelona.de\/barcelona\/wp-content\/uploads\/2013\/05\/P1010061.jpg?w=1984 1984w, https:\/\/i0.wp.com\/paseo-barcelona.de\/barcelona\/wp-content\/uploads\/2013\/05\/P1010061.jpg?resize=300%2C225 300w, https:\/\/i0.wp.com\/paseo-barcelona.de\/barcelona\/wp-content\/uploads\/2013\/05\/P1010061.jpg?resize=1024%2C768 1024w, https:\/\/i0.wp.com\/paseo-barcelona.de\/barcelona\/wp-content\/uploads\/2013\/05\/P1010061.jpg?resize=400%2C300 400w, https:\/\/i0.wp.com\/paseo-barcelona.de\/barcelona\/wp-content\/uploads\/2013\/05\/P1010061.jpg?resize=160%2C120 160w, https:\/\/i0.wp.com\/paseo-barcelona.de\/barcelona\/wp-content\/uploads\/2013\/05\/P1010061.jpg?w=1600 1600w\" sizes=\"(max-width: 300px) 100vw, 300px\" data-attachment-id=\"287\" data-permalink=\"http:\/\/paseo-barcelona.de\/barcelona\/stadtfuhrungen\/paseoraval\/olympus-digital-camera\/\" data-orig-file=\"https:\/\/i0.wp.com\/paseo-barcelona.de\/barcelona\/wp-content\/uploads\/2013\/05\/P1010061.jpg?fit=1984%2C1488\" data-orig-size=\"1984,1488\" data-comments-opened=\"0\" data-image-meta=\"{&quot;aperture&quot;:&quot;4.5&quot;,&quot;credit&quot;:&quot;&quot;,&quot;camera&quot;:&quot;C720UZ&quot;,&quot;caption&quot;:&quot;&quot;,&quot;created_timestamp&quot;:&quot;-62169984000&quot;,&quot;copyright&quot;:&quot;&quot;,&quot;focal_length&quot;:&quot;6.4&quot;,&quot;iso&quot;:&quot;100&quot;,&quot;shutter_speed&quot;:&quot;0.003125&quot;,&quot;title&quot;:&quot;OLYMPUS DIGITAL CAMERA&quot;}\" data-image-title=\"Sant Pau del Camp\" data-image-description=\"\" data-image-caption=\"&lt;p&gt;Sant Pau del Camp im Raval&lt;\/p&gt;\n\" data-medium-file=\"https:\/\/i0.wp.com\/paseo-barcelona.de\/barcelona\/wp-content\/uploads\/2013\/05\/P1010061.jpg?fit=300%2C225\" data-large-file=\"https:\/\/i0.wp.com\/paseo-barcelona.de\/barcelona\/wp-content\/uploads\/2013\/05\/P1010061.jpg?fit=800%2C600\" tabindex=\"0\" role=\"button\" \/><\/a>\n<h4 class=\"pt-cv-title\"><a href=\"http:\/\/paseo-barcelona.de\/barcelona\/stadtfuhrungen\/paseoraval\/\" class=\"_self\" target=\"_self\" >Paseo Raval<\/a><\/h4>\n<div class=\"pt-cv-content\">Jenseits der Rambla befindet sich die ehemalige Vorstadt - das Raval. Es erstreckt sich auf der rechten Seite ab dem ...<br \/><div class=\"pt-cv-rmwrap\"><a href=\"http:\/\/paseo-barcelona.de\/barcelona\/stadtfuhrungen\/paseoraval\/\" class=\"_self pt-cv-readmore btn btn-success\" target=\"_self\">Weiterlesen \u2026<\/a><\/div><\/div><\/div><\/div>\n<div class=\"col-md-4 col-sm-6 col-xs-12 pt-cv-content-item pt-cv-1-col\" ><div class='pt-cv-ifield'><a href=\"http:\/\/paseo-barcelona.de\/barcelona\/stadtfuhrungen\/paseo-gotico\/\" class=\"_self pt-cv-href-thumbnail pt-cv-thumb-default\" target=\"_self\" ><img loading=\"lazy\" decoding=\"async\" width=\"300\" height=\"200\" src=\"https:\/\/i0.wp.com\/paseo-barcelona.de\/barcelona\/wp-content\/uploads\/2013\/05\/02_1.jpg?fit=300%2C200\" class=\"pt-cv-thumbnail\" alt=\"\" srcset=\"https:\/\/i0.wp.com\/paseo-barcelona.de\/barcelona\/wp-content\/uploads\/2013\/05\/02_1.jpg?w=5184 5184w, https:\/\/i0.wp.com\/paseo-barcelona.de\/barcelona\/wp-content\/uploads\/2013\/05\/02_1.jpg?resize=300%2C200 300w, https:\/\/i0.wp.com\/paseo-barcelona.de\/barcelona\/wp-content\/uploads\/2013\/05\/02_1.jpg?resize=1024%2C682 1024w, https:\/\/i0.wp.com\/paseo-barcelona.de\/barcelona\/wp-content\/uploads\/2013\/05\/02_1.jpg?resize=400%2C266 400w, https:\/\/i0.wp.com\/paseo-barcelona.de\/barcelona\/wp-content\/uploads\/2013\/05\/02_1.jpg?resize=120%2C80 120w, https:\/\/i0.wp.com\/paseo-barcelona.de\/barcelona\/wp-content\/uploads\/2013\/05\/02_1.jpg?w=1600 1600w, https:\/\/i0.wp.com\/paseo-barcelona.de\/barcelona\/wp-content\/uploads\/2013\/05\/02_1.jpg?w=2400 2400w\" sizes=\"(max-width: 300px) 100vw, 300px\" data-attachment-id=\"253\" data-permalink=\"http:\/\/paseo-barcelona.de\/barcelona\/stadtfuhrungen\/paseo-gotico\/02_1\/\" data-orig-file=\"https:\/\/i0.wp.com\/paseo-barcelona.de\/barcelona\/wp-content\/uploads\/2013\/05\/02_1.jpg?fit=5184%2C3456\" data-orig-size=\"5184,3456\" data-comments-opened=\"0\" data-image-meta=\"{&quot;aperture&quot;:&quot;5&quot;,&quot;credit&quot;:&quot;&quot;,&quot;camera&quot;:&quot;Canon EOS 550D&quot;,&quot;caption&quot;:&quot;&quot;,&quot;created_timestamp&quot;:&quot;1306258576&quot;,&quot;copyright&quot;:&quot;&quot;,&quot;focal_length&quot;:&quot;100&quot;,&quot;iso&quot;:&quot;320&quot;,&quot;shutter_speed&quot;:&quot;0.001&quot;,&quot;title&quot;:&quot;&quot;}\" data-image-title=\"Placa reial\" data-image-description=\"\" data-image-caption=\"&lt;p&gt;Placa reial&lt;\/p&gt;\n\" data-medium-file=\"https:\/\/i0.wp.com\/paseo-barcelona.de\/barcelona\/wp-content\/uploads\/2013\/05\/02_1.jpg?fit=300%2C200\" data-large-file=\"https:\/\/i0.wp.com\/paseo-barcelona.de\/barcelona\/wp-content\/uploads\/2013\/05\/02_1.jpg?fit=800%2C533\" tabindex=\"0\" role=\"button\" \/><\/a>\n<h4 class=\"pt-cv-title\"><a href=\"http:\/\/paseo-barcelona.de\/barcelona\/stadtfuhrungen\/paseo-gotico\/\" class=\"_self\" target=\"_self\" >Paseo Gotico<\/a><\/h4>\n<div class=\"pt-cv-content\">Tauchen Sie mit uns ein in das bezaubernde mittelalterliche Altstadtviertel Barri G\u00f2tic und entdecken Sie die reichhaltige Kultur und versteckten ...<br \/><div class=\"pt-cv-rmwrap\"><a href=\"http:\/\/paseo-barcelona.de\/barcelona\/stadtfuhrungen\/paseo-gotico\/\" class=\"_self pt-cv-readmore btn btn-success\" target=\"_self\">Weiterlesen \u2026<\/a><\/div><\/div><\/div><\/div>\n<div class=\"col-md-4 col-sm-6 col-xs-12 pt-cv-content-item pt-cv-1-col\" ><div class='pt-cv-ifield'><a href=\"http:\/\/paseo-barcelona.de\/barcelona\/stadtfuhrungen\/paseo-born\/\" class=\"_self pt-cv-href-thumbnail pt-cv-thumb-default\" target=\"_self\" ><img loading=\"lazy\" decoding=\"async\" width=\"300\" height=\"200\" src=\"https:\/\/i0.wp.com\/paseo-barcelona.de\/barcelona\/wp-content\/uploads\/2013\/05\/paseo_barcelona_born.jpg?fit=300%2C200\" class=\"pt-cv-thumbnail\" alt=\"\" srcset=\"https:\/\/i0.wp.com\/paseo-barcelona.de\/barcelona\/wp-content\/uploads\/2013\/05\/paseo_barcelona_born.jpg?w=900 900w, https:\/\/i0.wp.com\/paseo-barcelona.de\/barcelona\/wp-content\/uploads\/2013\/05\/paseo_barcelona_born.jpg?resize=300%2C200 300w\" sizes=\"(max-width: 300px) 100vw, 300px\" data-attachment-id=\"520\" data-permalink=\"http:\/\/paseo-barcelona.de\/barcelona\/stadtfuhrungen\/paseo-born\/paseo_barcelona_born\/\" data-orig-file=\"https:\/\/i0.wp.com\/paseo-barcelona.de\/barcelona\/wp-content\/uploads\/2013\/05\/paseo_barcelona_born.jpg?fit=900%2C600\" data-orig-size=\"900,600\" data-comments-opened=\"0\" data-image-meta=\"{&quot;aperture&quot;:&quot;0&quot;,&quot;credit&quot;:&quot;&quot;,&quot;camera&quot;:&quot;&quot;,&quot;caption&quot;:&quot;&quot;,&quot;created_timestamp&quot;:&quot;0&quot;,&quot;copyright&quot;:&quot;&quot;,&quot;focal_length&quot;:&quot;0&quot;,&quot;iso&quot;:&quot;0&quot;,&quot;shutter_speed&quot;:&quot;0&quot;,&quot;title&quot;:&quot;&quot;}\" data-image-title=\"paseo_barcelona_born\" data-image-description=\"\" data-image-caption=\"&lt;p&gt;Placa del Born&lt;\/p&gt;\n\" data-medium-file=\"https:\/\/i0.wp.com\/paseo-barcelona.de\/barcelona\/wp-content\/uploads\/2013\/05\/paseo_barcelona_born.jpg?fit=300%2C200\" data-large-file=\"https:\/\/i0.wp.com\/paseo-barcelona.de\/barcelona\/wp-content\/uploads\/2013\/05\/paseo_barcelona_born.jpg?fit=800%2C533\" tabindex=\"0\" role=\"button\" \/><\/a>\n<h4 class=\"pt-cv-title\"><a href=\"http:\/\/paseo-barcelona.de\/barcelona\/stadtfuhrungen\/paseo-born\/\" class=\"_self\" target=\"_self\" >Paseo Born<\/a><\/h4>\n<div class=\"pt-cv-content\">im Reich der Sinne Gehen Sie mit uns auf eine Reise durch die Epochen und erleben Sie das Born \u2013 ...<br \/><div class=\"pt-cv-rmwrap\"><a href=\"http:\/\/paseo-barcelona.de\/barcelona\/stadtfuhrungen\/paseo-born\/\" class=\"_self pt-cv-readmore btn btn-success\" target=\"_self\">Weiterlesen \u2026<\/a><\/div><\/div><\/div><\/div><\/div><\/div><\/div>\n","protected":false},"excerpt":{"rendered":"<p>Paseo ist das spanische Wort f\u00fcr Spaziergang, und genau das sollen unsere Stadtf\u00fchrungen sein, kurzweilige lockere Spazierg\u00e4nge durch die Ciutat Vella, die Altstadt von Barcelona. Der Paseo Gotico entf\u00fchrt Sie &#8230;<\/p>\n","protected":false},"author":1,"featured_media":0,"parent":0,"menu_order":0,"comment_status":"closed","ping_status":"closed","template":"","meta":{"jetpack_post_was_ever_published":false,"footnotes":""},"class_list":["post-10","page","type-page","status-publish","hentry"],"yoast_head":"<!-- This site is optimized with the Yoast SEO plugin v23.2 - https:\/\/yoast.com\/wordpress\/plugins\/seo\/ -->\n<title>Stadtf\u00fchrungen in Barcelona - Paseo Barcelona<\/title>\n<meta name=\"description\" content=\"Deutsche Stadtf\u00fchrungen in Barcelona mit Paseo Barcelona. Informationen \u00fcber Barcelona, Reisef\u00fchrer, Barcelona Card, Tickets buchen.\" \/>\n<meta name=\"robots\" content=\"index, follow, max-snippet:-1, max-image-preview:large, max-video-preview:-1\" \/>\n<link rel=\"canonical\" href=\"https:\/\/paseo-barcelona.de\/barcelona\/stadtfuhrungen\/\" \/>\n<meta property=\"og:locale\" content=\"de_DE\" \/>\n<meta property=\"og:type\" content=\"article\" \/>\n<meta property=\"og:title\" content=\"Stadtf\u00fchrungen in Barcelona - Paseo Barcelona\" \/>\n<meta property=\"og:description\" content=\"Deutsche Stadtf\u00fchrungen in Barcelona mit Paseo Barcelona. Informationen \u00fcber Barcelona, Reisef\u00fchrer, Barcelona Card, Tickets buchen.\" \/>\n<meta property=\"og:url\" content=\"https:\/\/paseo-barcelona.de\/barcelona\/stadtfuhrungen\/\" \/>\n<meta property=\"og:site_name\" content=\"Paseo Barcelona\" \/>\n<meta property=\"article:modified_time\" content=\"2017-04-21T18:27:15+00:00\" \/>\n<meta property=\"og:image\" content=\"https:\/\/i0.wp.com\/paseo-barcelona.de\/barcelona\/wp-content\/uploads\/2013\/06\/logo_social.jpg?fit=393%2C143\" \/>\n\t<meta property=\"og:image:width\" content=\"393\" \/>\n\t<meta property=\"og:image:height\" content=\"143\" \/>\n\t<meta property=\"og:image:type\" content=\"image\/jpeg\" \/>\n<meta name=\"twitter:label1\" content=\"Gesch\u00e4tzte Lesezeit\" \/>\n\t<meta name=\"twitter:data1\" content=\"1\u00a0Minute\" \/>\n<script type=\"application\/ld+json\" class=\"yoast-schema-graph\">{\"@context\":\"https:\/\/schema.org\",\"@graph\":[{\"@type\":\"WebPage\",\"@id\":\"https:\/\/paseo-barcelona.de\/barcelona\/stadtfuhrungen\/\",\"url\":\"https:\/\/paseo-barcelona.de\/barcelona\/stadtfuhrungen\/\",\"name\":\"Stadtf\u00fchrungen in Barcelona - Paseo Barcelona\",\"isPartOf\":{\"@id\":\"http:\/\/paseo-barcelona.de\/barcelona\/#website\"},\"datePublished\":\"2013-05-16T11:14:35+00:00\",\"dateModified\":\"2017-04-21T18:27:15+00:00\",\"description\":\"Deutsche Stadtf\u00fchrungen in Barcelona mit Paseo Barcelona. Informationen \u00fcber Barcelona, Reisef\u00fchrer, Barcelona Card, Tickets buchen.\",\"breadcrumb\":{\"@id\":\"https:\/\/paseo-barcelona.de\/barcelona\/stadtfuhrungen\/#breadcrumb\"},\"inLanguage\":\"de\",\"potentialAction\":[{\"@type\":\"ReadAction\",\"target\":[\"https:\/\/paseo-barcelona.de\/barcelona\/stadtfuhrungen\/\"]}]},{\"@type\":\"BreadcrumbList\",\"@id\":\"https:\/\/paseo-barcelona.de\/barcelona\/stadtfuhrungen\/#breadcrumb\",\"itemListElement\":[{\"@type\":\"ListItem\",\"position\":1,\"name\":\"Home\",\"item\":\"http:\/\/paseo-barcelona.de\/barcelona\/\"},{\"@type\":\"ListItem\",\"position\":2,\"name\":\"Unsere Stadtf\u00fchrungen\"}]},{\"@type\":\"WebSite\",\"@id\":\"http:\/\/paseo-barcelona.de\/barcelona\/#website\",\"url\":\"http:\/\/paseo-barcelona.de\/barcelona\/\",\"name\":\"Paseo Barcelona\",\"description\":\"Stadtf\u00fchrungen in Barcelona\",\"potentialAction\":[{\"@type\":\"SearchAction\",\"target\":{\"@type\":\"EntryPoint\",\"urlTemplate\":\"http:\/\/paseo-barcelona.de\/barcelona\/?s={search_term_string}\"},\"query-input\":\"required name=search_term_string\"}],\"inLanguage\":\"de\"}]}<\/script>\n<!-- \/ Yoast SEO plugin. -->","yoast_head_json":{"title":"Stadtf\u00fchrungen in Barcelona - Paseo Barcelona","description":"Deutsche Stadtf\u00fchrungen in Barcelona mit Paseo Barcelona. Informationen \u00fcber Barcelona, Reisef\u00fchrer, Barcelona Card, Tickets buchen.","robots":{"index":"index","follow":"follow","max-snippet":"max-snippet:-1","max-image-preview":"max-image-preview:large","max-video-preview":"max-video-preview:-1"},"canonical":"https:\/\/paseo-barcelona.de\/barcelona\/stadtfuhrungen\/","og_locale":"de_DE","og_type":"article","og_title":"Stadtf\u00fchrungen in Barcelona - Paseo Barcelona","og_description":"Deutsche Stadtf\u00fchrungen in Barcelona mit Paseo Barcelona. Informationen \u00fcber Barcelona, Reisef\u00fchrer, Barcelona Card, Tickets buchen.","og_url":"https:\/\/paseo-barcelona.de\/barcelona\/stadtfuhrungen\/","og_site_name":"Paseo Barcelona","article_modified_time":"2017-04-21T18:27:15+00:00","og_image":[{"width":393,"height":143,"url":"https:\/\/i0.wp.com\/paseo-barcelona.de\/barcelona\/wp-content\/uploads\/2013\/06\/logo_social.jpg?fit=393%2C143","type":"image\/jpeg"}],"twitter_misc":{"Gesch\u00e4tzte Lesezeit":"1\u00a0Minute"},"schema":{"@context":"https:\/\/schema.org","@graph":[{"@type":"WebPage","@id":"https:\/\/paseo-barcelona.de\/barcelona\/stadtfuhrungen\/","url":"https:\/\/paseo-barcelona.de\/barcelona\/stadtfuhrungen\/","name":"Stadtf\u00fchrungen in Barcelona - Paseo Barcelona","isPartOf":{"@id":"http:\/\/paseo-barcelona.de\/barcelona\/#website"},"datePublished":"2013-05-16T11:14:35+00:00","dateModified":"2017-04-21T18:27:15+00:00","description":"Deutsche Stadtf\u00fchrungen in Barcelona mit Paseo Barcelona. Informationen \u00fcber Barcelona, Reisef\u00fchrer, Barcelona Card, Tickets buchen.","breadcrumb":{"@id":"https:\/\/paseo-barcelona.de\/barcelona\/stadtfuhrungen\/#breadcrumb"},"inLanguage":"de","potentialAction":[{"@type":"ReadAction","target":["https:\/\/paseo-barcelona.de\/barcelona\/stadtfuhrungen\/"]}]},{"@type":"BreadcrumbList","@id":"https:\/\/paseo-barcelona.de\/barcelona\/stadtfuhrungen\/#breadcrumb","itemListElement":[{"@type":"ListItem","position":1,"name":"Home","item":"http:\/\/paseo-barcelona.de\/barcelona\/"},{"@type":"ListItem","position":2,"name":"Unsere Stadtf\u00fchrungen"}]},{"@type":"WebSite","@id":"http:\/\/paseo-barcelona.de\/barcelona\/#website","url":"http:\/\/paseo-barcelona.de\/barcelona\/","name":"Paseo Barcelona","description":"Stadtf\u00fchrungen in Barcelona","potentialAction":[{"@type":"SearchAction","target":{"@type":"EntryPoint","urlTemplate":"http:\/\/paseo-barcelona.de\/barcelona\/?s={search_term_string}"},"query-input":"required name=search_term_string"}],"inLanguage":"de"}]}},"jetpack_sharing_enabled":true,"jetpack_shortlink":"https:\/\/wp.me\/P3DtfU-a","jetpack-related-posts":[],"_links":{"self":[{"href":"http:\/\/paseo-barcelona.de\/barcelona\/wp-json\/wp\/v2\/pages\/10"}],"collection":[{"href":"http:\/\/paseo-barcelona.de\/barcelona\/wp-json\/wp\/v2\/pages"}],"about":[{"href":"http:\/\/paseo-barcelona.de\/barcelona\/wp-json\/wp\/v2\/types\/page"}],"author":[{"embeddable":true,"href":"http:\/\/paseo-barcelona.de\/barcelona\/wp-json\/wp\/v2\/users\/1"}],"replies":[{"embeddable":true,"href":"http:\/\/paseo-barcelona.de\/barcelona\/wp-json\/wp\/v2\/comments?post=10"}],"version-history":[{"count":48,"href":"http:\/\/paseo-barcelona.de\/barcelona\/wp-json\/wp\/v2\/pages\/10\/revisions"}],"predecessor-version":[{"id":745,"href":"http:\/\/paseo-barcelona.de\/barcelona\/wp-json\/wp\/v2\/pages\/10\/revisions\/745"}],"wp:attachment":[{"href":"http:\/\/paseo-barcelona.de\/barcelona\/wp-json\/wp\/v2\/media?parent=10"}],"curies":[{"name":"wp","href":"https:\/\/api.w.org\/{rel}","templated":true}]}}