{"id":12,"date":"2013-05-16T13:14:20","date_gmt":"2013-05-16T11:14:20","guid":{"rendered":"http:\/\/paseo-barcelona.de\/barcelona\/?page_id=12"},"modified":"2017-04-21T20:00:49","modified_gmt":"2017-04-21T18:00:49","slug":"ausfluge","status":"publish","type":"page","link":"http:\/\/paseo-barcelona.de\/barcelona\/ausfluge\/","title":{"rendered":"Ausfl\u00fcge in Katalonien"},"content":{"rendered":"<p>Auch bei einem kurzen Aufenthalt in Barcelona bieten sich die zahlreichen Ausfl\u00fcge in die Region an. Durch die Vielfalt der Katalanischen Landschaft ist hier f\u00fcr alle Geschm\u00e4cker etwas geboten. Sind Sie ein Kunstliebhaber, ein Weinliebhaber oder eher ein sportlicher Typ, sie haben die Wahl mit unserem umfangreichen Programm in das Umland Barcelonas.<\/p>\n<figure id=\"attachment_313\" aria-describedby=\"caption-attachment-313\" style=\"width: 300px\" class=\"wp-caption alignleft\"><img loading=\"lazy\" decoding=\"async\" data-attachment-id=\"313\" data-permalink=\"http:\/\/paseo-barcelona.de\/barcelona\/ausfluge\/montserrat\/\" data-orig-file=\"https:\/\/i0.wp.com\/paseo-barcelona.de\/barcelona\/wp-content\/uploads\/2013\/05\/Montserrat.jpg?fit=800%2C600\" data-orig-size=\"800,600\" data-comments-opened=\"0\" data-image-meta=\"{&quot;aperture&quot;:&quot;0&quot;,&quot;credit&quot;:&quot;&quot;,&quot;camera&quot;:&quot;&quot;,&quot;caption&quot;:&quot;&quot;,&quot;created_timestamp&quot;:&quot;0&quot;,&quot;copyright&quot;:&quot;&quot;,&quot;focal_length&quot;:&quot;0&quot;,&quot;iso&quot;:&quot;0&quot;,&quot;shutter_speed&quot;:&quot;0&quot;,&quot;title&quot;:&quot;&quot;}\" data-image-title=\"Montserrat\" data-image-description=\"\" data-image-caption=\"\" data-medium-file=\"https:\/\/i0.wp.com\/paseo-barcelona.de\/barcelona\/wp-content\/uploads\/2013\/05\/Montserrat.jpg?fit=300%2C225\" data-large-file=\"https:\/\/i0.wp.com\/paseo-barcelona.de\/barcelona\/wp-content\/uploads\/2013\/05\/Montserrat.jpg?fit=800%2C600\" tabindex=\"0\" role=\"button\" class=\"size-medium wp-image-313 \" title=\"Kloster Montserrat\" src=\"https:\/\/i0.wp.com\/paseo-barcelona.de\/barcelona\/wp-content\/uploads\/2013\/05\/Montserrat.jpg?resize=300%2C225\" alt=\"Montserrat\" width=\"300\" height=\"225\" srcset=\"https:\/\/i0.wp.com\/paseo-barcelona.de\/barcelona\/wp-content\/uploads\/2013\/05\/Montserrat.jpg?resize=300%2C225 300w, https:\/\/i0.wp.com\/paseo-barcelona.de\/barcelona\/wp-content\/uploads\/2013\/05\/Montserrat.jpg?resize=400%2C300 400w, https:\/\/i0.wp.com\/paseo-barcelona.de\/barcelona\/wp-content\/uploads\/2013\/05\/Montserrat.jpg?resize=160%2C120 160w, https:\/\/i0.wp.com\/paseo-barcelona.de\/barcelona\/wp-content\/uploads\/2013\/05\/Montserrat.jpg?w=800 800w\" sizes=\"(max-width: 300px) 100vw, 300px\" data-recalc-dims=\"1\" \/><figcaption id=\"caption-attachment-313\" class=\"wp-caption-text\">Kloster Montserrat<\/figcaption><\/figure>\n<p>Ein Ausflug nicht nur f\u00fcr Wallfahrer, sondern auch f\u00fcr Naturliebhaber und Kulturinteressierte. Erleben Sie Kataloniens beliebtestes Wallfahrtsziel, das Felsenkloster Montserrat, das sich sogar in ganz Spanien gleich hinter Santiago de Compostela behaupten kann.<\/p>\n<p>Schon knappe 40 Km nordwestlich von Barcelona bietet Ihnen der Ausblick auf die kl\u00fcftige Felsenlandschaft einzigartige Eindr\u00fccke, und die die wunderbare Geschichte der \u201e<strong>schwarzen Madonna<\/strong>\u201c vom heiligen Berg Montserrat zur Entstehung des dortigen Klosters bescheren Ihnen einen eindrucksvollen Ausflugstag.<\/p>\n<p>Gerne begleitet Sie eine unserer F\u00fchrerinnen und zeigt Ihnen vor Ort die angenehmen Wanderm\u00f6glichkeiten.<\/p>\n<p>Ein spezieller Ausflug f\u00fcr Wein- und Sektliebhaber f\u00fchrt in das katalanische Hinterland in das Weingebiet Penedes.<\/p>\n<p>Eine halbe Zugstunde von Barcelona entfernt liegt Sant Sadurni d&#8217;Anoia, die Hauptstadt des Cava. Der Cava ist die spanische Variante des Champagners und wird nach dem gleichen Verfahren hergestellt. 12 km weiter liegt Vilafranca de Penedes, das Zentrum des Weinhandels dieser Region.<\/p>\n<p>Blicken Sie auf einer spannenden Reise hinter die Geheimnisse des Wein- und Sektanbaus und genie\u00dfen Sie zudem die herrliche Natur Kataloniens.<\/p>\n<p>Gerne k\u00f6nnen Sie auch f\u00fcr Wein- oder Sektproben anfragen, wir buchen f\u00fcr Sie.<\/p>\n<figure id=\"attachment_314\" aria-describedby=\"caption-attachment-314\" style=\"width: 300px\" class=\"wp-caption alignright\"><img loading=\"lazy\" decoding=\"async\" data-attachment-id=\"314\" data-permalink=\"http:\/\/paseo-barcelona.de\/barcelona\/ausfluge\/olympus-digital-camera-2\/\" data-orig-file=\"https:\/\/i0.wp.com\/paseo-barcelona.de\/barcelona\/wp-content\/uploads\/2013\/05\/P1010025.jpg?fit=1984%2C1488\" data-orig-size=\"1984,1488\" data-comments-opened=\"0\" data-image-meta=\"{&quot;aperture&quot;:&quot;4.5&quot;,&quot;credit&quot;:&quot;&quot;,&quot;camera&quot;:&quot;C720UZ&quot;,&quot;caption&quot;:&quot;&quot;,&quot;created_timestamp&quot;:&quot;-62169984000&quot;,&quot;copyright&quot;:&quot;&quot;,&quot;focal_length&quot;:&quot;6.4&quot;,&quot;iso&quot;:&quot;100&quot;,&quot;shutter_speed&quot;:&quot;0.00125&quot;,&quot;title&quot;:&quot;OLYMPUS DIGITAL CAMERA&quot;}\" data-image-title=\"OLYMPUS DIGITAL CAMERA\" data-image-description=\"\" data-image-caption=\"\" data-medium-file=\"https:\/\/i0.wp.com\/paseo-barcelona.de\/barcelona\/wp-content\/uploads\/2013\/05\/P1010025.jpg?fit=300%2C225\" data-large-file=\"https:\/\/i0.wp.com\/paseo-barcelona.de\/barcelona\/wp-content\/uploads\/2013\/05\/P1010025.jpg?fit=800%2C600\" tabindex=\"0\" role=\"button\" class=\"size-medium wp-image-314 \" title=\"Dal\u00ed Museum Figueres\" src=\"https:\/\/i0.wp.com\/paseo-barcelona.de\/barcelona\/wp-content\/uploads\/2013\/05\/P1010025.jpg?resize=300%2C225\" alt=\"OLYMPUS DIGITAL CAMERA\" width=\"300\" height=\"225\" srcset=\"https:\/\/i0.wp.com\/paseo-barcelona.de\/barcelona\/wp-content\/uploads\/2013\/05\/P1010025.jpg?resize=300%2C225 300w, https:\/\/i0.wp.com\/paseo-barcelona.de\/barcelona\/wp-content\/uploads\/2013\/05\/P1010025.jpg?resize=1024%2C768 1024w, https:\/\/i0.wp.com\/paseo-barcelona.de\/barcelona\/wp-content\/uploads\/2013\/05\/P1010025.jpg?resize=400%2C300 400w, https:\/\/i0.wp.com\/paseo-barcelona.de\/barcelona\/wp-content\/uploads\/2013\/05\/P1010025.jpg?resize=160%2C120 160w, https:\/\/i0.wp.com\/paseo-barcelona.de\/barcelona\/wp-content\/uploads\/2013\/05\/P1010025.jpg?w=1984 1984w, https:\/\/i0.wp.com\/paseo-barcelona.de\/barcelona\/wp-content\/uploads\/2013\/05\/P1010025.jpg?w=1600 1600w\" sizes=\"(max-width: 300px) 100vw, 300px\" data-recalc-dims=\"1\" \/><figcaption id=\"caption-attachment-314\" class=\"wp-caption-text\">Dal\u00ed Museum Figueres<\/figcaption><\/figure>\n<p>Figueres bietet Ihnen die M\u00f6glichkeit in die wohl einzigartigen Wohn- und Schaffensr\u00e4ume des gro\u00dfartigen <strong>Salvador Dal\u00ed <\/strong>einzutauchen.<\/p>\n<p>Der unvergessene Exzentriker mit seinem gezwirbelten Schnauzbart und den surrealen Gem\u00e4lden hat in Figueres den Gro\u00dfteil seines Lebenswerkes hinterlassen und schafft es in einer gro\u00dfen Selbstinszenierung den Besucher vom Genie seiner Person zu \u00fcberzeugen.<\/p>\n<p>Mit nur 1,5 Stunden Zugfahrt bereichern Sie ihren Besuch in Katalonien um ein unvergleichliches Erlebnis.<\/p>\n<p>Kontaktieren Sie uns und wir machen Ihnen ein individuelles Angebot f\u00fcr Ihren unvergesslichen Ausflug in die sch\u00f6ne Region Katalonien.<\/p>\n<p><a href=\"http:\/\/paseo-barcelona.de\/barcelona\/uber-uns\/schreiben-sie-uns\/\">Fordern Sie ein Angebot an!<\/a><\/p>\n","protected":false},"excerpt":{"rendered":"<p>Auch bei einem kurzen Aufenthalt in Barcelona bieten sich die zahlreichen Ausfl\u00fcge in die Region an. Durch die Vielfalt der Katalanischen Landschaft ist hier f\u00fcr alle Geschm\u00e4cker etwas geboten. Sind &#8230;<\/p>\n","protected":false},"author":1,"featured_media":0,"parent":0,"menu_order":0,"comment_status":"closed","ping_status":"closed","template":"","meta":{"jetpack_post_was_ever_published":false,"footnotes":""},"class_list":["post-12","page","type-page","status-publish","hentry"],"yoast_head":"<!-- This site is optimized with the Yoast SEO plugin v23.2 - https:\/\/yoast.com\/wordpress\/plugins\/seo\/ -->\n<title>Ausfl\u00fcge in Katalonien - Paseo Barcelona<\/title>\n<meta name=\"description\" content=\"Jetzt buchen: Ausfl\u00fcge in Katalonien mit eigenem Guide. Kloster Montserrat, Weingebiet Penedes, Dal\u00ed Museum Figueres oder individuelle W\u00fcnsche.\" \/>\n<meta name=\"robots\" content=\"index, follow, max-snippet:-1, max-image-preview:large, max-video-preview:-1\" \/>\n<link rel=\"canonical\" href=\"http:\/\/paseo-barcelona.de\/barcelona\/ausfluge\/\" \/>\n<meta property=\"og:locale\" content=\"de_DE\" \/>\n<meta property=\"og:type\" content=\"article\" \/>\n<meta property=\"og:title\" content=\"Ausfl\u00fcge in Katalonien - Paseo Barcelona\" \/>\n<meta property=\"og:description\" content=\"Jetzt buchen: Ausfl\u00fcge in Katalonien mit eigenem Guide. Kloster Montserrat, Weingebiet Penedes, Dal\u00ed Museum Figueres oder individuelle W\u00fcnsche.\" \/>\n<meta property=\"og:url\" content=\"http:\/\/paseo-barcelona.de\/barcelona\/ausfluge\/\" \/>\n<meta property=\"og:site_name\" content=\"Paseo Barcelona\" \/>\n<meta property=\"article:modified_time\" content=\"2017-04-21T18:00:49+00:00\" \/>\n<meta property=\"og:image\" content=\"http:\/\/paseo-barcelona.de\/barcelona\/wp-content\/uploads\/2013\/05\/Montserrat-300x225.jpg\" \/>\n<meta name=\"twitter:label1\" content=\"Gesch\u00e4tzte Lesezeit\" \/>\n\t<meta name=\"twitter:data1\" content=\"2\u00a0Minuten\" \/>\n<script type=\"application\/ld+json\" class=\"yoast-schema-graph\">{\"@context\":\"https:\/\/schema.org\",\"@graph\":[{\"@type\":\"WebPage\",\"@id\":\"http:\/\/paseo-barcelona.de\/barcelona\/ausfluge\/\",\"url\":\"http:\/\/paseo-barcelona.de\/barcelona\/ausfluge\/\",\"name\":\"Ausfl\u00fcge in Katalonien - Paseo Barcelona\",\"isPartOf\":{\"@id\":\"http:\/\/paseo-barcelona.de\/barcelona\/#website\"},\"primaryImageOfPage\":{\"@id\":\"http:\/\/paseo-barcelona.de\/barcelona\/ausfluge\/#primaryimage\"},\"image\":{\"@id\":\"http:\/\/paseo-barcelona.de\/barcelona\/ausfluge\/#primaryimage\"},\"thumbnailUrl\":\"http:\/\/paseo-barcelona.de\/barcelona\/wp-content\/uploads\/2013\/05\/Montserrat-300x225.jpg\",\"datePublished\":\"2013-05-16T11:14:20+00:00\",\"dateModified\":\"2017-04-21T18:00:49+00:00\",\"description\":\"Jetzt buchen: Ausfl\u00fcge in Katalonien mit eigenem Guide. Kloster Montserrat, Weingebiet Penedes, Dal\u00ed Museum Figueres oder individuelle W\u00fcnsche.\",\"breadcrumb\":{\"@id\":\"http:\/\/paseo-barcelona.de\/barcelona\/ausfluge\/#breadcrumb\"},\"inLanguage\":\"de\",\"potentialAction\":[{\"@type\":\"ReadAction\",\"target\":[\"http:\/\/paseo-barcelona.de\/barcelona\/ausfluge\/\"]}]},{\"@type\":\"ImageObject\",\"inLanguage\":\"de\",\"@id\":\"http:\/\/paseo-barcelona.de\/barcelona\/ausfluge\/#primaryimage\",\"url\":\"https:\/\/i0.wp.com\/paseo-barcelona.de\/barcelona\/wp-content\/uploads\/2013\/05\/Montserrat.jpg?fit=800%2C600\",\"contentUrl\":\"https:\/\/i0.wp.com\/paseo-barcelona.de\/barcelona\/wp-content\/uploads\/2013\/05\/Montserrat.jpg?fit=800%2C600\",\"width\":800,\"height\":600},{\"@type\":\"BreadcrumbList\",\"@id\":\"http:\/\/paseo-barcelona.de\/barcelona\/ausfluge\/#breadcrumb\",\"itemListElement\":[{\"@type\":\"ListItem\",\"position\":1,\"name\":\"Home\",\"item\":\"http:\/\/paseo-barcelona.de\/barcelona\/\"},{\"@type\":\"ListItem\",\"position\":2,\"name\":\"Ausfl\u00fcge in Katalonien\"}]},{\"@type\":\"WebSite\",\"@id\":\"http:\/\/paseo-barcelona.de\/barcelona\/#website\",\"url\":\"http:\/\/paseo-barcelona.de\/barcelona\/\",\"name\":\"Paseo Barcelona\",\"description\":\"Stadtf\u00fchrungen in Barcelona\",\"potentialAction\":[{\"@type\":\"SearchAction\",\"target\":{\"@type\":\"EntryPoint\",\"urlTemplate\":\"http:\/\/paseo-barcelona.de\/barcelona\/?s={search_term_string}\"},\"query-input\":\"required name=search_term_string\"}],\"inLanguage\":\"de\"}]}<\/script>\n<!-- \/ Yoast SEO plugin. -->","yoast_head_json":{"title":"Ausfl\u00fcge in Katalonien - Paseo Barcelona","description":"Jetzt buchen: Ausfl\u00fcge in Katalonien mit eigenem Guide. Kloster Montserrat, Weingebiet Penedes, Dal\u00ed Museum Figueres oder individuelle W\u00fcnsche.","robots":{"index":"index","follow":"follow","max-snippet":"max-snippet:-1","max-image-preview":"max-image-preview:large","max-video-preview":"max-video-preview:-1"},"canonical":"http:\/\/paseo-barcelona.de\/barcelona\/ausfluge\/","og_locale":"de_DE","og_type":"article","og_title":"Ausfl\u00fcge in Katalonien - Paseo Barcelona","og_description":"Jetzt buchen: Ausfl\u00fcge in Katalonien mit eigenem Guide. Kloster Montserrat, Weingebiet Penedes, Dal\u00ed Museum Figueres oder individuelle W\u00fcnsche.","og_url":"http:\/\/paseo-barcelona.de\/barcelona\/ausfluge\/","og_site_name":"Paseo Barcelona","article_modified_time":"2017-04-21T18:00:49+00:00","og_image":[{"url":"http:\/\/paseo-barcelona.de\/barcelona\/wp-content\/uploads\/2013\/05\/Montserrat-300x225.jpg"}],"twitter_misc":{"Gesch\u00e4tzte Lesezeit":"2\u00a0Minuten"},"schema":{"@context":"https:\/\/schema.org","@graph":[{"@type":"WebPage","@id":"http:\/\/paseo-barcelona.de\/barcelona\/ausfluge\/","url":"http:\/\/paseo-barcelona.de\/barcelona\/ausfluge\/","name":"Ausfl\u00fcge in Katalonien - Paseo Barcelona","isPartOf":{"@id":"http:\/\/paseo-barcelona.de\/barcelona\/#website"},"primaryImageOfPage":{"@id":"http:\/\/paseo-barcelona.de\/barcelona\/ausfluge\/#primaryimage"},"image":{"@id":"http:\/\/paseo-barcelona.de\/barcelona\/ausfluge\/#primaryimage"},"thumbnailUrl":"http:\/\/paseo-barcelona.de\/barcelona\/wp-content\/uploads\/2013\/05\/Montserrat-300x225.jpg","datePublished":"2013-05-16T11:14:20+00:00","dateModified":"2017-04-21T18:00:49+00:00","description":"Jetzt buchen: Ausfl\u00fcge in Katalonien mit eigenem Guide. Kloster Montserrat, Weingebiet Penedes, Dal\u00ed Museum Figueres oder individuelle W\u00fcnsche.","breadcrumb":{"@id":"http:\/\/paseo-barcelona.de\/barcelona\/ausfluge\/#breadcrumb"},"inLanguage":"de","potentialAction":[{"@type":"ReadAction","target":["http:\/\/paseo-barcelona.de\/barcelona\/ausfluge\/"]}]},{"@type":"ImageObject","inLanguage":"de","@id":"http:\/\/paseo-barcelona.de\/barcelona\/ausfluge\/#primaryimage","url":"https:\/\/i0.wp.com\/paseo-barcelona.de\/barcelona\/wp-content\/uploads\/2013\/05\/Montserrat.jpg?fit=800%2C600","contentUrl":"https:\/\/i0.wp.com\/paseo-barcelona.de\/barcelona\/wp-content\/uploads\/2013\/05\/Montserrat.jpg?fit=800%2C600","width":800,"height":600},{"@type":"BreadcrumbList","@id":"http:\/\/paseo-barcelona.de\/barcelona\/ausfluge\/#breadcrumb","itemListElement":[{"@type":"ListItem","position":1,"name":"Home","item":"http:\/\/paseo-barcelona.de\/barcelona\/"},{"@type":"ListItem","position":2,"name":"Ausfl\u00fcge in Katalonien"}]},{"@type":"WebSite","@id":"http:\/\/paseo-barcelona.de\/barcelona\/#website","url":"http:\/\/paseo-barcelona.de\/barcelona\/","name":"Paseo Barcelona","description":"Stadtf\u00fchrungen in Barcelona","potentialAction":[{"@type":"SearchAction","target":{"@type":"EntryPoint","urlTemplate":"http:\/\/paseo-barcelona.de\/barcelona\/?s={search_term_string}"},"query-input":"required name=search_term_string"}],"inLanguage":"de"}]}},"jetpack_sharing_enabled":true,"jetpack_shortlink":"https:\/\/wp.me\/P3DtfU-c","jetpack-related-posts":[],"_links":{"self":[{"href":"http:\/\/paseo-barcelona.de\/barcelona\/wp-json\/wp\/v2\/pages\/12"}],"collection":[{"href":"http:\/\/paseo-barcelona.de\/barcelona\/wp-json\/wp\/v2\/pages"}],"about":[{"href":"http:\/\/paseo-barcelona.de\/barcelona\/wp-json\/wp\/v2\/types\/page"}],"author":[{"embeddable":true,"href":"http:\/\/paseo-barcelona.de\/barcelona\/wp-json\/wp\/v2\/users\/1"}],"replies":[{"embeddable":true,"href":"http:\/\/paseo-barcelona.de\/barcelona\/wp-json\/wp\/v2\/comments?post=12"}],"version-history":[{"count":47,"href":"http:\/\/paseo-barcelona.de\/barcelona\/wp-json\/wp\/v2\/pages\/12\/revisions"}],"predecessor-version":[{"id":743,"href":"http:\/\/paseo-barcelona.de\/barcelona\/wp-json\/wp\/v2\/pages\/12\/revisions\/743"}],"wp:attachment":[{"href":"http:\/\/paseo-barcelona.de\/barcelona\/wp-json\/wp\/v2\/media?parent=12"}],"curies":[{"name":"wp","href":"https:\/\/api.w.org\/{rel}","templated":true}]}}