{"id":2,"date":"2013-04-26T05:40:35","date_gmt":"2013-04-26T05:40:35","guid":{"rendered":"http:\/\/paseo-barcelona.de\/barcelona\/?page_id=2"},"modified":"2017-04-21T19:29:58","modified_gmt":"2017-04-21T17:29:58","slug":"home","status":"publish","type":"page","link":"http:\/\/paseo-barcelona.de\/barcelona\/","title":{"rendered":"Stadtf\u00fchrungen und Touren in Barcelona"},"content":{"rendered":"<p>Paseo Barcelona ist ihr Spezialist f\u00fcr Stadtf\u00fchrungen, Aktivit\u00e4ten und Touren in und um Barcelona. Wir organisieren den kulturellen Teil Ihres Barcelona Aufenthalts, egal ob Single, Familie, Gruppe oder Unternehmen. F\u00fcr jeden Geschmack haben wir die passende Tour. Gerne sind wir Ihnen auch bei der Planung Ihrer Aktivit\u00e4ten, sowie der Reservierung und Kontaktaufnahme behilflich.<\/p>\n<p>Entdecken Sie die mittelalterliche Altstadt von Barcelona mit unseren Paseos in den Vierteln <a title=\"Stadtf\u00fchrung im Barri Gotic\" href=\"http:\/\/paseo-barcelona.de\/barcelona\/stadtfuhrungen\/paseo-gotico\/\">Barri G\u00f2tic<\/a>, <a title=\"Stadtf\u00fchrung in El Raval\" href=\"http:\/\/paseo-barcelona.de\/barcelona\/stadtfuhrungen\/paseoraval\/\">El Raval<\/a> und <a title=\"Stadtf\u00fchrung in El Born\" href=\"http:\/\/paseo-barcelona.de\/barcelona\/stadtfuhrungen\/paseo-born\/\">El Born<\/a>. Gourmets k\u00f6nnen die F\u00fchrung im Barri G\u00f2tic auch mit dem Besuch einer Tapas Bar kr\u00f6nen in unserer <a title=\"Kultur und Tapas\" href=\"http:\/\/paseo-barcelona.de\/barcelona\/stadtfuhrungen\/kultur-und-tapas\/\">Kultur &amp; Tapas<\/a> Tour. Gerne beraten wir Sie bei der Kombination von Touren und individuellen W\u00fcnschen.<\/p>\n<figure id=\"attachment_664\" aria-describedby=\"caption-attachment-664\" style=\"width: 490px\" class=\"wp-caption aligncenter\"><a href=\"https:\/\/i0.wp.com\/paseo-barcelona.de\/barcelona\/wp-content\/uploads\/2013\/04\/prosiebenzitate.jpg\" rel=\"lightbox\"><img loading=\"lazy\" decoding=\"async\" data-attachment-id=\"664\" data-permalink=\"http:\/\/paseo-barcelona.de\/barcelona\/home\/prosiebenzitate\/\" data-orig-file=\"https:\/\/i0.wp.com\/paseo-barcelona.de\/barcelona\/wp-content\/uploads\/2013\/04\/prosiebenzitate.jpg?fit=490%2C143\" data-orig-size=\"490,143\" data-comments-opened=\"0\" data-image-meta=\"{&quot;aperture&quot;:&quot;0&quot;,&quot;credit&quot;:&quot;&quot;,&quot;camera&quot;:&quot;&quot;,&quot;caption&quot;:&quot;&quot;,&quot;created_timestamp&quot;:&quot;0&quot;,&quot;copyright&quot;:&quot;&quot;,&quot;focal_length&quot;:&quot;0&quot;,&quot;iso&quot;:&quot;0&quot;,&quot;shutter_speed&quot;:&quot;0&quot;,&quot;title&quot;:&quot;&quot;}\" data-image-title=\"Paseo Barcelona bei Pro7\" data-image-description=\"\" data-image-caption=\"&lt;p&gt;Paseo Barcelona bei Galileo auf Pro7&lt;\/p&gt;\n\" data-medium-file=\"https:\/\/i0.wp.com\/paseo-barcelona.de\/barcelona\/wp-content\/uploads\/2013\/04\/prosiebenzitate.jpg?fit=300%2C87\" data-large-file=\"https:\/\/i0.wp.com\/paseo-barcelona.de\/barcelona\/wp-content\/uploads\/2013\/04\/prosiebenzitate.jpg?fit=490%2C143\" tabindex=\"0\" role=\"button\" class=\"size-full wp-image-664\" src=\"https:\/\/i0.wp.com\/paseo-barcelona.de\/barcelona\/wp-content\/uploads\/2013\/04\/prosiebenzitate.jpg?resize=490%2C143\" alt=\"\" width=\"490\" height=\"143\" srcset=\"https:\/\/i0.wp.com\/paseo-barcelona.de\/barcelona\/wp-content\/uploads\/2013\/04\/prosiebenzitate.jpg?w=490 490w, https:\/\/i0.wp.com\/paseo-barcelona.de\/barcelona\/wp-content\/uploads\/2013\/04\/prosiebenzitate.jpg?resize=300%2C87 300w\" sizes=\"(max-width: 490px) 100vw, 490px\" data-recalc-dims=\"1\" \/><\/a><figcaption id=\"caption-attachment-664\" class=\"wp-caption-text\">Paseo Barcelona bei Galileo auf Pro7<\/figcaption><\/figure>\n","protected":false},"excerpt":{"rendered":"<p>Paseo Barcelona ist ihr Spezialist f\u00fcr Stadtf\u00fchrungen, Aktivit\u00e4ten und Touren in und um Barcelona. Wir organisieren den kulturellen Teil Ihres Barcelona Aufenthalts, egal ob Single, Familie, Gruppe oder Unternehmen. F\u00fcr &#8230;<\/p>\n","protected":false},"author":1,"featured_media":0,"parent":0,"menu_order":0,"comment_status":"closed","ping_status":"closed","template":"template-frontpage.php","meta":{"jetpack_post_was_ever_published":false,"footnotes":""},"class_list":["post-2","page","type-page","status-publish","hentry"],"yoast_head":"<!-- This site is optimized with the Yoast SEO plugin v23.2 - https:\/\/yoast.com\/wordpress\/plugins\/seo\/ -->\n<title>Stadtf\u00fchrungen und Touren in Barcelona - Paseo Barcelona<\/title>\n<meta name=\"description\" content=\"Stadtf\u00fchrungen, Touren und Ausfl\u00fcge in Barcelona direkt buchen. Fachkundige deutschsprachige Guides zeigen Ihnen diese wundersch\u00f6ne Stadt.\" \/>\n<meta name=\"robots\" content=\"index, follow, max-snippet:-1, max-image-preview:large, max-video-preview:-1\" \/>\n<link rel=\"canonical\" href=\"http:\/\/paseo-barcelona.de\/barcelona\/\" \/>\n<meta property=\"og:locale\" content=\"de_DE\" \/>\n<meta property=\"og:type\" content=\"article\" \/>\n<meta property=\"og:title\" content=\"Stadtf\u00fchrungen und Touren in Barcelona - Paseo Barcelona\" \/>\n<meta property=\"og:description\" content=\"Stadtf\u00fchrungen, Touren und Ausfl\u00fcge in Barcelona direkt buchen. Fachkundige deutschsprachige Guides zeigen Ihnen diese wundersch\u00f6ne Stadt.\" \/>\n<meta property=\"og:url\" content=\"http:\/\/paseo-barcelona.de\/barcelona\/\" \/>\n<meta property=\"og:site_name\" content=\"Paseo Barcelona\" \/>\n<meta property=\"article:modified_time\" content=\"2017-04-21T17:29:58+00:00\" \/>\n<meta property=\"og:image\" content=\"http:\/\/paseo-barcelona.de\/barcelona\/wp-content\/uploads\/2013\/04\/prosiebenzitate.jpg\" \/>\n<meta name=\"twitter:label1\" content=\"Gesch\u00e4tzte Lesezeit\" \/>\n\t<meta name=\"twitter:data1\" content=\"1\u00a0Minute\" \/>\n<script type=\"application\/ld+json\" class=\"yoast-schema-graph\">{\"@context\":\"https:\/\/schema.org\",\"@graph\":[{\"@type\":\"WebPage\",\"@id\":\"http:\/\/paseo-barcelona.de\/barcelona\/\",\"url\":\"http:\/\/paseo-barcelona.de\/barcelona\/\",\"name\":\"Stadtf\u00fchrungen und Touren in Barcelona - Paseo Barcelona\",\"isPartOf\":{\"@id\":\"http:\/\/paseo-barcelona.de\/barcelona\/#website\"},\"primaryImageOfPage\":{\"@id\":\"http:\/\/paseo-barcelona.de\/barcelona\/#primaryimage\"},\"image\":{\"@id\":\"http:\/\/paseo-barcelona.de\/barcelona\/#primaryimage\"},\"thumbnailUrl\":\"http:\/\/paseo-barcelona.de\/barcelona\/wp-content\/uploads\/2013\/04\/prosiebenzitate.jpg\",\"datePublished\":\"2013-04-26T05:40:35+00:00\",\"dateModified\":\"2017-04-21T17:29:58+00:00\",\"description\":\"Stadtf\u00fchrungen, Touren und Ausfl\u00fcge in Barcelona direkt buchen. Fachkundige deutschsprachige Guides zeigen Ihnen diese wundersch\u00f6ne Stadt.\",\"breadcrumb\":{\"@id\":\"http:\/\/paseo-barcelona.de\/barcelona\/#breadcrumb\"},\"inLanguage\":\"de\",\"potentialAction\":[{\"@type\":\"ReadAction\",\"target\":[\"http:\/\/paseo-barcelona.de\/barcelona\/\"]}]},{\"@type\":\"ImageObject\",\"inLanguage\":\"de\",\"@id\":\"http:\/\/paseo-barcelona.de\/barcelona\/#primaryimage\",\"url\":\"https:\/\/i0.wp.com\/paseo-barcelona.de\/barcelona\/wp-content\/uploads\/2013\/04\/prosiebenzitate.jpg?fit=490%2C143\",\"contentUrl\":\"https:\/\/i0.wp.com\/paseo-barcelona.de\/barcelona\/wp-content\/uploads\/2013\/04\/prosiebenzitate.jpg?fit=490%2C143\",\"width\":490,\"height\":143,\"caption\":\"Paseo Barcelona bei Galileo auf Pro7\"},{\"@type\":\"BreadcrumbList\",\"@id\":\"http:\/\/paseo-barcelona.de\/barcelona\/#breadcrumb\",\"itemListElement\":[{\"@type\":\"ListItem\",\"position\":1,\"name\":\"Home\",\"item\":\"http:\/\/paseo-barcelona.de\/barcelona\/\"},{\"@type\":\"ListItem\",\"position\":2,\"name\":\"Stadtf\u00fchrungen und Touren in Barcelona\"}]},{\"@type\":\"WebSite\",\"@id\":\"http:\/\/paseo-barcelona.de\/barcelona\/#website\",\"url\":\"http:\/\/paseo-barcelona.de\/barcelona\/\",\"name\":\"Paseo Barcelona\",\"description\":\"Stadtf\u00fchrungen in Barcelona\",\"potentialAction\":[{\"@type\":\"SearchAction\",\"target\":{\"@type\":\"EntryPoint\",\"urlTemplate\":\"http:\/\/paseo-barcelona.de\/barcelona\/?s={search_term_string}\"},\"query-input\":\"required name=search_term_string\"}],\"inLanguage\":\"de\"}]}<\/script>\n<!-- \/ Yoast SEO plugin. -->","yoast_head_json":{"title":"Stadtf\u00fchrungen und Touren in Barcelona - Paseo Barcelona","description":"Stadtf\u00fchrungen, Touren und Ausfl\u00fcge in Barcelona direkt buchen. Fachkundige deutschsprachige Guides zeigen Ihnen diese wundersch\u00f6ne Stadt.","robots":{"index":"index","follow":"follow","max-snippet":"max-snippet:-1","max-image-preview":"max-image-preview:large","max-video-preview":"max-video-preview:-1"},"canonical":"http:\/\/paseo-barcelona.de\/barcelona\/","og_locale":"de_DE","og_type":"article","og_title":"Stadtf\u00fchrungen und Touren in Barcelona - Paseo Barcelona","og_description":"Stadtf\u00fchrungen, Touren und Ausfl\u00fcge in Barcelona direkt buchen. Fachkundige deutschsprachige Guides zeigen Ihnen diese wundersch\u00f6ne Stadt.","og_url":"http:\/\/paseo-barcelona.de\/barcelona\/","og_site_name":"Paseo Barcelona","article_modified_time":"2017-04-21T17:29:58+00:00","og_image":[{"url":"http:\/\/paseo-barcelona.de\/barcelona\/wp-content\/uploads\/2013\/04\/prosiebenzitate.jpg"}],"twitter_misc":{"Gesch\u00e4tzte Lesezeit":"1\u00a0Minute"},"schema":{"@context":"https:\/\/schema.org","@graph":[{"@type":"WebPage","@id":"http:\/\/paseo-barcelona.de\/barcelona\/","url":"http:\/\/paseo-barcelona.de\/barcelona\/","name":"Stadtf\u00fchrungen und Touren in Barcelona - Paseo Barcelona","isPartOf":{"@id":"http:\/\/paseo-barcelona.de\/barcelona\/#website"},"primaryImageOfPage":{"@id":"http:\/\/paseo-barcelona.de\/barcelona\/#primaryimage"},"image":{"@id":"http:\/\/paseo-barcelona.de\/barcelona\/#primaryimage"},"thumbnailUrl":"http:\/\/paseo-barcelona.de\/barcelona\/wp-content\/uploads\/2013\/04\/prosiebenzitate.jpg","datePublished":"2013-04-26T05:40:35+00:00","dateModified":"2017-04-21T17:29:58+00:00","description":"Stadtf\u00fchrungen, Touren und Ausfl\u00fcge in Barcelona direkt buchen. Fachkundige deutschsprachige Guides zeigen Ihnen diese wundersch\u00f6ne Stadt.","breadcrumb":{"@id":"http:\/\/paseo-barcelona.de\/barcelona\/#breadcrumb"},"inLanguage":"de","potentialAction":[{"@type":"ReadAction","target":["http:\/\/paseo-barcelona.de\/barcelona\/"]}]},{"@type":"ImageObject","inLanguage":"de","@id":"http:\/\/paseo-barcelona.de\/barcelona\/#primaryimage","url":"https:\/\/i0.wp.com\/paseo-barcelona.de\/barcelona\/wp-content\/uploads\/2013\/04\/prosiebenzitate.jpg?fit=490%2C143","contentUrl":"https:\/\/i0.wp.com\/paseo-barcelona.de\/barcelona\/wp-content\/uploads\/2013\/04\/prosiebenzitate.jpg?fit=490%2C143","width":490,"height":143,"caption":"Paseo Barcelona bei Galileo auf Pro7"},{"@type":"BreadcrumbList","@id":"http:\/\/paseo-barcelona.de\/barcelona\/#breadcrumb","itemListElement":[{"@type":"ListItem","position":1,"name":"Home","item":"http:\/\/paseo-barcelona.de\/barcelona\/"},{"@type":"ListItem","position":2,"name":"Stadtf\u00fchrungen und Touren in Barcelona"}]},{"@type":"WebSite","@id":"http:\/\/paseo-barcelona.de\/barcelona\/#website","url":"http:\/\/paseo-barcelona.de\/barcelona\/","name":"Paseo Barcelona","description":"Stadtf\u00fchrungen in Barcelona","potentialAction":[{"@type":"SearchAction","target":{"@type":"EntryPoint","urlTemplate":"http:\/\/paseo-barcelona.de\/barcelona\/?s={search_term_string}"},"query-input":"required name=search_term_string"}],"inLanguage":"de"}]}},"jetpack_sharing_enabled":true,"jetpack_shortlink":"https:\/\/wp.me\/P3DtfU-2","jetpack-related-posts":[],"_links":{"self":[{"href":"http:\/\/paseo-barcelona.de\/barcelona\/wp-json\/wp\/v2\/pages\/2"}],"collection":[{"href":"http:\/\/paseo-barcelona.de\/barcelona\/wp-json\/wp\/v2\/pages"}],"about":[{"href":"http:\/\/paseo-barcelona.de\/barcelona\/wp-json\/wp\/v2\/types\/page"}],"author":[{"embeddable":true,"href":"http:\/\/paseo-barcelona.de\/barcelona\/wp-json\/wp\/v2\/users\/1"}],"replies":[{"embeddable":true,"href":"http:\/\/paseo-barcelona.de\/barcelona\/wp-json\/wp\/v2\/comments?post=2"}],"version-history":[{"count":38,"href":"http:\/\/paseo-barcelona.de\/barcelona\/wp-json\/wp\/v2\/pages\/2\/revisions"}],"predecessor-version":[{"id":800,"href":"http:\/\/paseo-barcelona.de\/barcelona\/wp-json\/wp\/v2\/pages\/2\/revisions\/800"}],"wp:attachment":[{"href":"http:\/\/paseo-barcelona.de\/barcelona\/wp-json\/wp\/v2\/media?parent=2"}],"curies":[{"name":"wp","href":"https:\/\/api.w.org\/{rel}","templated":true}]}}