{"id":21,"date":"2013-05-16T14:02:05","date_gmt":"2013-05-16T12:02:05","guid":{"rendered":"http:\/\/paseo-barcelona.de\/barcelona\/?page_id=21"},"modified":"2017-04-21T19:55:46","modified_gmt":"2017-04-21T17:55:46","slug":"paseo-gotico","status":"publish","type":"page","link":"http:\/\/paseo-barcelona.de\/barcelona\/stadtfuhrungen\/paseo-gotico\/","title":{"rendered":"Paseo Gotico"},"content":{"rendered":"<p>Tauchen Sie mit uns ein in das bezaubernde mittelalterliche Altstadtviertel Barri G\u00f2tic und entdecken Sie die reichhaltige Kultur und versteckten Sch\u00e4tze der Altstadt von Barcelona.\u00a0W\u00e4hrend der <strong>privaten Tour<\/strong> in pers\u00f6nlicher Atmosph\u00e4re erkunden Sie das enge Gassengewirr des mittelalterlichen Viertels, sehen gro\u00dfe Pl\u00e4tze und historische Geb\u00e4ude.<\/p>\n<p>Sie erleben die Weltoffenheit der katalanischen Metropole und gewinnen einen Einblick in das allt\u00e4gliche Leben der Barcelonesen.<\/p>\n<h3>Highlights<\/h3>\n<figure id=\"attachment_489\" aria-describedby=\"caption-attachment-489\" style=\"width: 300px\" class=\"wp-caption alignright\"><a href=\"https:\/\/i0.wp.com\/paseo-barcelona.de\/barcelona\/wp-content\/uploads\/2013\/06\/gotico_guide_gruppe.jpg\"><img loading=\"lazy\" decoding=\"async\" data-attachment-id=\"489\" data-permalink=\"http:\/\/paseo-barcelona.de\/barcelona\/stadtfuhrungen\/paseo-gotico\/gotico_guide_gruppe\/\" data-orig-file=\"https:\/\/i0.wp.com\/paseo-barcelona.de\/barcelona\/wp-content\/uploads\/2013\/06\/gotico_guide_gruppe.jpg?fit=1024%2C683\" data-orig-size=\"1024,683\" data-comments-opened=\"0\" data-image-meta=\"{&quot;aperture&quot;:&quot;0&quot;,&quot;credit&quot;:&quot;&quot;,&quot;camera&quot;:&quot;&quot;,&quot;caption&quot;:&quot;&quot;,&quot;created_timestamp&quot;:&quot;0&quot;,&quot;copyright&quot;:&quot;&quot;,&quot;focal_length&quot;:&quot;0&quot;,&quot;iso&quot;:&quot;0&quot;,&quot;shutter_speed&quot;:&quot;0&quot;,&quot;title&quot;:&quot;&quot;}\" data-image-title=\"Gotico tour\" data-image-description=\"&lt;p&gt;Stadtf\u00fchrer auf dem Placa Reial&lt;\/p&gt;\n\" data-image-caption=\"&lt;p&gt;Stadtf\u00fchrer auf dem Placa Reial&lt;\/p&gt;\n\" data-medium-file=\"https:\/\/i0.wp.com\/paseo-barcelona.de\/barcelona\/wp-content\/uploads\/2013\/06\/gotico_guide_gruppe.jpg?fit=300%2C200\" data-large-file=\"https:\/\/i0.wp.com\/paseo-barcelona.de\/barcelona\/wp-content\/uploads\/2013\/06\/gotico_guide_gruppe.jpg?fit=800%2C534\" tabindex=\"0\" role=\"button\" class=\"size-medium wp-image-489\" src=\"https:\/\/i0.wp.com\/paseo-barcelona.de\/barcelona\/wp-content\/uploads\/2013\/06\/gotico_guide_gruppe.jpg?resize=300%2C200\" alt=\"Stadtf\u00fchrer auf dem Placa Reial\" width=\"300\" height=\"200\" srcset=\"https:\/\/i0.wp.com\/paseo-barcelona.de\/barcelona\/wp-content\/uploads\/2013\/06\/gotico_guide_gruppe.jpg?resize=300%2C200 300w, https:\/\/i0.wp.com\/paseo-barcelona.de\/barcelona\/wp-content\/uploads\/2013\/06\/gotico_guide_gruppe.jpg?w=1024 1024w\" sizes=\"(max-width: 300px) 100vw, 300px\" data-recalc-dims=\"1\" \/><\/a><figcaption id=\"caption-attachment-489\" class=\"wp-caption-text\">Stadtf\u00fchrer auf dem Placa Reial<\/figcaption><\/figure>\n<ul>\n<li>Spaziergang mit eigenem Guide durch die 2000 Jahre alten Gassen des Barri G\u00f2tic<\/li>\n<li>Spannende und informative Geschichten und Anekdoten<\/li>\n<li>Die Kathedrale mit gotischem Kreuzgang und G\u00e4nsen!<\/li>\n<li>Das j\u00fcdische Viertel <em>El Call<\/em><\/li>\n<li>Santa Maria del Pi<\/li>\n<\/ul>\n<div><\/div>\n<div><em>Preis: <\/em><strong>60,- Euro f\u00fcr 2 Personen <\/strong>(jeder weitere Teilnehmer 20,- Euro)<\/div>\n<div><em>Dauer<\/em>: 1,5 &#8211; 2 Stunden<\/div>\n<div><em>Sprache<\/em>: Deutsch<\/div>\n<p><em>Treffpunkt<\/em>: Brunnen am Placa Reial<br \/>\n<em>Startzeit:<\/em> frei w\u00e4hlbar<\/p>\n<h2><\/h2>\n<h2>Impressionen des Barri G\u00f2tic<\/h2>\n<figure id=\"attachment_191\" aria-describedby=\"caption-attachment-191\" style=\"width: 800px\" class=\"wp-caption aligncenter\"><a href=\"https:\/\/i0.wp.com\/paseo-barcelona.de\/barcelona\/wp-content\/uploads\/2013\/05\/DSCF2307.jpg\" rel=\"lightbox\"><img loading=\"lazy\" decoding=\"async\" data-attachment-id=\"191\" data-permalink=\"http:\/\/paseo-barcelona.de\/barcelona\/stadtfuhrungen\/dscf2307\/\" data-orig-file=\"https:\/\/i0.wp.com\/paseo-barcelona.de\/barcelona\/wp-content\/uploads\/2013\/05\/DSCF2307.jpg?fit=800%2C600\" data-orig-size=\"800,600\" data-comments-opened=\"0\" data-image-meta=\"{&quot;aperture&quot;:&quot;0&quot;,&quot;credit&quot;:&quot;&quot;,&quot;camera&quot;:&quot;&quot;,&quot;caption&quot;:&quot;&quot;,&quot;created_timestamp&quot;:&quot;0&quot;,&quot;copyright&quot;:&quot;&quot;,&quot;focal_length&quot;:&quot;0&quot;,&quot;iso&quot;:&quot;0&quot;,&quot;shutter_speed&quot;:&quot;0&quot;,&quot;title&quot;:&quot;&quot;}\" data-image-title=\"Placa Reial\" data-image-description=\"\" data-image-caption=\"&lt;p&gt;Treffpunkt Placa Reial&lt;\/p&gt;\n\" data-medium-file=\"https:\/\/i0.wp.com\/paseo-barcelona.de\/barcelona\/wp-content\/uploads\/2013\/05\/DSCF2307.jpg?fit=300%2C225\" data-large-file=\"https:\/\/i0.wp.com\/paseo-barcelona.de\/barcelona\/wp-content\/uploads\/2013\/05\/DSCF2307.jpg?fit=800%2C600\" tabindex=\"0\" role=\"button\" class=\"size-full wp-image-191\" src=\"https:\/\/i0.wp.com\/paseo-barcelona.de\/barcelona\/wp-content\/uploads\/2013\/05\/DSCF2307.jpg?resize=800%2C600\" alt=\"\" width=\"800\" height=\"600\" srcset=\"https:\/\/i0.wp.com\/paseo-barcelona.de\/barcelona\/wp-content\/uploads\/2013\/05\/DSCF2307.jpg?w=800 800w, https:\/\/i0.wp.com\/paseo-barcelona.de\/barcelona\/wp-content\/uploads\/2013\/05\/DSCF2307.jpg?resize=300%2C225 300w, https:\/\/i0.wp.com\/paseo-barcelona.de\/barcelona\/wp-content\/uploads\/2013\/05\/DSCF2307.jpg?resize=400%2C300 400w, https:\/\/i0.wp.com\/paseo-barcelona.de\/barcelona\/wp-content\/uploads\/2013\/05\/DSCF2307.jpg?resize=160%2C120 160w\" sizes=\"(max-width: 800px) 100vw, 800px\" data-recalc-dims=\"1\" \/><\/a><figcaption id=\"caption-attachment-191\" class=\"wp-caption-text\">Treffpunkt Placa Reial<\/figcaption><\/figure>\n<figure id=\"attachment_257\" aria-describedby=\"caption-attachment-257\" style=\"width: 5184px\" class=\"wp-caption aligncenter\"><a href=\"https:\/\/i0.wp.com\/paseo-barcelona.de\/barcelona\/wp-content\/uploads\/2013\/05\/09_3.jpg\" rel=\"lightbox\"><img loading=\"lazy\" decoding=\"async\" data-attachment-id=\"257\" data-permalink=\"http:\/\/paseo-barcelona.de\/barcelona\/stadtfuhrungen\/paseo-gotico\/09_3\/\" data-orig-file=\"https:\/\/i0.wp.com\/paseo-barcelona.de\/barcelona\/wp-content\/uploads\/2013\/05\/09_3.jpg?fit=5184%2C3456\" data-orig-size=\"5184,3456\" data-comments-opened=\"0\" data-image-meta=\"{&quot;aperture&quot;:&quot;5&quot;,&quot;credit&quot;:&quot;&quot;,&quot;camera&quot;:&quot;Canon EOS 550D&quot;,&quot;caption&quot;:&quot;&quot;,&quot;created_timestamp&quot;:&quot;1306474355&quot;,&quot;copyright&quot;:&quot;&quot;,&quot;focal_length&quot;:&quot;18&quot;,&quot;iso&quot;:&quot;1600&quot;,&quot;shutter_speed&quot;:&quot;0.005&quot;,&quot;title&quot;:&quot;&quot;}\" data-image-title=\"Placa del rei\" data-image-description=\"\" data-image-caption=\"&lt;p&gt;Placa del rei&lt;\/p&gt;\n\" data-medium-file=\"https:\/\/i0.wp.com\/paseo-barcelona.de\/barcelona\/wp-content\/uploads\/2013\/05\/09_3.jpg?fit=300%2C200\" data-large-file=\"https:\/\/i0.wp.com\/paseo-barcelona.de\/barcelona\/wp-content\/uploads\/2013\/05\/09_3.jpg?fit=800%2C533\" tabindex=\"0\" role=\"button\" class=\"size-full wp-image-257\" src=\"https:\/\/i0.wp.com\/paseo-barcelona.de\/barcelona\/wp-content\/uploads\/2013\/05\/09_3.jpg?resize=800%2C533\" alt=\"\" width=\"800\" height=\"533\" srcset=\"https:\/\/i0.wp.com\/paseo-barcelona.de\/barcelona\/wp-content\/uploads\/2013\/05\/09_3.jpg?w=5184 5184w, https:\/\/i0.wp.com\/paseo-barcelona.de\/barcelona\/wp-content\/uploads\/2013\/05\/09_3.jpg?resize=300%2C200 300w, https:\/\/i0.wp.com\/paseo-barcelona.de\/barcelona\/wp-content\/uploads\/2013\/05\/09_3.jpg?resize=1024%2C682 1024w, https:\/\/i0.wp.com\/paseo-barcelona.de\/barcelona\/wp-content\/uploads\/2013\/05\/09_3.jpg?resize=400%2C266 400w, https:\/\/i0.wp.com\/paseo-barcelona.de\/barcelona\/wp-content\/uploads\/2013\/05\/09_3.jpg?resize=120%2C80 120w, https:\/\/i0.wp.com\/paseo-barcelona.de\/barcelona\/wp-content\/uploads\/2013\/05\/09_3.jpg?w=1600 1600w, https:\/\/i0.wp.com\/paseo-barcelona.de\/barcelona\/wp-content\/uploads\/2013\/05\/09_3.jpg?w=2400 2400w\" sizes=\"(max-width: 800px) 100vw, 800px\" data-recalc-dims=\"1\" \/><\/a><figcaption id=\"caption-attachment-257\" class=\"wp-caption-text\">Placa del rei<\/figcaption><\/figure>\n<figure id=\"attachment_494\" aria-describedby=\"caption-attachment-494\" style=\"width: 600px\" class=\"wp-caption aligncenter\"><a href=\"https:\/\/i0.wp.com\/paseo-barcelona.de\/barcelona\/wp-content\/uploads\/2013\/06\/gotico_guide_rei2.jpg\" rel=\"lightbox\"><img loading=\"lazy\" decoding=\"async\" data-attachment-id=\"494\" data-permalink=\"http:\/\/paseo-barcelona.de\/barcelona\/stadtfuhrungen\/paseo-gotico\/gotico_guide_rei2\/\" data-orig-file=\"https:\/\/i0.wp.com\/paseo-barcelona.de\/barcelona\/wp-content\/uploads\/2013\/06\/gotico_guide_rei2.jpg?fit=600%2C900\" data-orig-size=\"600,900\" data-comments-opened=\"0\" data-image-meta=\"{&quot;aperture&quot;:&quot;0&quot;,&quot;credit&quot;:&quot;&quot;,&quot;camera&quot;:&quot;&quot;,&quot;caption&quot;:&quot;&quot;,&quot;created_timestamp&quot;:&quot;0&quot;,&quot;copyright&quot;:&quot;&quot;,&quot;focal_length&quot;:&quot;0&quot;,&quot;iso&quot;:&quot;0&quot;,&quot;shutter_speed&quot;:&quot;0&quot;,&quot;title&quot;:&quot;&quot;}\" data-image-title=\"Placa del Rei\" data-image-description=\"\" data-image-caption=\"&lt;p&gt;Placa del rei&lt;\/p&gt;\n\" data-medium-file=\"https:\/\/i0.wp.com\/paseo-barcelona.de\/barcelona\/wp-content\/uploads\/2013\/06\/gotico_guide_rei2.jpg?fit=200%2C300\" data-large-file=\"https:\/\/i0.wp.com\/paseo-barcelona.de\/barcelona\/wp-content\/uploads\/2013\/06\/gotico_guide_rei2.jpg?fit=600%2C900\" tabindex=\"0\" role=\"button\" class=\"size-full wp-image-494\" src=\"https:\/\/i0.wp.com\/paseo-barcelona.de\/barcelona\/wp-content\/uploads\/2013\/06\/gotico_guide_rei2.jpg?resize=600%2C900\" alt=\"Stadtf\u00fchrung Gotico\" width=\"600\" height=\"900\" srcset=\"https:\/\/i0.wp.com\/paseo-barcelona.de\/barcelona\/wp-content\/uploads\/2013\/06\/gotico_guide_rei2.jpg?w=600 600w, https:\/\/i0.wp.com\/paseo-barcelona.de\/barcelona\/wp-content\/uploads\/2013\/06\/gotico_guide_rei2.jpg?resize=200%2C300 200w\" sizes=\"(max-width: 600px) 100vw, 600px\" data-recalc-dims=\"1\" \/><\/a><figcaption id=\"caption-attachment-494\" class=\"wp-caption-text\">Placa del rei<\/figcaption><\/figure>\n<figure id=\"attachment_489\" aria-describedby=\"caption-attachment-489\" style=\"width: 1024px\" class=\"wp-caption aligncenter\"><a href=\"https:\/\/i0.wp.com\/paseo-barcelona.de\/barcelona\/wp-content\/uploads\/2013\/06\/gotico_guide_gruppe.jpg\" rel=\"lightbox\"><img loading=\"lazy\" decoding=\"async\" data-attachment-id=\"489\" data-permalink=\"http:\/\/paseo-barcelona.de\/barcelona\/stadtfuhrungen\/paseo-gotico\/gotico_guide_gruppe\/\" data-orig-file=\"https:\/\/i0.wp.com\/paseo-barcelona.de\/barcelona\/wp-content\/uploads\/2013\/06\/gotico_guide_gruppe.jpg?fit=1024%2C683\" data-orig-size=\"1024,683\" data-comments-opened=\"0\" data-image-meta=\"{&quot;aperture&quot;:&quot;0&quot;,&quot;credit&quot;:&quot;&quot;,&quot;camera&quot;:&quot;&quot;,&quot;caption&quot;:&quot;&quot;,&quot;created_timestamp&quot;:&quot;0&quot;,&quot;copyright&quot;:&quot;&quot;,&quot;focal_length&quot;:&quot;0&quot;,&quot;iso&quot;:&quot;0&quot;,&quot;shutter_speed&quot;:&quot;0&quot;,&quot;title&quot;:&quot;&quot;}\" data-image-title=\"Gotico tour\" data-image-description=\"&lt;p&gt;Stadtf\u00fchrer auf dem Placa Reial&lt;\/p&gt;\n\" data-image-caption=\"&lt;p&gt;Stadtf\u00fchrer auf dem Placa Reial&lt;\/p&gt;\n\" data-medium-file=\"https:\/\/i0.wp.com\/paseo-barcelona.de\/barcelona\/wp-content\/uploads\/2013\/06\/gotico_guide_gruppe.jpg?fit=300%2C200\" data-large-file=\"https:\/\/i0.wp.com\/paseo-barcelona.de\/barcelona\/wp-content\/uploads\/2013\/06\/gotico_guide_gruppe.jpg?fit=800%2C534\" tabindex=\"0\" role=\"button\" class=\"size-full wp-image-489\" src=\"https:\/\/i0.wp.com\/paseo-barcelona.de\/barcelona\/wp-content\/uploads\/2013\/06\/gotico_guide_gruppe.jpg?resize=800%2C534\" alt=\"\" width=\"800\" height=\"534\" srcset=\"https:\/\/i0.wp.com\/paseo-barcelona.de\/barcelona\/wp-content\/uploads\/2013\/06\/gotico_guide_gruppe.jpg?w=1024 1024w, https:\/\/i0.wp.com\/paseo-barcelona.de\/barcelona\/wp-content\/uploads\/2013\/06\/gotico_guide_gruppe.jpg?resize=300%2C200 300w\" sizes=\"(max-width: 800px) 100vw, 800px\" data-recalc-dims=\"1\" \/><\/a><figcaption id=\"caption-attachment-489\" class=\"wp-caption-text\">Stadtf\u00fchrer auf dem Placa Reial<\/figcaption><\/figure>\n<figure id=\"attachment_488\" aria-describedby=\"caption-attachment-488\" style=\"width: 600px\" class=\"wp-caption aligncenter\"><a href=\"https:\/\/i0.wp.com\/paseo-barcelona.de\/barcelona\/wp-content\/uploads\/2013\/06\/gotico_guide_eulalia.jpg\" rel=\"lightbox\"><img loading=\"lazy\" decoding=\"async\" data-attachment-id=\"488\" data-permalink=\"http:\/\/paseo-barcelona.de\/barcelona\/stadtfuhrungen\/paseo-gotico\/gotico_guide_eulalia\/\" data-orig-file=\"https:\/\/i0.wp.com\/paseo-barcelona.de\/barcelona\/wp-content\/uploads\/2013\/06\/gotico_guide_eulalia.jpg?fit=600%2C945\" data-orig-size=\"600,945\" data-comments-opened=\"0\" data-image-meta=\"{&quot;aperture&quot;:&quot;0&quot;,&quot;credit&quot;:&quot;&quot;,&quot;camera&quot;:&quot;&quot;,&quot;caption&quot;:&quot;&quot;,&quot;created_timestamp&quot;:&quot;0&quot;,&quot;copyright&quot;:&quot;&quot;,&quot;focal_length&quot;:&quot;0&quot;,&quot;iso&quot;:&quot;0&quot;,&quot;shutter_speed&quot;:&quot;0&quot;,&quot;title&quot;:&quot;&quot;}\" data-image-title=\"gotico_guide_eulalia\" data-image-description=\"\" data-image-caption=\"&lt;p&gt;Altar Sta. Eulalia&lt;\/p&gt;\n\" data-medium-file=\"https:\/\/i0.wp.com\/paseo-barcelona.de\/barcelona\/wp-content\/uploads\/2013\/06\/gotico_guide_eulalia.jpg?fit=190%2C300\" data-large-file=\"https:\/\/i0.wp.com\/paseo-barcelona.de\/barcelona\/wp-content\/uploads\/2013\/06\/gotico_guide_eulalia.jpg?fit=600%2C945\" tabindex=\"0\" role=\"button\" class=\"size-full wp-image-488\" src=\"https:\/\/i0.wp.com\/paseo-barcelona.de\/barcelona\/wp-content\/uploads\/2013\/06\/gotico_guide_eulalia.jpg?resize=600%2C945\" alt=\"\" width=\"600\" height=\"945\" srcset=\"https:\/\/i0.wp.com\/paseo-barcelona.de\/barcelona\/wp-content\/uploads\/2013\/06\/gotico_guide_eulalia.jpg?w=600 600w, https:\/\/i0.wp.com\/paseo-barcelona.de\/barcelona\/wp-content\/uploads\/2013\/06\/gotico_guide_eulalia.jpg?resize=190%2C300 190w\" sizes=\"(max-width: 600px) 100vw, 600px\" data-recalc-dims=\"1\" \/><\/a><figcaption id=\"caption-attachment-488\" class=\"wp-caption-text\">Altar Sta. Eulalia<\/figcaption><\/figure>\n","protected":false},"excerpt":{"rendered":"<p>Tauchen Sie mit uns ein in das bezaubernde mittelalterliche Altstadtviertel Barri G\u00f2tic und entdecken Sie die reichhaltige Kultur und versteckten Sch\u00e4tze der Altstadt von Barcelona.\u00a0W\u00e4hrend der privaten Tour in pers\u00f6nlicher &#8230;<\/p>\n","protected":false},"author":1,"featured_media":253,"parent":10,"menu_order":0,"comment_status":"closed","ping_status":"closed","template":"","meta":{"jetpack_post_was_ever_published":false,"footnotes":""},"class_list":["post-21","page","type-page","status-publish","has-post-thumbnail","hentry"],"yoast_head":"<!-- This site is optimized with the Yoast SEO plugin v23.2 - https:\/\/yoast.com\/wordpress\/plugins\/seo\/ -->\n<title>Stadtf\u00fchrung in Barcelona - Barri Gotic - Paseo Barcelona<\/title>\n<meta name=\"description\" content=\"Die Stadtf\u00fchrung Paseo Gotico f\u00fchrt Sie durch die Altstadt von Barcelona. Buchen Sie jetzt Ihre Tour in Barcelona und Ihren exklusiven Reisef\u00fchrer.\" \/>\n<meta name=\"robots\" content=\"index, follow, max-snippet:-1, max-image-preview:large, max-video-preview:-1\" \/>\n<link rel=\"canonical\" href=\"http:\/\/paseo-barcelona.de\/barcelona\/stadtfuhrungen\/paseo-gotico\/\" \/>\n<meta property=\"og:locale\" content=\"de_DE\" \/>\n<meta property=\"og:type\" content=\"article\" \/>\n<meta property=\"og:title\" content=\"Stadtf\u00fchrung in Barcelona - Barri Gotic - Paseo Barcelona\" \/>\n<meta property=\"og:description\" content=\"Paseo Gotico - der Klassiker unter den Stadtf\u00fchrungen im Barri G\u00f2tic in Barcelona. Paseo Barcelona\" \/>\n<meta property=\"og:url\" content=\"http:\/\/paseo-barcelona.de\/barcelona\/stadtfuhrungen\/paseo-gotico\/\" \/>\n<meta property=\"og:site_name\" content=\"Paseo Barcelona\" \/>\n<meta property=\"article:modified_time\" content=\"2017-04-21T17:55:46+00:00\" \/>\n<meta property=\"og:image\" content=\"https:\/\/i0.wp.com\/paseo-barcelona.de\/barcelona\/wp-content\/uploads\/2013\/05\/02_1.jpg?fit=5184%2C3456\" \/>\n\t<meta property=\"og:image:width\" content=\"5184\" \/>\n\t<meta property=\"og:image:height\" content=\"3456\" \/>\n\t<meta property=\"og:image:type\" content=\"image\/jpeg\" \/>\n<meta name=\"twitter:label1\" content=\"Gesch\u00e4tzte Lesezeit\" \/>\n\t<meta name=\"twitter:data1\" content=\"1\u00a0Minute\" \/>\n<script type=\"application\/ld+json\" class=\"yoast-schema-graph\">{\"@context\":\"https:\/\/schema.org\",\"@graph\":[{\"@type\":\"WebPage\",\"@id\":\"http:\/\/paseo-barcelona.de\/barcelona\/stadtfuhrungen\/paseo-gotico\/\",\"url\":\"http:\/\/paseo-barcelona.de\/barcelona\/stadtfuhrungen\/paseo-gotico\/\",\"name\":\"Stadtf\u00fchrung in Barcelona - Barri Gotic - Paseo Barcelona\",\"isPartOf\":{\"@id\":\"http:\/\/paseo-barcelona.de\/barcelona\/#website\"},\"primaryImageOfPage\":{\"@id\":\"http:\/\/paseo-barcelona.de\/barcelona\/stadtfuhrungen\/paseo-gotico\/#primaryimage\"},\"image\":{\"@id\":\"http:\/\/paseo-barcelona.de\/barcelona\/stadtfuhrungen\/paseo-gotico\/#primaryimage\"},\"thumbnailUrl\":\"https:\/\/i0.wp.com\/paseo-barcelona.de\/barcelona\/wp-content\/uploads\/2013\/05\/02_1.jpg?fit=5184%2C3456\",\"datePublished\":\"2013-05-16T12:02:05+00:00\",\"dateModified\":\"2017-04-21T17:55:46+00:00\",\"description\":\"Die Stadtf\u00fchrung Paseo Gotico f\u00fchrt Sie durch die Altstadt von Barcelona. Buchen Sie jetzt Ihre Tour in Barcelona und Ihren exklusiven Reisef\u00fchrer.\",\"breadcrumb\":{\"@id\":\"http:\/\/paseo-barcelona.de\/barcelona\/stadtfuhrungen\/paseo-gotico\/#breadcrumb\"},\"inLanguage\":\"de\",\"potentialAction\":[{\"@type\":\"ReadAction\",\"target\":[\"http:\/\/paseo-barcelona.de\/barcelona\/stadtfuhrungen\/paseo-gotico\/\"]}]},{\"@type\":\"ImageObject\",\"inLanguage\":\"de\",\"@id\":\"http:\/\/paseo-barcelona.de\/barcelona\/stadtfuhrungen\/paseo-gotico\/#primaryimage\",\"url\":\"https:\/\/i0.wp.com\/paseo-barcelona.de\/barcelona\/wp-content\/uploads\/2013\/05\/02_1.jpg?fit=5184%2C3456\",\"contentUrl\":\"https:\/\/i0.wp.com\/paseo-barcelona.de\/barcelona\/wp-content\/uploads\/2013\/05\/02_1.jpg?fit=5184%2C3456\",\"width\":5184,\"height\":3456,\"caption\":\"Placa reial\"},{\"@type\":\"BreadcrumbList\",\"@id\":\"http:\/\/paseo-barcelona.de\/barcelona\/stadtfuhrungen\/paseo-gotico\/#breadcrumb\",\"itemListElement\":[{\"@type\":\"ListItem\",\"position\":1,\"name\":\"Home\",\"item\":\"http:\/\/paseo-barcelona.de\/barcelona\/\"},{\"@type\":\"ListItem\",\"position\":2,\"name\":\"Unsere Stadtf\u00fchrungen\",\"item\":\"https:\/\/paseo-barcelona.de\/barcelona\/stadtfuhrungen\/\"},{\"@type\":\"ListItem\",\"position\":3,\"name\":\"Paseo Gotico\"}]},{\"@type\":\"WebSite\",\"@id\":\"http:\/\/paseo-barcelona.de\/barcelona\/#website\",\"url\":\"http:\/\/paseo-barcelona.de\/barcelona\/\",\"name\":\"Paseo Barcelona\",\"description\":\"Stadtf\u00fchrungen in Barcelona\",\"potentialAction\":[{\"@type\":\"SearchAction\",\"target\":{\"@type\":\"EntryPoint\",\"urlTemplate\":\"http:\/\/paseo-barcelona.de\/barcelona\/?s={search_term_string}\"},\"query-input\":\"required name=search_term_string\"}],\"inLanguage\":\"de\"}]}<\/script>\n<!-- \/ Yoast SEO plugin. -->","yoast_head_json":{"title":"Stadtf\u00fchrung in Barcelona - Barri Gotic - Paseo Barcelona","description":"Die Stadtf\u00fchrung Paseo Gotico f\u00fchrt Sie durch die Altstadt von Barcelona. Buchen Sie jetzt Ihre Tour in Barcelona und Ihren exklusiven Reisef\u00fchrer.","robots":{"index":"index","follow":"follow","max-snippet":"max-snippet:-1","max-image-preview":"max-image-preview:large","max-video-preview":"max-video-preview:-1"},"canonical":"http:\/\/paseo-barcelona.de\/barcelona\/stadtfuhrungen\/paseo-gotico\/","og_locale":"de_DE","og_type":"article","og_title":"Stadtf\u00fchrung in Barcelona - Barri Gotic - Paseo Barcelona","og_description":"Paseo Gotico - der Klassiker unter den Stadtf\u00fchrungen im Barri G\u00f2tic in Barcelona. Paseo Barcelona","og_url":"http:\/\/paseo-barcelona.de\/barcelona\/stadtfuhrungen\/paseo-gotico\/","og_site_name":"Paseo Barcelona","article_modified_time":"2017-04-21T17:55:46+00:00","og_image":[{"width":5184,"height":3456,"url":"https:\/\/i0.wp.com\/paseo-barcelona.de\/barcelona\/wp-content\/uploads\/2013\/05\/02_1.jpg?fit=5184%2C3456","type":"image\/jpeg"}],"twitter_misc":{"Gesch\u00e4tzte Lesezeit":"1\u00a0Minute"},"schema":{"@context":"https:\/\/schema.org","@graph":[{"@type":"WebPage","@id":"http:\/\/paseo-barcelona.de\/barcelona\/stadtfuhrungen\/paseo-gotico\/","url":"http:\/\/paseo-barcelona.de\/barcelona\/stadtfuhrungen\/paseo-gotico\/","name":"Stadtf\u00fchrung in Barcelona - Barri Gotic - Paseo Barcelona","isPartOf":{"@id":"http:\/\/paseo-barcelona.de\/barcelona\/#website"},"primaryImageOfPage":{"@id":"http:\/\/paseo-barcelona.de\/barcelona\/stadtfuhrungen\/paseo-gotico\/#primaryimage"},"image":{"@id":"http:\/\/paseo-barcelona.de\/barcelona\/stadtfuhrungen\/paseo-gotico\/#primaryimage"},"thumbnailUrl":"https:\/\/i0.wp.com\/paseo-barcelona.de\/barcelona\/wp-content\/uploads\/2013\/05\/02_1.jpg?fit=5184%2C3456","datePublished":"2013-05-16T12:02:05+00:00","dateModified":"2017-04-21T17:55:46+00:00","description":"Die Stadtf\u00fchrung Paseo Gotico f\u00fchrt Sie durch die Altstadt von Barcelona. Buchen Sie jetzt Ihre Tour in Barcelona und Ihren exklusiven Reisef\u00fchrer.","breadcrumb":{"@id":"http:\/\/paseo-barcelona.de\/barcelona\/stadtfuhrungen\/paseo-gotico\/#breadcrumb"},"inLanguage":"de","potentialAction":[{"@type":"ReadAction","target":["http:\/\/paseo-barcelona.de\/barcelona\/stadtfuhrungen\/paseo-gotico\/"]}]},{"@type":"ImageObject","inLanguage":"de","@id":"http:\/\/paseo-barcelona.de\/barcelona\/stadtfuhrungen\/paseo-gotico\/#primaryimage","url":"https:\/\/i0.wp.com\/paseo-barcelona.de\/barcelona\/wp-content\/uploads\/2013\/05\/02_1.jpg?fit=5184%2C3456","contentUrl":"https:\/\/i0.wp.com\/paseo-barcelona.de\/barcelona\/wp-content\/uploads\/2013\/05\/02_1.jpg?fit=5184%2C3456","width":5184,"height":3456,"caption":"Placa reial"},{"@type":"BreadcrumbList","@id":"http:\/\/paseo-barcelona.de\/barcelona\/stadtfuhrungen\/paseo-gotico\/#breadcrumb","itemListElement":[{"@type":"ListItem","position":1,"name":"Home","item":"http:\/\/paseo-barcelona.de\/barcelona\/"},{"@type":"ListItem","position":2,"name":"Unsere Stadtf\u00fchrungen","item":"https:\/\/paseo-barcelona.de\/barcelona\/stadtfuhrungen\/"},{"@type":"ListItem","position":3,"name":"Paseo Gotico"}]},{"@type":"WebSite","@id":"http:\/\/paseo-barcelona.de\/barcelona\/#website","url":"http:\/\/paseo-barcelona.de\/barcelona\/","name":"Paseo Barcelona","description":"Stadtf\u00fchrungen in Barcelona","potentialAction":[{"@type":"SearchAction","target":{"@type":"EntryPoint","urlTemplate":"http:\/\/paseo-barcelona.de\/barcelona\/?s={search_term_string}"},"query-input":"required name=search_term_string"}],"inLanguage":"de"}]}},"jetpack_sharing_enabled":true,"jetpack_shortlink":"https:\/\/wp.me\/P3DtfU-l","jetpack-related-posts":[],"_links":{"self":[{"href":"http:\/\/paseo-barcelona.de\/barcelona\/wp-json\/wp\/v2\/pages\/21"}],"collection":[{"href":"http:\/\/paseo-barcelona.de\/barcelona\/wp-json\/wp\/v2\/pages"}],"about":[{"href":"http:\/\/paseo-barcelona.de\/barcelona\/wp-json\/wp\/v2\/types\/page"}],"author":[{"embeddable":true,"href":"http:\/\/paseo-barcelona.de\/barcelona\/wp-json\/wp\/v2\/users\/1"}],"replies":[{"embeddable":true,"href":"http:\/\/paseo-barcelona.de\/barcelona\/wp-json\/wp\/v2\/comments?post=21"}],"version-history":[{"count":38,"href":"http:\/\/paseo-barcelona.de\/barcelona\/wp-json\/wp\/v2\/pages\/21\/revisions"}],"predecessor-version":[{"id":740,"href":"http:\/\/paseo-barcelona.de\/barcelona\/wp-json\/wp\/v2\/pages\/21\/revisions\/740"}],"up":[{"embeddable":true,"href":"http:\/\/paseo-barcelona.de\/barcelona\/wp-json\/wp\/v2\/pages\/10"}],"wp:featuredmedia":[{"embeddable":true,"href":"http:\/\/paseo-barcelona.de\/barcelona\/wp-json\/wp\/v2\/media\/253"}],"wp:attachment":[{"href":"http:\/\/paseo-barcelona.de\/barcelona\/wp-json\/wp\/v2\/media?parent=21"}],"curies":[{"name":"wp","href":"https:\/\/api.w.org\/{rel}","templated":true}]}}