{"id":55,"date":"2013-05-16T14:08:38","date_gmt":"2013-05-16T12:08:38","guid":{"rendered":"http:\/\/paseo-barcelona.de\/barcelona\/?page_id=55"},"modified":"2017-04-21T19:55:55","modified_gmt":"2017-04-21T17:55:55","slug":"paseoraval","status":"publish","type":"page","link":"http:\/\/paseo-barcelona.de\/barcelona\/stadtfuhrungen\/paseoraval\/","title":{"rendered":"Paseo Raval"},"content":{"rendered":"<div>\n<p>Jenseits der Rambla befindet sich die ehemalige Vorstadt &#8211; das Raval. Es erstreckt sich auf der rechten Seite ab dem Placa Catalunya bis zum Hafen. Heute wandelt sich das fr\u00fchere Rotlichtviertel immer mehr zum K\u00fcnstler- und Szeneviertel. Der untere Teil &#8211; Barri Xines genannt &#8211; ist abends dennoch mit Vorsicht zu genie\u00dfen. Hier gibt es allgemein weniger Tourismus als im Barri G\u00f3tic, aber nicht weniger sehenswerte Geb\u00e4ude, Gassen und Pl\u00e4tze.<\/p>\n<\/div>\n<h3>Highlights<\/h3>\n<figure id=\"attachment_287\" aria-describedby=\"caption-attachment-287\" style=\"width: 300px\" class=\"wp-caption alignright\"><img loading=\"lazy\" decoding=\"async\" data-attachment-id=\"287\" data-permalink=\"http:\/\/paseo-barcelona.de\/barcelona\/stadtfuhrungen\/paseoraval\/olympus-digital-camera\/\" data-orig-file=\"https:\/\/i0.wp.com\/paseo-barcelona.de\/barcelona\/wp-content\/uploads\/2013\/05\/P1010061.jpg?fit=1984%2C1488\" data-orig-size=\"1984,1488\" data-comments-opened=\"0\" data-image-meta=\"{&quot;aperture&quot;:&quot;4.5&quot;,&quot;credit&quot;:&quot;&quot;,&quot;camera&quot;:&quot;C720UZ&quot;,&quot;caption&quot;:&quot;&quot;,&quot;created_timestamp&quot;:&quot;-62169984000&quot;,&quot;copyright&quot;:&quot;&quot;,&quot;focal_length&quot;:&quot;6.4&quot;,&quot;iso&quot;:&quot;100&quot;,&quot;shutter_speed&quot;:&quot;0.003125&quot;,&quot;title&quot;:&quot;OLYMPUS DIGITAL CAMERA&quot;}\" data-image-title=\"Sant Pau del Camp\" data-image-description=\"\" data-image-caption=\"&lt;p&gt;Sant Pau del Camp im Raval&lt;\/p&gt;\n\" data-medium-file=\"https:\/\/i0.wp.com\/paseo-barcelona.de\/barcelona\/wp-content\/uploads\/2013\/05\/P1010061.jpg?fit=300%2C225\" data-large-file=\"https:\/\/i0.wp.com\/paseo-barcelona.de\/barcelona\/wp-content\/uploads\/2013\/05\/P1010061.jpg?fit=800%2C600\" tabindex=\"0\" role=\"button\" class=\" wp-image-287 \" src=\"https:\/\/i0.wp.com\/paseo-barcelona.de\/barcelona\/wp-content\/uploads\/2013\/05\/P1010061.jpg?resize=300%2C300\" alt=\"Sant Pau del Camp\" width=\"300\" height=\"300\" srcset=\"https:\/\/i0.wp.com\/paseo-barcelona.de\/barcelona\/wp-content\/uploads\/2013\/05\/P1010061.jpg?resize=150%2C150 150w, https:\/\/i0.wp.com\/paseo-barcelona.de\/barcelona\/wp-content\/uploads\/2013\/05\/P1010061.jpg?resize=200%2C200 200w, https:\/\/i0.wp.com\/paseo-barcelona.de\/barcelona\/wp-content\/uploads\/2013\/05\/P1010061.jpg?zoom=2&amp;resize=300%2C300 600w, https:\/\/i0.wp.com\/paseo-barcelona.de\/barcelona\/wp-content\/uploads\/2013\/05\/P1010061.jpg?zoom=3&amp;resize=300%2C300 900w\" sizes=\"(max-width: 300px) 100vw, 300px\" data-recalc-dims=\"1\" \/><figcaption id=\"caption-attachment-287\" class=\"wp-caption-text\">Sant Pau del Camp im Raval<\/figcaption><\/figure>\n<ul>\n<li>Schlendern Sie abseits der touristischen Pfade durch ein aufregendes Stadtviertel im Umbruch<\/li>\n<li><em>Eglesia Sant Pau del Camp<\/em><\/li>\n<li><em>Rambla del Raval<\/em><\/li>\n<li><em>Antic Hospital Sant Pau<\/em><\/li>\n<li><em>MACBA<\/em><\/li>\n<li><em>Palau G\u00fcell<\/em><\/li>\n<\/ul>\n<div><em> Preis: <\/em><strong>60,- Euro f\u00fcr 2 Personen<\/strong> (jeder weitere Teilnehmer 20,- Euro)<strong> <em><br \/>\n<\/em><\/strong><\/div>\n<div>\n<div><em>Dauer<\/em>: 1,5 \u2013 2 Stunden<\/div>\n<div><em>Sprache<\/em>: Deutsch<\/div>\n<p><em>Treffpunkt<\/em>: Brunnen am Placa Reial<br \/>\n<em>Startzeit:<\/em> frei w\u00e4hlbar<\/p>\n<h3><\/h3>\n<\/div>\n","protected":false},"excerpt":{"rendered":"<p>Jenseits der Rambla befindet sich die ehemalige Vorstadt &#8211; das Raval. Es erstreckt sich auf der rechten Seite ab dem Placa Catalunya bis zum Hafen. Heute wandelt sich das fr\u00fchere &#8230;<\/p>\n","protected":false},"author":1,"featured_media":287,"parent":10,"menu_order":0,"comment_status":"closed","ping_status":"closed","template":"","meta":{"jetpack_post_was_ever_published":false,"footnotes":""},"class_list":["post-55","page","type-page","status-publish","has-post-thumbnail","hentry"],"yoast_head":"<!-- This site is optimized with the Yoast SEO plugin v23.2 - https:\/\/yoast.com\/wordpress\/plugins\/seo\/ -->\n<title>Stadtf\u00fchrung in Barcelona - El Raval<\/title>\n<meta name=\"description\" content=\"Die Stadtf\u00fchrung f\u00fchrt durch das ehemalige Fabrikenviertel El Raval, heute ein Einwanderer- und hippes Szeneviertel.\" \/>\n<meta name=\"robots\" content=\"index, follow, max-snippet:-1, max-image-preview:large, max-video-preview:-1\" \/>\n<link rel=\"canonical\" href=\"http:\/\/paseo-barcelona.de\/barcelona\/stadtfuhrungen\/paseoraval\/\" \/>\n<meta property=\"og:locale\" content=\"de_DE\" \/>\n<meta property=\"og:type\" content=\"article\" \/>\n<meta property=\"og:title\" content=\"Stadtf\u00fchrung in Barcelona - El Raval\" \/>\n<meta property=\"og:description\" content=\"Die Stadtf\u00fchrung f\u00fchrt durch das ehemalige Fabrikenviertel El Raval, heute ein Einwanderer- und hippes Szeneviertel.\" \/>\n<meta property=\"og:url\" content=\"http:\/\/paseo-barcelona.de\/barcelona\/stadtfuhrungen\/paseoraval\/\" \/>\n<meta property=\"og:site_name\" content=\"Paseo Barcelona\" \/>\n<meta property=\"article:modified_time\" content=\"2017-04-21T17:55:55+00:00\" \/>\n<meta property=\"og:image\" content=\"https:\/\/i0.wp.com\/paseo-barcelona.de\/barcelona\/wp-content\/uploads\/2013\/05\/P1010061.jpg?fit=1984%2C1488\" \/>\n\t<meta property=\"og:image:width\" content=\"1984\" \/>\n\t<meta property=\"og:image:height\" content=\"1488\" \/>\n\t<meta property=\"og:image:type\" content=\"image\/jpeg\" \/>\n<meta name=\"twitter:label1\" content=\"Gesch\u00e4tzte Lesezeit\" \/>\n\t<meta name=\"twitter:data1\" content=\"1\u00a0Minute\" \/>\n<script type=\"application\/ld+json\" class=\"yoast-schema-graph\">{\"@context\":\"https:\/\/schema.org\",\"@graph\":[{\"@type\":\"WebPage\",\"@id\":\"http:\/\/paseo-barcelona.de\/barcelona\/stadtfuhrungen\/paseoraval\/\",\"url\":\"http:\/\/paseo-barcelona.de\/barcelona\/stadtfuhrungen\/paseoraval\/\",\"name\":\"Stadtf\u00fchrung in Barcelona - El Raval\",\"isPartOf\":{\"@id\":\"http:\/\/paseo-barcelona.de\/barcelona\/#website\"},\"primaryImageOfPage\":{\"@id\":\"http:\/\/paseo-barcelona.de\/barcelona\/stadtfuhrungen\/paseoraval\/#primaryimage\"},\"image\":{\"@id\":\"http:\/\/paseo-barcelona.de\/barcelona\/stadtfuhrungen\/paseoraval\/#primaryimage\"},\"thumbnailUrl\":\"https:\/\/i0.wp.com\/paseo-barcelona.de\/barcelona\/wp-content\/uploads\/2013\/05\/P1010061.jpg?fit=1984%2C1488\",\"datePublished\":\"2013-05-16T12:08:38+00:00\",\"dateModified\":\"2017-04-21T17:55:55+00:00\",\"description\":\"Die Stadtf\u00fchrung f\u00fchrt durch das ehemalige Fabrikenviertel El Raval, heute ein Einwanderer- und hippes Szeneviertel.\",\"breadcrumb\":{\"@id\":\"http:\/\/paseo-barcelona.de\/barcelona\/stadtfuhrungen\/paseoraval\/#breadcrumb\"},\"inLanguage\":\"de\",\"potentialAction\":[{\"@type\":\"ReadAction\",\"target\":[\"http:\/\/paseo-barcelona.de\/barcelona\/stadtfuhrungen\/paseoraval\/\"]}]},{\"@type\":\"ImageObject\",\"inLanguage\":\"de\",\"@id\":\"http:\/\/paseo-barcelona.de\/barcelona\/stadtfuhrungen\/paseoraval\/#primaryimage\",\"url\":\"https:\/\/i0.wp.com\/paseo-barcelona.de\/barcelona\/wp-content\/uploads\/2013\/05\/P1010061.jpg?fit=1984%2C1488\",\"contentUrl\":\"https:\/\/i0.wp.com\/paseo-barcelona.de\/barcelona\/wp-content\/uploads\/2013\/05\/P1010061.jpg?fit=1984%2C1488\",\"width\":1984,\"height\":1488,\"caption\":\"Sant Pau del Camp im Raval\"},{\"@type\":\"BreadcrumbList\",\"@id\":\"http:\/\/paseo-barcelona.de\/barcelona\/stadtfuhrungen\/paseoraval\/#breadcrumb\",\"itemListElement\":[{\"@type\":\"ListItem\",\"position\":1,\"name\":\"Home\",\"item\":\"http:\/\/paseo-barcelona.de\/barcelona\/\"},{\"@type\":\"ListItem\",\"position\":2,\"name\":\"Unsere Stadtf\u00fchrungen\",\"item\":\"http:\/\/paseo-barcelona.de\/barcelona\/stadtfuhrungen\/\"},{\"@type\":\"ListItem\",\"position\":3,\"name\":\"Paseo Raval\"}]},{\"@type\":\"WebSite\",\"@id\":\"http:\/\/paseo-barcelona.de\/barcelona\/#website\",\"url\":\"http:\/\/paseo-barcelona.de\/barcelona\/\",\"name\":\"Paseo Barcelona\",\"description\":\"Stadtf\u00fchrungen in Barcelona\",\"potentialAction\":[{\"@type\":\"SearchAction\",\"target\":{\"@type\":\"EntryPoint\",\"urlTemplate\":\"http:\/\/paseo-barcelona.de\/barcelona\/?s={search_term_string}\"},\"query-input\":\"required name=search_term_string\"}],\"inLanguage\":\"de\"}]}<\/script>\n<!-- \/ Yoast SEO plugin. -->","yoast_head_json":{"title":"Stadtf\u00fchrung in Barcelona - El Raval","description":"Die Stadtf\u00fchrung f\u00fchrt durch das ehemalige Fabrikenviertel El Raval, heute ein Einwanderer- und hippes Szeneviertel.","robots":{"index":"index","follow":"follow","max-snippet":"max-snippet:-1","max-image-preview":"max-image-preview:large","max-video-preview":"max-video-preview:-1"},"canonical":"http:\/\/paseo-barcelona.de\/barcelona\/stadtfuhrungen\/paseoraval\/","og_locale":"de_DE","og_type":"article","og_title":"Stadtf\u00fchrung in Barcelona - El Raval","og_description":"Die Stadtf\u00fchrung f\u00fchrt durch das ehemalige Fabrikenviertel El Raval, heute ein Einwanderer- und hippes Szeneviertel.","og_url":"http:\/\/paseo-barcelona.de\/barcelona\/stadtfuhrungen\/paseoraval\/","og_site_name":"Paseo Barcelona","article_modified_time":"2017-04-21T17:55:55+00:00","og_image":[{"width":1984,"height":1488,"url":"https:\/\/i0.wp.com\/paseo-barcelona.de\/barcelona\/wp-content\/uploads\/2013\/05\/P1010061.jpg?fit=1984%2C1488","type":"image\/jpeg"}],"twitter_misc":{"Gesch\u00e4tzte Lesezeit":"1\u00a0Minute"},"schema":{"@context":"https:\/\/schema.org","@graph":[{"@type":"WebPage","@id":"http:\/\/paseo-barcelona.de\/barcelona\/stadtfuhrungen\/paseoraval\/","url":"http:\/\/paseo-barcelona.de\/barcelona\/stadtfuhrungen\/paseoraval\/","name":"Stadtf\u00fchrung in Barcelona - El Raval","isPartOf":{"@id":"http:\/\/paseo-barcelona.de\/barcelona\/#website"},"primaryImageOfPage":{"@id":"http:\/\/paseo-barcelona.de\/barcelona\/stadtfuhrungen\/paseoraval\/#primaryimage"},"image":{"@id":"http:\/\/paseo-barcelona.de\/barcelona\/stadtfuhrungen\/paseoraval\/#primaryimage"},"thumbnailUrl":"https:\/\/i0.wp.com\/paseo-barcelona.de\/barcelona\/wp-content\/uploads\/2013\/05\/P1010061.jpg?fit=1984%2C1488","datePublished":"2013-05-16T12:08:38+00:00","dateModified":"2017-04-21T17:55:55+00:00","description":"Die Stadtf\u00fchrung f\u00fchrt durch das ehemalige Fabrikenviertel El Raval, heute ein Einwanderer- und hippes Szeneviertel.","breadcrumb":{"@id":"http:\/\/paseo-barcelona.de\/barcelona\/stadtfuhrungen\/paseoraval\/#breadcrumb"},"inLanguage":"de","potentialAction":[{"@type":"ReadAction","target":["http:\/\/paseo-barcelona.de\/barcelona\/stadtfuhrungen\/paseoraval\/"]}]},{"@type":"ImageObject","inLanguage":"de","@id":"http:\/\/paseo-barcelona.de\/barcelona\/stadtfuhrungen\/paseoraval\/#primaryimage","url":"https:\/\/i0.wp.com\/paseo-barcelona.de\/barcelona\/wp-content\/uploads\/2013\/05\/P1010061.jpg?fit=1984%2C1488","contentUrl":"https:\/\/i0.wp.com\/paseo-barcelona.de\/barcelona\/wp-content\/uploads\/2013\/05\/P1010061.jpg?fit=1984%2C1488","width":1984,"height":1488,"caption":"Sant Pau del Camp im Raval"},{"@type":"BreadcrumbList","@id":"http:\/\/paseo-barcelona.de\/barcelona\/stadtfuhrungen\/paseoraval\/#breadcrumb","itemListElement":[{"@type":"ListItem","position":1,"name":"Home","item":"http:\/\/paseo-barcelona.de\/barcelona\/"},{"@type":"ListItem","position":2,"name":"Unsere Stadtf\u00fchrungen","item":"http:\/\/paseo-barcelona.de\/barcelona\/stadtfuhrungen\/"},{"@type":"ListItem","position":3,"name":"Paseo Raval"}]},{"@type":"WebSite","@id":"http:\/\/paseo-barcelona.de\/barcelona\/#website","url":"http:\/\/paseo-barcelona.de\/barcelona\/","name":"Paseo Barcelona","description":"Stadtf\u00fchrungen in Barcelona","potentialAction":[{"@type":"SearchAction","target":{"@type":"EntryPoint","urlTemplate":"http:\/\/paseo-barcelona.de\/barcelona\/?s={search_term_string}"},"query-input":"required name=search_term_string"}],"inLanguage":"de"}]}},"jetpack_sharing_enabled":true,"jetpack_shortlink":"https:\/\/wp.me\/P3DtfU-T","jetpack-related-posts":[],"_links":{"self":[{"href":"http:\/\/paseo-barcelona.de\/barcelona\/wp-json\/wp\/v2\/pages\/55"}],"collection":[{"href":"http:\/\/paseo-barcelona.de\/barcelona\/wp-json\/wp\/v2\/pages"}],"about":[{"href":"http:\/\/paseo-barcelona.de\/barcelona\/wp-json\/wp\/v2\/types\/page"}],"author":[{"embeddable":true,"href":"http:\/\/paseo-barcelona.de\/barcelona\/wp-json\/wp\/v2\/users\/1"}],"replies":[{"embeddable":true,"href":"http:\/\/paseo-barcelona.de\/barcelona\/wp-json\/wp\/v2\/comments?post=55"}],"version-history":[{"count":18,"href":"http:\/\/paseo-barcelona.de\/barcelona\/wp-json\/wp\/v2\/pages\/55\/revisions"}],"predecessor-version":[{"id":741,"href":"http:\/\/paseo-barcelona.de\/barcelona\/wp-json\/wp\/v2\/pages\/55\/revisions\/741"}],"up":[{"embeddable":true,"href":"http:\/\/paseo-barcelona.de\/barcelona\/wp-json\/wp\/v2\/pages\/10"}],"wp:featuredmedia":[{"embeddable":true,"href":"http:\/\/paseo-barcelona.de\/barcelona\/wp-json\/wp\/v2\/media\/287"}],"wp:attachment":[{"href":"http:\/\/paseo-barcelona.de\/barcelona\/wp-json\/wp\/v2\/media?parent=55"}],"curies":[{"name":"wp","href":"https:\/\/api.w.org\/{rel}","templated":true}]}}