{"id":59,"date":"2013-05-16T14:09:35","date_gmt":"2013-05-16T12:09:35","guid":{"rendered":"http:\/\/paseo-barcelona.de\/barcelona\/?page_id=59"},"modified":"2017-04-22T08:40:28","modified_gmt":"2017-04-22T06:40:28","slug":"kultur-und-tapas","status":"publish","type":"page","link":"http:\/\/paseo-barcelona.de\/barcelona\/stadtfuhrungen\/kultur-und-tapas\/","title":{"rendered":"Kultur und Tapas"},"content":{"rendered":"<p>Genie\u00dfen Sie im wahrsten Sinne des Wortes die Altstadt von Barcelona. Lassen Sie sich entf\u00fchren in die romantischen Gassen von Barcelona und runden Sie das Erlebnis mit einem Besuch in einer Tapas Bar ab. Kosten Sie Pintxos und Raci\u00f3nes (gr\u00f6\u00dfere Portionen) verschiedenster Tapas und dazu Sidra (Apfelwein), Cava (Sekt) oder einfach ein Bier. Die F\u00fchrung findet im Barri G\u00f2tic statt.<\/p>\n<h3>Highlights<\/h3>\n<figure id=\"attachment_511\" aria-describedby=\"caption-attachment-511\" style=\"width: 250px\" class=\"wp-caption alignright\"><img loading=\"lazy\" decoding=\"async\" data-attachment-id=\"511\" data-permalink=\"http:\/\/paseo-barcelona.de\/barcelona\/stadtfuhrungen\/kultur-und-tapas\/tapas_guide_gruppe\/\" data-orig-file=\"https:\/\/i0.wp.com\/paseo-barcelona.de\/barcelona\/wp-content\/uploads\/2013\/05\/tapas_guide_gruppe.jpg?fit=600%2C720\" data-orig-size=\"600,720\" data-comments-opened=\"0\" data-image-meta=\"{&quot;aperture&quot;:&quot;0&quot;,&quot;credit&quot;:&quot;&quot;,&quot;camera&quot;:&quot;&quot;,&quot;caption&quot;:&quot;&quot;,&quot;created_timestamp&quot;:&quot;0&quot;,&quot;copyright&quot;:&quot;&quot;,&quot;focal_length&quot;:&quot;0&quot;,&quot;iso&quot;:&quot;0&quot;,&quot;shutter_speed&quot;:&quot;0&quot;,&quot;title&quot;:&quot;&quot;}\" data-image-title=\"tapas_guide_gruppe\" data-image-description=\"\" data-image-caption=\"&lt;p&gt;Tapas Bar in Barcelona&lt;\/p&gt;\n\" data-medium-file=\"https:\/\/i0.wp.com\/paseo-barcelona.de\/barcelona\/wp-content\/uploads\/2013\/05\/tapas_guide_gruppe.jpg?fit=250%2C300\" data-large-file=\"https:\/\/i0.wp.com\/paseo-barcelona.de\/barcelona\/wp-content\/uploads\/2013\/05\/tapas_guide_gruppe.jpg?fit=600%2C720\" tabindex=\"0\" role=\"button\" class=\"size-medium wp-image-511 \" src=\"https:\/\/i0.wp.com\/paseo-barcelona.de\/barcelona\/wp-content\/uploads\/2013\/05\/tapas_guide_gruppe.jpg?resize=250%2C300\" alt=\"Tapas Bar in Barcelona\" width=\"250\" height=\"300\" srcset=\"https:\/\/i0.wp.com\/paseo-barcelona.de\/barcelona\/wp-content\/uploads\/2013\/05\/tapas_guide_gruppe.jpg?resize=250%2C300 250w, https:\/\/i0.wp.com\/paseo-barcelona.de\/barcelona\/wp-content\/uploads\/2013\/05\/tapas_guide_gruppe.jpg?w=600 600w\" sizes=\"(max-width: 250px) 100vw, 250px\" data-recalc-dims=\"1\" \/><figcaption id=\"caption-attachment-511\" class=\"wp-caption-text\">Gruppe in Bar in Barcelona<\/figcaption><\/figure>\n<ul>\n<li>Eine Kostprobe ist im Preis enthalten<\/li>\n<li>Erleben Sie spannende Kultur und ein kulinarisches Erlebnis<\/li>\n<li>Sie erhalten Restaurant-Tipps von Ihrem F\u00fchrer<\/li>\n<\/ul>\n<div><em>Preis: <\/em><strong>40,- Euro \/ Person<em><br \/>\n<\/em><\/strong><\/div>\n<div><em>Mindestteilnehmer:<\/em> 2<em><br \/>\nDauer<\/em>: 2 Stunden<\/div>\n<div><em>Sprache<\/em>: Deutsch<\/div>\n<div><em>Treffpunkt<\/em>: Brunnen am Placa Reial<br \/>\n<em>Startzeit:<\/em> frei w\u00e4hlbar<\/div>\n<h3><\/h3>\n<h3>Impressionen der Tour<\/h3>\n<figure id=\"attachment_501\" aria-describedby=\"caption-attachment-501\" style=\"width: 1024px\" class=\"wp-caption aligncenter\"><a href=\"https:\/\/i0.wp.com\/paseo-barcelona.de\/barcelona\/wp-content\/uploads\/2013\/06\/PaseoBarcelona_Tapas_2.jpg\" rel=\"lightbox\"><img loading=\"lazy\" decoding=\"async\" data-attachment-id=\"501\" data-permalink=\"http:\/\/paseo-barcelona.de\/barcelona\/stadtfuhrungen\/kultur-und-tapas\/paseobarcelona_tapas_2\/\" data-orig-file=\"https:\/\/i0.wp.com\/paseo-barcelona.de\/barcelona\/wp-content\/uploads\/2013\/06\/PaseoBarcelona_Tapas_2.jpg?fit=1024%2C683\" data-orig-size=\"1024,683\" data-comments-opened=\"0\" data-image-meta=\"{&quot;aperture&quot;:&quot;2.8&quot;,&quot;credit&quot;:&quot;&quot;,&quot;camera&quot;:&quot;Canon EOS 550D&quot;,&quot;caption&quot;:&quot;&quot;,&quot;created_timestamp&quot;:&quot;1358773458&quot;,&quot;copyright&quot;:&quot;&quot;,&quot;focal_length&quot;:&quot;24&quot;,&quot;iso&quot;:&quot;400&quot;,&quot;shutter_speed&quot;:&quot;0.01&quot;,&quot;title&quot;:&quot;&quot;}\" data-image-title=\"PaseoBarcelona_Tapas_2\" data-image-description=\"\" data-image-caption=\"&lt;p&gt;Guide mit Tapas&lt;\/p&gt;\n\" data-medium-file=\"https:\/\/i0.wp.com\/paseo-barcelona.de\/barcelona\/wp-content\/uploads\/2013\/06\/PaseoBarcelona_Tapas_2.jpg?fit=300%2C200\" data-large-file=\"https:\/\/i0.wp.com\/paseo-barcelona.de\/barcelona\/wp-content\/uploads\/2013\/06\/PaseoBarcelona_Tapas_2.jpg?fit=800%2C534\" tabindex=\"0\" role=\"button\" class=\"size-full wp-image-501\" src=\"https:\/\/i0.wp.com\/paseo-barcelona.de\/barcelona\/wp-content\/uploads\/2013\/06\/PaseoBarcelona_Tapas_2.jpg?resize=800%2C534\" alt=\"\" width=\"800\" height=\"534\" srcset=\"https:\/\/i0.wp.com\/paseo-barcelona.de\/barcelona\/wp-content\/uploads\/2013\/06\/PaseoBarcelona_Tapas_2.jpg?w=1024 1024w, https:\/\/i0.wp.com\/paseo-barcelona.de\/barcelona\/wp-content\/uploads\/2013\/06\/PaseoBarcelona_Tapas_2.jpg?resize=300%2C200 300w\" sizes=\"(max-width: 800px) 100vw, 800px\" data-recalc-dims=\"1\" \/><\/a><figcaption id=\"caption-attachment-501\" class=\"wp-caption-text\">Guide mit Tapas<\/figcaption><\/figure>\n<figure id=\"attachment_504\" aria-describedby=\"caption-attachment-504\" style=\"width: 1024px\" class=\"wp-caption aligncenter\"><a href=\"https:\/\/i0.wp.com\/paseo-barcelona.de\/barcelona\/wp-content\/uploads\/2013\/06\/PaseoBarcelona_Tapas_5.jpg\" rel=\"lightbox\"><img loading=\"lazy\" decoding=\"async\" data-attachment-id=\"504\" data-permalink=\"http:\/\/paseo-barcelona.de\/barcelona\/stadtfuhrungen\/kultur-und-tapas\/paseobarcelona_tapas_5\/\" data-orig-file=\"https:\/\/i0.wp.com\/paseo-barcelona.de\/barcelona\/wp-content\/uploads\/2013\/06\/PaseoBarcelona_Tapas_5.jpg?fit=1024%2C683\" data-orig-size=\"1024,683\" data-comments-opened=\"0\" data-image-meta=\"{&quot;aperture&quot;:&quot;5.6&quot;,&quot;credit&quot;:&quot;&quot;,&quot;camera&quot;:&quot;Canon EOS 550D&quot;,&quot;caption&quot;:&quot;&quot;,&quot;created_timestamp&quot;:&quot;1358773816&quot;,&quot;copyright&quot;:&quot;&quot;,&quot;focal_length&quot;:&quot;24&quot;,&quot;iso&quot;:&quot;1600&quot;,&quot;shutter_speed&quot;:&quot;0.01&quot;,&quot;title&quot;:&quot;&quot;}\" data-image-title=\"PaseoBarcelona_Tapas_5\" data-image-description=\"\" data-image-caption=\"&lt;p&gt;Tapas Kellner&lt;\/p&gt;\n\" data-medium-file=\"https:\/\/i0.wp.com\/paseo-barcelona.de\/barcelona\/wp-content\/uploads\/2013\/06\/PaseoBarcelona_Tapas_5.jpg?fit=300%2C200\" data-large-file=\"https:\/\/i0.wp.com\/paseo-barcelona.de\/barcelona\/wp-content\/uploads\/2013\/06\/PaseoBarcelona_Tapas_5.jpg?fit=800%2C534\" tabindex=\"0\" role=\"button\" class=\"size-full wp-image-504\" src=\"https:\/\/i0.wp.com\/paseo-barcelona.de\/barcelona\/wp-content\/uploads\/2013\/06\/PaseoBarcelona_Tapas_5.jpg?resize=800%2C534\" alt=\"\" width=\"800\" height=\"534\" srcset=\"https:\/\/i0.wp.com\/paseo-barcelona.de\/barcelona\/wp-content\/uploads\/2013\/06\/PaseoBarcelona_Tapas_5.jpg?w=1024 1024w, https:\/\/i0.wp.com\/paseo-barcelona.de\/barcelona\/wp-content\/uploads\/2013\/06\/PaseoBarcelona_Tapas_5.jpg?resize=300%2C200 300w\" sizes=\"(max-width: 800px) 100vw, 800px\" data-recalc-dims=\"1\" \/><\/a><figcaption id=\"caption-attachment-504\" class=\"wp-caption-text\">Tapas Kellner<\/figcaption><\/figure>\n<figure id=\"attachment_509\" aria-describedby=\"caption-attachment-509\" style=\"width: 1024px\" class=\"wp-caption aligncenter\"><a href=\"https:\/\/i0.wp.com\/paseo-barcelona.de\/barcelona\/wp-content\/uploads\/2013\/06\/paseo_barcelona_tapas3.jpg\" rel=\"lightbox\"><img loading=\"lazy\" decoding=\"async\" data-attachment-id=\"509\" data-permalink=\"http:\/\/paseo-barcelona.de\/barcelona\/stadtfuhrungen\/kultur-und-tapas\/paseo_barcelona_tapas3-2\/\" data-orig-file=\"https:\/\/i0.wp.com\/paseo-barcelona.de\/barcelona\/wp-content\/uploads\/2013\/06\/paseo_barcelona_tapas3.jpg?fit=1024%2C683\" data-orig-size=\"1024,683\" data-comments-opened=\"0\" data-image-meta=\"{&quot;aperture&quot;:&quot;5.6&quot;,&quot;credit&quot;:&quot;&quot;,&quot;camera&quot;:&quot;Canon EOS 550D&quot;,&quot;caption&quot;:&quot;&quot;,&quot;created_timestamp&quot;:&quot;1358774273&quot;,&quot;copyright&quot;:&quot;&quot;,&quot;focal_length&quot;:&quot;24&quot;,&quot;iso&quot;:&quot;800&quot;,&quot;shutter_speed&quot;:&quot;0.01&quot;,&quot;title&quot;:&quot;&quot;}\" data-image-title=\"paseo_barcelona_tapas3\" data-image-description=\"\" data-image-caption=\"&lt;p&gt;Leckere Tapas&lt;\/p&gt;\n\" data-medium-file=\"https:\/\/i0.wp.com\/paseo-barcelona.de\/barcelona\/wp-content\/uploads\/2013\/06\/paseo_barcelona_tapas3.jpg?fit=300%2C200\" data-large-file=\"https:\/\/i0.wp.com\/paseo-barcelona.de\/barcelona\/wp-content\/uploads\/2013\/06\/paseo_barcelona_tapas3.jpg?fit=800%2C534\" tabindex=\"0\" role=\"button\" class=\"size-full wp-image-509\" src=\"https:\/\/i0.wp.com\/paseo-barcelona.de\/barcelona\/wp-content\/uploads\/2013\/06\/paseo_barcelona_tapas3.jpg?resize=800%2C534\" alt=\"\" width=\"800\" height=\"534\" srcset=\"https:\/\/i0.wp.com\/paseo-barcelona.de\/barcelona\/wp-content\/uploads\/2013\/06\/paseo_barcelona_tapas3.jpg?w=1024 1024w, https:\/\/i0.wp.com\/paseo-barcelona.de\/barcelona\/wp-content\/uploads\/2013\/06\/paseo_barcelona_tapas3.jpg?resize=300%2C200 300w\" sizes=\"(max-width: 800px) 100vw, 800px\" data-recalc-dims=\"1\" \/><\/a><figcaption id=\"caption-attachment-509\" class=\"wp-caption-text\">Leckere Tapas<\/figcaption><\/figure>\n<figure id=\"attachment_508\" aria-describedby=\"caption-attachment-508\" style=\"width: 1024px\" class=\"wp-caption aligncenter\"><a href=\"https:\/\/i0.wp.com\/paseo-barcelona.de\/barcelona\/wp-content\/uploads\/2013\/06\/paseo_barcelona_tapas2.jpg\" rel=\"lightbox\"><img loading=\"lazy\" decoding=\"async\" data-attachment-id=\"508\" data-permalink=\"http:\/\/paseo-barcelona.de\/barcelona\/stadtfuhrungen\/kultur-und-tapas\/paseo_barcelona_tapas2\/\" data-orig-file=\"https:\/\/i0.wp.com\/paseo-barcelona.de\/barcelona\/wp-content\/uploads\/2013\/06\/paseo_barcelona_tapas2.jpg?fit=1024%2C683\" data-orig-size=\"1024,683\" data-comments-opened=\"0\" data-image-meta=\"{&quot;aperture&quot;:&quot;2.8&quot;,&quot;credit&quot;:&quot;&quot;,&quot;camera&quot;:&quot;Canon EOS 550D&quot;,&quot;caption&quot;:&quot;&quot;,&quot;created_timestamp&quot;:&quot;1358773636&quot;,&quot;copyright&quot;:&quot;&quot;,&quot;focal_length&quot;:&quot;24&quot;,&quot;iso&quot;:&quot;400&quot;,&quot;shutter_speed&quot;:&quot;0.01&quot;,&quot;title&quot;:&quot;&quot;}\" data-image-title=\"paseo_barcelona_tapas2\" data-image-description=\"\" data-image-caption=\"&lt;p&gt;&#8230; mit Bier&lt;\/p&gt;\n\" data-medium-file=\"https:\/\/i0.wp.com\/paseo-barcelona.de\/barcelona\/wp-content\/uploads\/2013\/06\/paseo_barcelona_tapas2.jpg?fit=300%2C200\" data-large-file=\"https:\/\/i0.wp.com\/paseo-barcelona.de\/barcelona\/wp-content\/uploads\/2013\/06\/paseo_barcelona_tapas2.jpg?fit=800%2C534\" tabindex=\"0\" role=\"button\" class=\"size-full wp-image-508\" src=\"https:\/\/i0.wp.com\/paseo-barcelona.de\/barcelona\/wp-content\/uploads\/2013\/06\/paseo_barcelona_tapas2.jpg?resize=800%2C534\" alt=\"\" width=\"800\" height=\"534\" srcset=\"https:\/\/i0.wp.com\/paseo-barcelona.de\/barcelona\/wp-content\/uploads\/2013\/06\/paseo_barcelona_tapas2.jpg?w=1024 1024w, https:\/\/i0.wp.com\/paseo-barcelona.de\/barcelona\/wp-content\/uploads\/2013\/06\/paseo_barcelona_tapas2.jpg?resize=300%2C200 300w\" sizes=\"(max-width: 800px) 100vw, 800px\" data-recalc-dims=\"1\" \/><\/a><figcaption id=\"caption-attachment-508\" class=\"wp-caption-text\">&#8230; mit Bier<\/figcaption><\/figure>\n<figure id=\"attachment_505\" aria-describedby=\"caption-attachment-505\" style=\"width: 1024px\" class=\"wp-caption aligncenter\"><a href=\"https:\/\/i0.wp.com\/paseo-barcelona.de\/barcelona\/wp-content\/uploads\/2013\/06\/PaseoBarcelona_Tapas_6.jpg\" rel=\"lightbox\"><img loading=\"lazy\" decoding=\"async\" data-attachment-id=\"505\" data-permalink=\"http:\/\/paseo-barcelona.de\/barcelona\/stadtfuhrungen\/kultur-und-tapas\/paseobarcelona_tapas_6-2\/\" data-orig-file=\"https:\/\/i0.wp.com\/paseo-barcelona.de\/barcelona\/wp-content\/uploads\/2013\/06\/PaseoBarcelona_Tapas_6.jpg?fit=1024%2C683\" data-orig-size=\"1024,683\" data-comments-opened=\"0\" data-image-meta=\"{&quot;aperture&quot;:&quot;5.6&quot;,&quot;credit&quot;:&quot;&quot;,&quot;camera&quot;:&quot;Canon EOS 550D&quot;,&quot;caption&quot;:&quot;&quot;,&quot;created_timestamp&quot;:&quot;1358774273&quot;,&quot;copyright&quot;:&quot;&quot;,&quot;focal_length&quot;:&quot;24&quot;,&quot;iso&quot;:&quot;800&quot;,&quot;shutter_speed&quot;:&quot;0.01&quot;,&quot;title&quot;:&quot;&quot;}\" data-image-title=\"PaseoBarcelona_Tapas_6\" data-image-description=\"\" data-image-caption=\"&lt;p&gt;Variation&lt;\/p&gt;\n\" data-medium-file=\"https:\/\/i0.wp.com\/paseo-barcelona.de\/barcelona\/wp-content\/uploads\/2013\/06\/PaseoBarcelona_Tapas_6.jpg?fit=300%2C200\" data-large-file=\"https:\/\/i0.wp.com\/paseo-barcelona.de\/barcelona\/wp-content\/uploads\/2013\/06\/PaseoBarcelona_Tapas_6.jpg?fit=800%2C534\" tabindex=\"0\" role=\"button\" class=\"size-full wp-image-505\" src=\"https:\/\/i0.wp.com\/paseo-barcelona.de\/barcelona\/wp-content\/uploads\/2013\/06\/PaseoBarcelona_Tapas_6.jpg?resize=800%2C534\" alt=\"\" width=\"800\" height=\"534\" srcset=\"https:\/\/i0.wp.com\/paseo-barcelona.de\/barcelona\/wp-content\/uploads\/2013\/06\/PaseoBarcelona_Tapas_6.jpg?w=1024 1024w, https:\/\/i0.wp.com\/paseo-barcelona.de\/barcelona\/wp-content\/uploads\/2013\/06\/PaseoBarcelona_Tapas_6.jpg?resize=300%2C200 300w\" sizes=\"(max-width: 800px) 100vw, 800px\" data-recalc-dims=\"1\" \/><\/a><figcaption id=\"caption-attachment-505\" class=\"wp-caption-text\">Variation<\/figcaption><\/figure>\n<p>&nbsp;<\/p>\n","protected":false},"excerpt":{"rendered":"<p>Genie\u00dfen Sie im wahrsten Sinne des Wortes die Altstadt von Barcelona. Lassen Sie sich entf\u00fchren in die romantischen Gassen von Barcelona und runden Sie das Erlebnis mit einem Besuch in &#8230;<\/p>\n","protected":false},"author":1,"featured_media":510,"parent":10,"menu_order":0,"comment_status":"closed","ping_status":"closed","template":"","meta":{"jetpack_post_was_ever_published":false,"footnotes":""},"class_list":["post-59","page","type-page","status-publish","has-post-thumbnail","hentry"],"yoast_head":"<!-- This site is optimized with the Yoast SEO plugin v23.2 - https:\/\/yoast.com\/wordpress\/plugins\/seo\/ -->\n<title>Kultur und Tapas F\u00fchrung in Barcelona<\/title>\n<meta name=\"description\" content=\"Genie\u00dfen Sie Barcelona mit allen Sinnen. Erleben Sie die Kultur und Geschichte Barcelonas und kosten Sie leckere Tapas in dieser exklusiven Stadtf\u00fchrung.\" \/>\n<meta name=\"robots\" content=\"index, follow, max-snippet:-1, max-image-preview:large, max-video-preview:-1\" \/>\n<link rel=\"canonical\" href=\"http:\/\/paseo-barcelona.de\/barcelona\/stadtfuhrungen\/kultur-und-tapas\/\" \/>\n<meta property=\"og:locale\" content=\"de_DE\" \/>\n<meta property=\"og:type\" content=\"article\" \/>\n<meta property=\"og:title\" content=\"Kultur und Tapas F\u00fchrung in Barcelona\" \/>\n<meta property=\"og:description\" content=\"Genie\u00dfen Sie Barcelona mit allen Sinnen. Erleben Sie die Kultur und Geschichte Barcelonas und kosten Sie leckere Tapas in dieser exklusiven Stadtf\u00fchrung.\" \/>\n<meta property=\"og:url\" content=\"http:\/\/paseo-barcelona.de\/barcelona\/stadtfuhrungen\/kultur-und-tapas\/\" \/>\n<meta property=\"og:site_name\" content=\"Paseo Barcelona\" \/>\n<meta property=\"article:modified_time\" content=\"2017-04-22T06:40:28+00:00\" \/>\n<meta property=\"og:image\" content=\"https:\/\/i0.wp.com\/paseo-barcelona.de\/barcelona\/wp-content\/uploads\/2013\/06\/PaseoBarcelona_Tapas_1.jpg?fit=1024%2C683\" \/>\n\t<meta property=\"og:image:width\" content=\"1024\" \/>\n\t<meta property=\"og:image:height\" content=\"683\" \/>\n\t<meta property=\"og:image:type\" content=\"image\/jpeg\" \/>\n<meta name=\"twitter:label1\" content=\"Gesch\u00e4tzte Lesezeit\" \/>\n\t<meta name=\"twitter:data1\" content=\"1\u00a0Minute\" \/>\n<script type=\"application\/ld+json\" class=\"yoast-schema-graph\">{\"@context\":\"https:\/\/schema.org\",\"@graph\":[{\"@type\":\"WebPage\",\"@id\":\"http:\/\/paseo-barcelona.de\/barcelona\/stadtfuhrungen\/kultur-und-tapas\/\",\"url\":\"http:\/\/paseo-barcelona.de\/barcelona\/stadtfuhrungen\/kultur-und-tapas\/\",\"name\":\"Kultur und Tapas F\u00fchrung in Barcelona\",\"isPartOf\":{\"@id\":\"http:\/\/paseo-barcelona.de\/barcelona\/#website\"},\"primaryImageOfPage\":{\"@id\":\"http:\/\/paseo-barcelona.de\/barcelona\/stadtfuhrungen\/kultur-und-tapas\/#primaryimage\"},\"image\":{\"@id\":\"http:\/\/paseo-barcelona.de\/barcelona\/stadtfuhrungen\/kultur-und-tapas\/#primaryimage\"},\"thumbnailUrl\":\"https:\/\/i0.wp.com\/paseo-barcelona.de\/barcelona\/wp-content\/uploads\/2013\/06\/PaseoBarcelona_Tapas_1.jpg?fit=1024%2C683\",\"datePublished\":\"2013-05-16T12:09:35+00:00\",\"dateModified\":\"2017-04-22T06:40:28+00:00\",\"description\":\"Genie\u00dfen Sie Barcelona mit allen Sinnen. Erleben Sie die Kultur und Geschichte Barcelonas und kosten Sie leckere Tapas in dieser exklusiven Stadtf\u00fchrung.\",\"breadcrumb\":{\"@id\":\"http:\/\/paseo-barcelona.de\/barcelona\/stadtfuhrungen\/kultur-und-tapas\/#breadcrumb\"},\"inLanguage\":\"de\",\"potentialAction\":[{\"@type\":\"ReadAction\",\"target\":[\"http:\/\/paseo-barcelona.de\/barcelona\/stadtfuhrungen\/kultur-und-tapas\/\"]}]},{\"@type\":\"ImageObject\",\"inLanguage\":\"de\",\"@id\":\"http:\/\/paseo-barcelona.de\/barcelona\/stadtfuhrungen\/kultur-und-tapas\/#primaryimage\",\"url\":\"https:\/\/i0.wp.com\/paseo-barcelona.de\/barcelona\/wp-content\/uploads\/2013\/06\/PaseoBarcelona_Tapas_1.jpg?fit=1024%2C683\",\"contentUrl\":\"https:\/\/i0.wp.com\/paseo-barcelona.de\/barcelona\/wp-content\/uploads\/2013\/06\/PaseoBarcelona_Tapas_1.jpg?fit=1024%2C683\",\"width\":1024,\"height\":683},{\"@type\":\"BreadcrumbList\",\"@id\":\"http:\/\/paseo-barcelona.de\/barcelona\/stadtfuhrungen\/kultur-und-tapas\/#breadcrumb\",\"itemListElement\":[{\"@type\":\"ListItem\",\"position\":1,\"name\":\"Home\",\"item\":\"http:\/\/paseo-barcelona.de\/barcelona\/\"},{\"@type\":\"ListItem\",\"position\":2,\"name\":\"Unsere Stadtf\u00fchrungen\",\"item\":\"http:\/\/paseo-barcelona.de\/barcelona\/stadtfuhrungen\/\"},{\"@type\":\"ListItem\",\"position\":3,\"name\":\"Kultur und Tapas\"}]},{\"@type\":\"WebSite\",\"@id\":\"http:\/\/paseo-barcelona.de\/barcelona\/#website\",\"url\":\"http:\/\/paseo-barcelona.de\/barcelona\/\",\"name\":\"Paseo Barcelona\",\"description\":\"Stadtf\u00fchrungen in Barcelona\",\"potentialAction\":[{\"@type\":\"SearchAction\",\"target\":{\"@type\":\"EntryPoint\",\"urlTemplate\":\"http:\/\/paseo-barcelona.de\/barcelona\/?s={search_term_string}\"},\"query-input\":\"required name=search_term_string\"}],\"inLanguage\":\"de\"}]}<\/script>\n<!-- \/ Yoast SEO plugin. -->","yoast_head_json":{"title":"Kultur und Tapas F\u00fchrung in Barcelona","description":"Genie\u00dfen Sie Barcelona mit allen Sinnen. Erleben Sie die Kultur und Geschichte Barcelonas und kosten Sie leckere Tapas in dieser exklusiven Stadtf\u00fchrung.","robots":{"index":"index","follow":"follow","max-snippet":"max-snippet:-1","max-image-preview":"max-image-preview:large","max-video-preview":"max-video-preview:-1"},"canonical":"http:\/\/paseo-barcelona.de\/barcelona\/stadtfuhrungen\/kultur-und-tapas\/","og_locale":"de_DE","og_type":"article","og_title":"Kultur und Tapas F\u00fchrung in Barcelona","og_description":"Genie\u00dfen Sie Barcelona mit allen Sinnen. Erleben Sie die Kultur und Geschichte Barcelonas und kosten Sie leckere Tapas in dieser exklusiven Stadtf\u00fchrung.","og_url":"http:\/\/paseo-barcelona.de\/barcelona\/stadtfuhrungen\/kultur-und-tapas\/","og_site_name":"Paseo Barcelona","article_modified_time":"2017-04-22T06:40:28+00:00","og_image":[{"width":1024,"height":683,"url":"https:\/\/i0.wp.com\/paseo-barcelona.de\/barcelona\/wp-content\/uploads\/2013\/06\/PaseoBarcelona_Tapas_1.jpg?fit=1024%2C683","type":"image\/jpeg"}],"twitter_misc":{"Gesch\u00e4tzte Lesezeit":"1\u00a0Minute"},"schema":{"@context":"https:\/\/schema.org","@graph":[{"@type":"WebPage","@id":"http:\/\/paseo-barcelona.de\/barcelona\/stadtfuhrungen\/kultur-und-tapas\/","url":"http:\/\/paseo-barcelona.de\/barcelona\/stadtfuhrungen\/kultur-und-tapas\/","name":"Kultur und Tapas F\u00fchrung in Barcelona","isPartOf":{"@id":"http:\/\/paseo-barcelona.de\/barcelona\/#website"},"primaryImageOfPage":{"@id":"http:\/\/paseo-barcelona.de\/barcelona\/stadtfuhrungen\/kultur-und-tapas\/#primaryimage"},"image":{"@id":"http:\/\/paseo-barcelona.de\/barcelona\/stadtfuhrungen\/kultur-und-tapas\/#primaryimage"},"thumbnailUrl":"https:\/\/i0.wp.com\/paseo-barcelona.de\/barcelona\/wp-content\/uploads\/2013\/06\/PaseoBarcelona_Tapas_1.jpg?fit=1024%2C683","datePublished":"2013-05-16T12:09:35+00:00","dateModified":"2017-04-22T06:40:28+00:00","description":"Genie\u00dfen Sie Barcelona mit allen Sinnen. Erleben Sie die Kultur und Geschichte Barcelonas und kosten Sie leckere Tapas in dieser exklusiven Stadtf\u00fchrung.","breadcrumb":{"@id":"http:\/\/paseo-barcelona.de\/barcelona\/stadtfuhrungen\/kultur-und-tapas\/#breadcrumb"},"inLanguage":"de","potentialAction":[{"@type":"ReadAction","target":["http:\/\/paseo-barcelona.de\/barcelona\/stadtfuhrungen\/kultur-und-tapas\/"]}]},{"@type":"ImageObject","inLanguage":"de","@id":"http:\/\/paseo-barcelona.de\/barcelona\/stadtfuhrungen\/kultur-und-tapas\/#primaryimage","url":"https:\/\/i0.wp.com\/paseo-barcelona.de\/barcelona\/wp-content\/uploads\/2013\/06\/PaseoBarcelona_Tapas_1.jpg?fit=1024%2C683","contentUrl":"https:\/\/i0.wp.com\/paseo-barcelona.de\/barcelona\/wp-content\/uploads\/2013\/06\/PaseoBarcelona_Tapas_1.jpg?fit=1024%2C683","width":1024,"height":683},{"@type":"BreadcrumbList","@id":"http:\/\/paseo-barcelona.de\/barcelona\/stadtfuhrungen\/kultur-und-tapas\/#breadcrumb","itemListElement":[{"@type":"ListItem","position":1,"name":"Home","item":"http:\/\/paseo-barcelona.de\/barcelona\/"},{"@type":"ListItem","position":2,"name":"Unsere Stadtf\u00fchrungen","item":"http:\/\/paseo-barcelona.de\/barcelona\/stadtfuhrungen\/"},{"@type":"ListItem","position":3,"name":"Kultur und Tapas"}]},{"@type":"WebSite","@id":"http:\/\/paseo-barcelona.de\/barcelona\/#website","url":"http:\/\/paseo-barcelona.de\/barcelona\/","name":"Paseo Barcelona","description":"Stadtf\u00fchrungen in Barcelona","potentialAction":[{"@type":"SearchAction","target":{"@type":"EntryPoint","urlTemplate":"http:\/\/paseo-barcelona.de\/barcelona\/?s={search_term_string}"},"query-input":"required name=search_term_string"}],"inLanguage":"de"}]}},"jetpack_sharing_enabled":true,"jetpack_shortlink":"https:\/\/wp.me\/P3DtfU-X","jetpack-related-posts":[],"_links":{"self":[{"href":"http:\/\/paseo-barcelona.de\/barcelona\/wp-json\/wp\/v2\/pages\/59"}],"collection":[{"href":"http:\/\/paseo-barcelona.de\/barcelona\/wp-json\/wp\/v2\/pages"}],"about":[{"href":"http:\/\/paseo-barcelona.de\/barcelona\/wp-json\/wp\/v2\/types\/page"}],"author":[{"embeddable":true,"href":"http:\/\/paseo-barcelona.de\/barcelona\/wp-json\/wp\/v2\/users\/1"}],"replies":[{"embeddable":true,"href":"http:\/\/paseo-barcelona.de\/barcelona\/wp-json\/wp\/v2\/comments?post=59"}],"version-history":[{"count":40,"href":"http:\/\/paseo-barcelona.de\/barcelona\/wp-json\/wp\/v2\/pages\/59\/revisions"}],"predecessor-version":[{"id":770,"href":"http:\/\/paseo-barcelona.de\/barcelona\/wp-json\/wp\/v2\/pages\/59\/revisions\/770"}],"up":[{"embeddable":true,"href":"http:\/\/paseo-barcelona.de\/barcelona\/wp-json\/wp\/v2\/pages\/10"}],"wp:featuredmedia":[{"embeddable":true,"href":"http:\/\/paseo-barcelona.de\/barcelona\/wp-json\/wp\/v2\/media\/510"}],"wp:attachment":[{"href":"http:\/\/paseo-barcelona.de\/barcelona\/wp-json\/wp\/v2\/media?parent=59"}],"curies":[{"name":"wp","href":"https:\/\/api.w.org\/{rel}","templated":true}]}}