{"id":612,"date":"2013-06-18T11:35:42","date_gmt":"2013-06-18T09:35:42","guid":{"rendered":"http:\/\/paseo-barcelona.de\/barcelona\/?page_id=612"},"modified":"2017-04-21T20:28:17","modified_gmt":"2017-04-21T18:28:17","slug":"ciutat-vella","status":"publish","type":"page","link":"http:\/\/paseo-barcelona.de\/barcelona\/stadtfuhrungen\/ciutat-vella\/","title":{"rendered":"Stadtf\u00fchrung Ciutat vella"},"content":{"rendered":"<p><strong><em>Sie wollen mehr von dieser atemberaubenden Stadt sehen?<\/em><\/strong><\/p>\n<p>Mit unseren halbt\u00e4gigen Stadtf\u00fchrungen erleben Sie Barcelona &#8211; die Stadt der Wunder &#8211; aus erster Hand. Gegen\u00fcber den Paseos ist es bei Stadtf\u00fchrungen m\u00f6glich einige Sehensw\u00fcrdigkeiten von innen zu besichtigen (vorherige Anmeldung notwendig). Sie k\u00f6nnen auch gerne Schwerpunkte f\u00fcr die Inhalte der Tour vorgeben.<\/p>\n<p>Unterhalb des Placa Catalunya erstreckt sich die Ciutat Vella bis Port Vell, dem alten Hafen von Barcelona. Das Distrikt besteht aus drei Barrios, kleineren Vierteln.<\/p>\n<p>Das <a title=\"Barcelonas Stadtviertel \u201cBarri G\u00f2tic\u201d\" href=\"http:\/\/paseo-barcelona.de\/barcelona\/barri-gotic\/\" target=\"_blank\" rel=\"noopener noreferrer\"><strong>Barri Gotic<\/strong><\/a> ist das mittelalterliche Viertel, das in seiner Form ziemlich genau dem alten r\u00f6mischen Barcino entspricht. <a title=\"Barcelonas Stadtviertel \u201cEl Raval\u201d\" href=\"http:\/\/paseo-barcelona.de\/barcelona\/neue-webseite\/\" target=\"_blank\" rel=\"noopener noreferrer\"><strong>El Raval<\/strong><\/a> ist die ehemalige Vorstadt. Ehemals befanden sich hier viele Kl\u00f6ster, zur Zeit der Industrialisierung viele Fabriken. Heute wandelt sich das Raval vom Einwandererviertel zum hippen Szeneviertel. <strong>El Born<\/strong>, auf der anderen Seite des gotischen Viertels, war das Viertel der Kaufleute. Heute befinden sich hier die trendigsten Hotels, Bars und Restaurants.<\/p>\n<p>Lassen Sie sich von uns entf\u00fchren in die Geschichte dieser Stadt, vom Mittelalter \u00fcber die Industrialisierung bis zur Gegenwart. In bis zu 4 Stunden f\u00fchrt Sie ein <span style=\"text-decoration: underline;\">ofizieller Stadtf\u00fchrer<\/span> durch diese 3 Viertel und l\u00e4sst Sie so teilhaben an einem Teil europ\u00e4ischer Geschichte. Teilen Sie uns auch gerne Ihre inhaltlichen Schwerpunkte und passen Sie so die F\u00fchrung Ihren pers\u00f6nlichen Vorlieben an.<\/p>\n<h2>Highlights<\/h2>\n<figure id=\"attachment_620\" aria-describedby=\"caption-attachment-620\" style=\"width: 200px\" class=\"wp-caption alignright\"><img loading=\"lazy\" decoding=\"async\" data-attachment-id=\"620\" data-permalink=\"http:\/\/paseo-barcelona.de\/barcelona\/stadtfuhrungen\/ciutat-vella\/paseobarcelona_cdelbisbe\/\" data-orig-file=\"https:\/\/i0.wp.com\/paseo-barcelona.de\/barcelona\/wp-content\/uploads\/2013\/06\/PaseoBarcelona_CdelBisbe.jpg?fit=200%2C300\" data-orig-size=\"200,300\" data-comments-opened=\"0\" data-image-meta=\"{&quot;aperture&quot;:&quot;4.5&quot;,&quot;credit&quot;:&quot;&quot;,&quot;camera&quot;:&quot;Canon EOS 550D&quot;,&quot;caption&quot;:&quot;&quot;,&quot;created_timestamp&quot;:&quot;1306475754&quot;,&quot;copyright&quot;:&quot;&quot;,&quot;focal_length&quot;:&quot;29&quot;,&quot;iso&quot;:&quot;1600&quot;,&quot;shutter_speed&quot;:&quot;0.00625&quot;,&quot;title&quot;:&quot;&quot;}\" data-image-title=\"PaseoBarcelona_CdelBisbe\" data-image-description=\"\" data-image-caption=\"&lt;p&gt;Carrer del Bisbe im Barri G\u00f2tic&lt;\/p&gt;\n\" data-medium-file=\"https:\/\/i0.wp.com\/paseo-barcelona.de\/barcelona\/wp-content\/uploads\/2013\/06\/PaseoBarcelona_CdelBisbe.jpg?fit=200%2C300\" data-large-file=\"https:\/\/i0.wp.com\/paseo-barcelona.de\/barcelona\/wp-content\/uploads\/2013\/06\/PaseoBarcelona_CdelBisbe.jpg?fit=200%2C300\" tabindex=\"0\" role=\"button\" class=\"size-full wp-image-620 \" src=\"https:\/\/i0.wp.com\/paseo-barcelona.de\/barcelona\/wp-content\/uploads\/2013\/06\/PaseoBarcelona_CdelBisbe.jpg?resize=200%2C300\" alt=\"Carrer del Bisbe Barcelona\" width=\"200\" height=\"300\" data-recalc-dims=\"1\" \/><figcaption id=\"caption-attachment-620\" class=\"wp-caption-text\">Carrer del Bisbe im Barri G\u00f2tic<\/figcaption><\/figure>\n<ul>\n<li>Eigener Reisef\u00fchrer f\u00fcr die Gruppe<\/li>\n<li>Enge verwinkelte Gassen des Barri G\u00f2tic<\/li>\n<li>Internationales Viertel El Raval<\/li>\n<li>Hippe Szene in El Born<\/li>\n<\/ul>\n<div><em>Preis: <\/em><strong>250,00Euro f\u00fcr 10 Personen <\/strong>(jeder weitere Teilnehmer 10,- Euro)<\/div>\n<div><em>Dauer<\/em>: bis 4 Stunden<\/div>\n<div><em>Sprache<\/em>: Deutsch<\/div>\n<p><em>Treffpunkt<\/em>: frei w\u00e4hlbar<br \/>\n<em>Startzeit:<\/em> frei w\u00e4hlbar<\/p>\n<h2><\/h2>\n<h2>Impressionen der Tour<\/h2>\n\n\t\t<div data-carousel-extra='{\"blog_id\":1,\"permalink\":\"http:\\\/\\\/paseo-barcelona.de\\\/barcelona\\\/stadtfuhrungen\\\/ciutat-vella\\\/\"}' id='gallery-1' class='gallery galleryid-612 gallery-columns-3 gallery-size-thumbnail gallery1'><script type=\"text\/javascript\">\r\n\/\/ <![CDATA[\r\n\tjQuery(document).ready(function () {\r\n\t\tjQuery(\".gallery1 a\").attr(\"rel\",\"gallery1\");\t\r\n\t\tjQuery('a[rel=\"gallery1\"]').colorbox({maxWidth:\"95%\", maxHeight:\"95%\",title: function(){ return jQuery(this).children().attr(\"alt\"); }, });\r\n\t});\r\n\/\/ ]]>\r\n<\/script>\n<figure class=\"gallery-item\">\n<div class=\"gallery-icon\">\r\n<a href=\"https:\/\/i0.wp.com\/paseo-barcelona.de\/barcelona\/wp-content\/uploads\/2013\/06\/PaseoBarcelona_Boqueria.jpg?fit=1024%2C693\" title=\"Mecat de la Boqueria\" rel=\"gallery1\"><img loading=\"lazy\" decoding=\"async\" src=\"https:\/\/i0.wp.com\/paseo-barcelona.de\/barcelona\/wp-content\/uploads\/2013\/06\/PaseoBarcelona_Boqueria.jpg?resize=150%2C150\" width=\"150\" height=\"150\" alt=\"Mecat de la Boqueria\" \/><\/a>\r\n<\/div><figcaption class=\"gallery-caption\" id=\"caption623\"><span class=\"imagecaption\">Mecat de la Boqueria<\/span><br \/>\n<\/figcaption><\/figure><figure class=\"gallery-item\">\n<div class=\"gallery-icon\">\r\n<a href=\"https:\/\/i0.wp.com\/paseo-barcelona.de\/barcelona\/wp-content\/uploads\/2013\/06\/PaseoBarcelona_Boqueria2.jpg?fit=1024%2C712\" title=\"Mercat de la Boqueria\" rel=\"gallery1\"><img loading=\"lazy\" decoding=\"async\" src=\"https:\/\/i0.wp.com\/paseo-barcelona.de\/barcelona\/wp-content\/uploads\/2013\/06\/PaseoBarcelona_Boqueria2.jpg?resize=150%2C150\" width=\"150\" height=\"150\" alt=\"Mercat de la Boqueria\" \/><\/a>\r\n<\/div><figcaption class=\"gallery-caption\" id=\"caption624\"><span class=\"imagecaption\">Mercat de la Boqueria<\/span><br \/>\n<\/figcaption><\/figure><figure class=\"gallery-item\">\n<div class=\"gallery-icon\">\r\n<a href=\"https:\/\/i0.wp.com\/paseo-barcelona.de\/barcelona\/wp-content\/uploads\/2013\/06\/PaseoBarcelona_PldelRei.jpg?fit=1984%2C1488\" title=\"Placa del Rei\" rel=\"gallery1\"><img loading=\"lazy\" decoding=\"async\" src=\"https:\/\/i0.wp.com\/paseo-barcelona.de\/barcelona\/wp-content\/uploads\/2013\/06\/PaseoBarcelona_PldelRei.jpg?resize=150%2C150\" width=\"150\" height=\"150\" alt=\"Placa del Rei\" \/><\/a>\r\n<\/div><figcaption class=\"gallery-caption\" id=\"caption625\"><span class=\"imagecaption\">Placa del Rei<\/span><br \/>\n<\/figcaption><\/figure><figure class=\"gallery-item\">\n<div class=\"gallery-icon\">\r\n<a href=\"https:\/\/i0.wp.com\/paseo-barcelona.de\/barcelona\/wp-content\/uploads\/2013\/06\/PaseoBarcelona_Gasse.jpg?fit=600%2C800\" title=\"Gasse im Barri G\u00f2tic\" rel=\"gallery1\"><img loading=\"lazy\" decoding=\"async\" src=\"https:\/\/i0.wp.com\/paseo-barcelona.de\/barcelona\/wp-content\/uploads\/2013\/06\/PaseoBarcelona_Gasse.jpg?resize=150%2C150\" width=\"150\" height=\"150\" alt=\"Gasse im Barri G\u00f2tic\" \/><\/a>\r\n<\/div><figcaption class=\"gallery-caption\" id=\"caption626\"><span class=\"imagecaption\">Gasse im Barri G\u00f2tic<\/span><br \/>\n<\/figcaption><\/figure><figure class=\"gallery-item\">\n<div class=\"gallery-icon\">\r\n<a href=\"https:\/\/i0.wp.com\/paseo-barcelona.de\/barcelona\/wp-content\/uploads\/2013\/06\/PaseoBarcelona_Sardana.jpg?fit=1024%2C768\" title=\"Sardana vor der Kathedrale\" rel=\"gallery1\"><img loading=\"lazy\" decoding=\"async\" src=\"https:\/\/i0.wp.com\/paseo-barcelona.de\/barcelona\/wp-content\/uploads\/2013\/06\/PaseoBarcelona_Sardana.jpg?resize=150%2C150\" width=\"150\" height=\"150\" alt=\"Sardana vor der Kathedrale\" \/><\/a>\r\n<\/div><figcaption class=\"gallery-caption\" id=\"caption627\"><span class=\"imagecaption\">Sardana vor der Kathedrale<\/span><br \/>\n<\/figcaption><\/figure><figure class=\"gallery-item\">\n<div class=\"gallery-icon\">\r\n<a href=\"https:\/\/i0.wp.com\/paseo-barcelona.de\/barcelona\/wp-content\/uploads\/2013\/06\/PaseoBarcelona_Rambla.jpg?fit=1024%2C683\" title=\"Schausteller auf der Rambla\" rel=\"gallery1\"><img loading=\"lazy\" decoding=\"async\" src=\"https:\/\/i0.wp.com\/paseo-barcelona.de\/barcelona\/wp-content\/uploads\/2013\/06\/PaseoBarcelona_Rambla.jpg?resize=150%2C150\" width=\"150\" height=\"150\" alt=\"Schausteller auf der Rambla\" \/><\/a>\r\n<\/div><figcaption class=\"gallery-caption\" id=\"caption628\"><span class=\"imagecaption\">Schausteller auf der Rambla<\/span><br \/>\n<\/figcaption><\/figure><figure class=\"gallery-item\">\n<div class=\"gallery-icon\">\r\n<a href=\"https:\/\/i0.wp.com\/paseo-barcelona.de\/barcelona\/wp-content\/uploads\/2013\/06\/PaseoBarcelona_Palau.jpg?fit=1024%2C683\" title=\"Palau Reial Major\" rel=\"gallery1\"><img loading=\"lazy\" decoding=\"async\" src=\"https:\/\/i0.wp.com\/paseo-barcelona.de\/barcelona\/wp-content\/uploads\/2013\/06\/PaseoBarcelona_Palau.jpg?resize=150%2C150\" width=\"150\" height=\"150\" alt=\"Palau Reial Major\" \/><\/a>\r\n<\/div><figcaption class=\"gallery-caption\" id=\"caption629\"><span class=\"imagecaption\">Palau Reial Major<\/span><br \/>\n<\/figcaption><\/figure>\r\n\t\t<\/div>\n\n","protected":false},"excerpt":{"rendered":"<p>Sie wollen mehr von dieser atemberaubenden Stadt sehen? Mit unseren halbt\u00e4gigen Stadtf\u00fchrungen erleben Sie Barcelona &#8211; die Stadt der Wunder &#8211; aus erster Hand. Gegen\u00fcber den Paseos ist es bei &#8230;<\/p>\n","protected":false},"author":1,"featured_media":526,"parent":10,"menu_order":0,"comment_status":"closed","ping_status":"closed","template":"","meta":{"jetpack_post_was_ever_published":false,"footnotes":""},"class_list":["post-612","page","type-page","status-publish","has-post-thumbnail","hentry"],"yoast_head":"<!-- This site is optimized with the Yoast SEO plugin v23.2 - https:\/\/yoast.com\/wordpress\/plugins\/seo\/ -->\n<title>Stadtf\u00fchrung Ciutat vella in der Altstadt von Barcelona<\/title>\n<meta name=\"description\" content=\"Stadtf\u00fchrung in der Altstadt von Barcelona - Barri G\u00f2tic, El Raval, El Born und\" \/>\n<meta name=\"robots\" content=\"index, follow, max-snippet:-1, max-image-preview:large, max-video-preview:-1\" \/>\n<link rel=\"canonical\" href=\"http:\/\/paseo-barcelona.de\/barcelona\/stadtfuhrungen\/ciutat-vella\/\" \/>\n<meta property=\"og:locale\" content=\"de_DE\" \/>\n<meta property=\"og:type\" content=\"article\" \/>\n<meta property=\"og:title\" content=\"Stadtf\u00fchrung Ciutat vella in der Altstadt von Barcelona\" \/>\n<meta property=\"og:description\" content=\"Stadtf\u00fchrung in der Altstadt von Barcelona - Barri G\u00f2tic, El Raval, El Born und\" \/>\n<meta property=\"og:url\" content=\"http:\/\/paseo-barcelona.de\/barcelona\/stadtfuhrungen\/ciutat-vella\/\" \/>\n<meta property=\"og:site_name\" content=\"Paseo Barcelona\" \/>\n<meta property=\"article:modified_time\" content=\"2017-04-21T18:28:17+00:00\" \/>\n<meta property=\"og:image\" content=\"https:\/\/i0.wp.com\/paseo-barcelona.de\/barcelona\/wp-content\/uploads\/2013\/04\/Barcelona_santa_maria_p\u00ec.jpg?fit=2048%2C1536\" \/>\n\t<meta property=\"og:image:width\" content=\"2048\" \/>\n\t<meta property=\"og:image:height\" content=\"1536\" \/>\n\t<meta property=\"og:image:type\" content=\"image\/jpeg\" \/>\n<meta name=\"twitter:label1\" content=\"Gesch\u00e4tzte Lesezeit\" \/>\n\t<meta name=\"twitter:data1\" content=\"1\u00a0Minute\" \/>\n<script type=\"application\/ld+json\" class=\"yoast-schema-graph\">{\"@context\":\"https:\/\/schema.org\",\"@graph\":[{\"@type\":\"WebPage\",\"@id\":\"http:\/\/paseo-barcelona.de\/barcelona\/stadtfuhrungen\/ciutat-vella\/\",\"url\":\"http:\/\/paseo-barcelona.de\/barcelona\/stadtfuhrungen\/ciutat-vella\/\",\"name\":\"Stadtf\u00fchrung Ciutat vella in der Altstadt von Barcelona\",\"isPartOf\":{\"@id\":\"http:\/\/paseo-barcelona.de\/barcelona\/#website\"},\"primaryImageOfPage\":{\"@id\":\"http:\/\/paseo-barcelona.de\/barcelona\/stadtfuhrungen\/ciutat-vella\/#primaryimage\"},\"image\":{\"@id\":\"http:\/\/paseo-barcelona.de\/barcelona\/stadtfuhrungen\/ciutat-vella\/#primaryimage\"},\"thumbnailUrl\":\"https:\/\/i0.wp.com\/paseo-barcelona.de\/barcelona\/wp-content\/uploads\/2013\/04\/Barcelona_santa_maria_p\u00ec.jpg?fit=2048%2C1536\",\"datePublished\":\"2013-06-18T09:35:42+00:00\",\"dateModified\":\"2017-04-21T18:28:17+00:00\",\"description\":\"Stadtf\u00fchrung in der Altstadt von Barcelona - Barri G\u00f2tic, El Raval, El Born und\",\"breadcrumb\":{\"@id\":\"http:\/\/paseo-barcelona.de\/barcelona\/stadtfuhrungen\/ciutat-vella\/#breadcrumb\"},\"inLanguage\":\"de\",\"potentialAction\":[{\"@type\":\"ReadAction\",\"target\":[\"http:\/\/paseo-barcelona.de\/barcelona\/stadtfuhrungen\/ciutat-vella\/\"]}]},{\"@type\":\"ImageObject\",\"inLanguage\":\"de\",\"@id\":\"http:\/\/paseo-barcelona.de\/barcelona\/stadtfuhrungen\/ciutat-vella\/#primaryimage\",\"url\":\"https:\/\/i0.wp.com\/paseo-barcelona.de\/barcelona\/wp-content\/uploads\/2013\/04\/Barcelona_santa_maria_p\u00ec.jpg?fit=2048%2C1536\",\"contentUrl\":\"https:\/\/i0.wp.com\/paseo-barcelona.de\/barcelona\/wp-content\/uploads\/2013\/04\/Barcelona_santa_maria_p\u00ec.jpg?fit=2048%2C1536\",\"width\":2048,\"height\":1536,\"caption\":\"Santa Maria del Mar\"},{\"@type\":\"BreadcrumbList\",\"@id\":\"http:\/\/paseo-barcelona.de\/barcelona\/stadtfuhrungen\/ciutat-vella\/#breadcrumb\",\"itemListElement\":[{\"@type\":\"ListItem\",\"position\":1,\"name\":\"Home\",\"item\":\"http:\/\/paseo-barcelona.de\/barcelona\/\"},{\"@type\":\"ListItem\",\"position\":2,\"name\":\"Unsere Stadtf\u00fchrungen\",\"item\":\"http:\/\/paseo-barcelona.de\/barcelona\/stadtfuhrungen\/\"},{\"@type\":\"ListItem\",\"position\":3,\"name\":\"Stadtf\u00fchrung Ciutat vella\"}]},{\"@type\":\"WebSite\",\"@id\":\"http:\/\/paseo-barcelona.de\/barcelona\/#website\",\"url\":\"http:\/\/paseo-barcelona.de\/barcelona\/\",\"name\":\"Paseo Barcelona\",\"description\":\"Stadtf\u00fchrungen in Barcelona\",\"potentialAction\":[{\"@type\":\"SearchAction\",\"target\":{\"@type\":\"EntryPoint\",\"urlTemplate\":\"http:\/\/paseo-barcelona.de\/barcelona\/?s={search_term_string}\"},\"query-input\":\"required name=search_term_string\"}],\"inLanguage\":\"de\"}]}<\/script>\n<!-- \/ Yoast SEO plugin. -->","yoast_head_json":{"title":"Stadtf\u00fchrung Ciutat vella in der Altstadt von Barcelona","description":"Stadtf\u00fchrung in der Altstadt von Barcelona - Barri G\u00f2tic, El Raval, El Born und","robots":{"index":"index","follow":"follow","max-snippet":"max-snippet:-1","max-image-preview":"max-image-preview:large","max-video-preview":"max-video-preview:-1"},"canonical":"http:\/\/paseo-barcelona.de\/barcelona\/stadtfuhrungen\/ciutat-vella\/","og_locale":"de_DE","og_type":"article","og_title":"Stadtf\u00fchrung Ciutat vella in der Altstadt von Barcelona","og_description":"Stadtf\u00fchrung in der Altstadt von Barcelona - Barri G\u00f2tic, El Raval, El Born und","og_url":"http:\/\/paseo-barcelona.de\/barcelona\/stadtfuhrungen\/ciutat-vella\/","og_site_name":"Paseo Barcelona","article_modified_time":"2017-04-21T18:28:17+00:00","og_image":[{"width":2048,"height":1536,"url":"https:\/\/i0.wp.com\/paseo-barcelona.de\/barcelona\/wp-content\/uploads\/2013\/04\/Barcelona_santa_maria_p\u00ec.jpg?fit=2048%2C1536","type":"image\/jpeg"}],"twitter_misc":{"Gesch\u00e4tzte Lesezeit":"1\u00a0Minute"},"schema":{"@context":"https:\/\/schema.org","@graph":[{"@type":"WebPage","@id":"http:\/\/paseo-barcelona.de\/barcelona\/stadtfuhrungen\/ciutat-vella\/","url":"http:\/\/paseo-barcelona.de\/barcelona\/stadtfuhrungen\/ciutat-vella\/","name":"Stadtf\u00fchrung Ciutat vella in der Altstadt von Barcelona","isPartOf":{"@id":"http:\/\/paseo-barcelona.de\/barcelona\/#website"},"primaryImageOfPage":{"@id":"http:\/\/paseo-barcelona.de\/barcelona\/stadtfuhrungen\/ciutat-vella\/#primaryimage"},"image":{"@id":"http:\/\/paseo-barcelona.de\/barcelona\/stadtfuhrungen\/ciutat-vella\/#primaryimage"},"thumbnailUrl":"https:\/\/i0.wp.com\/paseo-barcelona.de\/barcelona\/wp-content\/uploads\/2013\/04\/Barcelona_santa_maria_p\u00ec.jpg?fit=2048%2C1536","datePublished":"2013-06-18T09:35:42+00:00","dateModified":"2017-04-21T18:28:17+00:00","description":"Stadtf\u00fchrung in der Altstadt von Barcelona - Barri G\u00f2tic, El Raval, El Born und","breadcrumb":{"@id":"http:\/\/paseo-barcelona.de\/barcelona\/stadtfuhrungen\/ciutat-vella\/#breadcrumb"},"inLanguage":"de","potentialAction":[{"@type":"ReadAction","target":["http:\/\/paseo-barcelona.de\/barcelona\/stadtfuhrungen\/ciutat-vella\/"]}]},{"@type":"ImageObject","inLanguage":"de","@id":"http:\/\/paseo-barcelona.de\/barcelona\/stadtfuhrungen\/ciutat-vella\/#primaryimage","url":"https:\/\/i0.wp.com\/paseo-barcelona.de\/barcelona\/wp-content\/uploads\/2013\/04\/Barcelona_santa_maria_p\u00ec.jpg?fit=2048%2C1536","contentUrl":"https:\/\/i0.wp.com\/paseo-barcelona.de\/barcelona\/wp-content\/uploads\/2013\/04\/Barcelona_santa_maria_p\u00ec.jpg?fit=2048%2C1536","width":2048,"height":1536,"caption":"Santa Maria del Mar"},{"@type":"BreadcrumbList","@id":"http:\/\/paseo-barcelona.de\/barcelona\/stadtfuhrungen\/ciutat-vella\/#breadcrumb","itemListElement":[{"@type":"ListItem","position":1,"name":"Home","item":"http:\/\/paseo-barcelona.de\/barcelona\/"},{"@type":"ListItem","position":2,"name":"Unsere Stadtf\u00fchrungen","item":"http:\/\/paseo-barcelona.de\/barcelona\/stadtfuhrungen\/"},{"@type":"ListItem","position":3,"name":"Stadtf\u00fchrung Ciutat vella"}]},{"@type":"WebSite","@id":"http:\/\/paseo-barcelona.de\/barcelona\/#website","url":"http:\/\/paseo-barcelona.de\/barcelona\/","name":"Paseo Barcelona","description":"Stadtf\u00fchrungen in Barcelona","potentialAction":[{"@type":"SearchAction","target":{"@type":"EntryPoint","urlTemplate":"http:\/\/paseo-barcelona.de\/barcelona\/?s={search_term_string}"},"query-input":"required name=search_term_string"}],"inLanguage":"de"}]}},"jetpack_sharing_enabled":true,"jetpack_shortlink":"https:\/\/wp.me\/P3DtfU-9S","jetpack-related-posts":[],"_links":{"self":[{"href":"http:\/\/paseo-barcelona.de\/barcelona\/wp-json\/wp\/v2\/pages\/612"}],"collection":[{"href":"http:\/\/paseo-barcelona.de\/barcelona\/wp-json\/wp\/v2\/pages"}],"about":[{"href":"http:\/\/paseo-barcelona.de\/barcelona\/wp-json\/wp\/v2\/types\/page"}],"author":[{"embeddable":true,"href":"http:\/\/paseo-barcelona.de\/barcelona\/wp-json\/wp\/v2\/users\/1"}],"replies":[{"embeddable":true,"href":"http:\/\/paseo-barcelona.de\/barcelona\/wp-json\/wp\/v2\/comments?post=612"}],"version-history":[{"count":15,"href":"http:\/\/paseo-barcelona.de\/barcelona\/wp-json\/wp\/v2\/pages\/612\/revisions"}],"predecessor-version":[{"id":742,"href":"http:\/\/paseo-barcelona.de\/barcelona\/wp-json\/wp\/v2\/pages\/612\/revisions\/742"}],"up":[{"embeddable":true,"href":"http:\/\/paseo-barcelona.de\/barcelona\/wp-json\/wp\/v2\/pages\/10"}],"wp:featuredmedia":[{"embeddable":true,"href":"http:\/\/paseo-barcelona.de\/barcelona\/wp-json\/wp\/v2\/media\/526"}],"wp:attachment":[{"href":"http:\/\/paseo-barcelona.de\/barcelona\/wp-json\/wp\/v2\/media?parent=612"}],"curies":[{"name":"wp","href":"https:\/\/api.w.org\/{rel}","templated":true}]}}