{"id":635,"date":"2013-06-18T13:11:21","date_gmt":"2013-06-18T11:11:21","guid":{"rendered":"http:\/\/paseo-barcelona.de\/barcelona\/?page_id=635"},"modified":"2017-04-21T20:28:52","modified_gmt":"2017-04-21T18:28:52","slug":"stadtfuhrung-modernisme","status":"publish","type":"page","link":"http:\/\/paseo-barcelona.de\/barcelona\/stadtfuhrungen\/stadtfuhrung-modernisme\/","title":{"rendered":"Stadtf\u00fchrung Modernisme"},"content":{"rendered":"<p><strong>Der Modernisme ist Kataloniens Jugendstil und Barcelona seine Galerie.<\/strong><\/p>\n<p align=\"justify\"><div class=\"su-quote su-quote-style-default\"><div class=\"su-quote-inner su-u-clearfix su-u-trim\">&#8222;Barcelona posa\u00b4t guapa&#8220; &#8211; Barcelona mach Dich sch\u00f6n.<\/div><\/div>\n<p align=\"justify\">Mit unseren halbt\u00e4gigen Stadtf\u00fchrungen erleben Sie Barcelona \u2013 die Stadt der Wunder \u2013 aus erster Hand. Unsere offiziellen Stadtf\u00fchrer f\u00fchren Sie ein in die Architektur des Modernisme. Gegen\u00fcber den Paseos ist es bei Stadtf\u00fchrungen m\u00f6glich einige Sehensw\u00fcrdigkeiten von innen zu besichtigen (vorherige Anmeldung notwendig). Sie k\u00f6nnen auch gerne Schwerpunkte f\u00fcr die Inhalte der Tour vorgeben.<\/p>\n<p align=\"justify\">Erleben Sie mit uns die einzigartigen, weltbekannten und teils verr\u00fcckten H\u00f6hepunkte des Modernisme und seiner Meister Antoni Gaud\u00ed, Josep Puig i Cadafalch und Lu\u00eds Dom\u00e8nech i Montaner.<\/p>\n<p align=\"justify\">Als 1854 endlich die alte Stadtmauer abgerissen wurde, konnte das \u00fcberquellende alte Barcelona wachsen: die Geburtsstunde des <em>Eixample<\/em>, des auff\u00e4llig rationalen Stadtrasters war gekommen. Mit mehr als 2000 denkmalgesch\u00fctzten Jugendstilh\u00e4usern ist die Stadt einem Freilichtmuseum f\u00fcr diesen Architekturstil vergleichbar.<\/p>\n<p>Besonders pr\u00e4chtig ist das <em>Quadrat d\u2019Or<\/em>, das goldene Quadrat am Passeig de Gr\u00e0cia, wo das reiche nationalistische Industrieb\u00fcrgertum baute. Auff\u00e4llig sollten die Stadtpal\u00e4ste sein, Geld war Nebensache. Ideale Voraussetzungen f\u00fcr Architekten und hochspezialisierte Kunsthandwerker.<\/p>\n<h2>Highlights<\/h2>\n<figure id=\"attachment_649\" aria-describedby=\"caption-attachment-649\" style=\"width: 300px\" class=\"wp-caption alignright\"><img loading=\"lazy\" decoding=\"async\" data-attachment-id=\"649\" data-permalink=\"http:\/\/paseo-barcelona.de\/barcelona\/stadtfuhrungen\/stadtfuhrung-modernisme\/olympus-digital-camera-10\/\" data-orig-file=\"https:\/\/i0.wp.com\/paseo-barcelona.de\/barcelona\/wp-content\/uploads\/2013\/06\/casamila2.jpg?fit=1024%2C768\" data-orig-size=\"1024,768\" data-comments-opened=\"0\" data-image-meta=\"{&quot;aperture&quot;:&quot;4.5&quot;,&quot;credit&quot;:&quot;&quot;,&quot;camera&quot;:&quot;C720UZ&quot;,&quot;caption&quot;:&quot;&quot;,&quot;created_timestamp&quot;:&quot;-62169984000&quot;,&quot;copyright&quot;:&quot;&quot;,&quot;focal_length&quot;:&quot;11.36&quot;,&quot;iso&quot;:&quot;100&quot;,&quot;shutter_speed&quot;:&quot;0.003125&quot;,&quot;title&quot;:&quot;OLYMPUS DIGITAL CAMERA&quot;}\" data-image-title=\"Casa Batll\u00f3\" data-image-description=\"\" data-image-caption=\"&lt;p&gt;Casa Batll\u00f3 &#8211; Modernisme in Barcelona&lt;\/p&gt;\n\" data-medium-file=\"https:\/\/i0.wp.com\/paseo-barcelona.de\/barcelona\/wp-content\/uploads\/2013\/06\/casamila2.jpg?fit=300%2C225\" data-large-file=\"https:\/\/i0.wp.com\/paseo-barcelona.de\/barcelona\/wp-content\/uploads\/2013\/06\/casamila2.jpg?fit=800%2C600\" tabindex=\"0\" role=\"button\" class=\"size-medium wp-image-649 \" src=\"https:\/\/i0.wp.com\/paseo-barcelona.de\/barcelona\/wp-content\/uploads\/2013\/06\/casamila2.jpg?resize=300%2C225\" alt=\"Casa Batll\u00f3 - Modernisme in Barcelona\" width=\"300\" height=\"225\" srcset=\"https:\/\/i0.wp.com\/paseo-barcelona.de\/barcelona\/wp-content\/uploads\/2013\/06\/casamila2.jpg?resize=300%2C225 300w, https:\/\/i0.wp.com\/paseo-barcelona.de\/barcelona\/wp-content\/uploads\/2013\/06\/casamila2.jpg?w=1024 1024w\" sizes=\"(max-width: 300px) 100vw, 300px\" data-recalc-dims=\"1\" \/><figcaption id=\"caption-attachment-649\" class=\"wp-caption-text\">Casa Batll\u00f3 &#8211; Modernisme in Barcelona<\/figcaption><\/figure>\n<ul>\n<li>Geb\u00e4ude der weltbekannten Architekten Antoni Gaud\u00ed, Josep Puig i Cadafalch und Lu\u00eds Dom\u00e8nech i Montaner<\/li>\n<li><em>Casa Batll\u00f3<\/em><\/li>\n<li><em>Casa Amatller<br \/>\n<\/em><\/li>\n<li><em>Casa Mil\u00e1 (La Pedrera)<\/em><\/li>\n<li><em>Sagrada Familia<\/em><\/li>\n<li><em>Palau de la Musica Catalana<\/em><\/li>\n<\/ul>\n<div><em>Preis: <\/em><strong>250,00Euro f\u00fcr 10 Personen <\/strong>(jeder weitere Teilnehmer 10,- Euro)<\/div>\n<div><em>Dauer<\/em>: bis 4 Stunden<\/div>\n<div><em>Sprache<\/em>: Deutsch<\/div>\n<p><em>Treffpunkt<\/em>: frei w\u00e4hlbar<br \/>\n<em>Startzeit:<\/em> frei w\u00e4hlbar<\/p>\n<h2><\/h2>\n<h2>\u00a0Impressionen<\/h2>\n\n\t\t<div data-carousel-extra='{\"blog_id\":1,\"permalink\":\"http:\\\/\\\/paseo-barcelona.de\\\/barcelona\\\/stadtfuhrungen\\\/stadtfuhrung-modernisme\\\/\"}' id='gallery-1' class='gallery galleryid-635 gallery-columns-3 gallery-size-thumbnail gallery1'><script type=\"text\/javascript\">\r\n\/\/ <![CDATA[\r\n\tjQuery(document).ready(function () {\r\n\t\tjQuery(\".gallery1 a\").attr(\"rel\",\"gallery1\");\t\r\n\t\tjQuery('a[rel=\"gallery1\"]').colorbox({maxWidth:\"95%\", maxHeight:\"95%\",title: function(){ return jQuery(this).children().attr(\"alt\"); }, });\r\n\t});\r\n\/\/ ]]>\r\n<\/script>\n<figure class=\"gallery-item\">\n<div class=\"gallery-icon\">\r\n<a href=\"https:\/\/i0.wp.com\/paseo-barcelona.de\/barcelona\/wp-content\/uploads\/2013\/06\/casamila1.jpg?fit=1024%2C768\" title=\"Casa Mil\u00e0 von Antoni Gaud\u00ed\" rel=\"gallery1\"><img loading=\"lazy\" decoding=\"async\" src=\"https:\/\/i0.wp.com\/paseo-barcelona.de\/barcelona\/wp-content\/uploads\/2013\/06\/casamila1.jpg?resize=150%2C150\" width=\"150\" height=\"150\" alt=\"Casa Mil\u00e0 von Antoni Gaud\u00ed\" \/><\/a>\r\n<\/div><figcaption class=\"gallery-caption\" id=\"caption651\"><span class=\"imagecaption\">Casa Mil\u00e0 von Antoni Gaud\u00ed<\/span><br \/>\n<\/figcaption><\/figure><figure class=\"gallery-item\">\n<div class=\"gallery-icon\">\r\n<a href=\"https:\/\/i0.wp.com\/paseo-barcelona.de\/barcelona\/wp-content\/uploads\/2013\/06\/casabattlo1.jpg?fit=1024%2C768\" title=\"Casa Batll\u00f3 von Antoni Gaud\u00ed\" rel=\"gallery1\"><img loading=\"lazy\" decoding=\"async\" src=\"https:\/\/i0.wp.com\/paseo-barcelona.de\/barcelona\/wp-content\/uploads\/2013\/06\/casabattlo1.jpg?resize=150%2C150\" width=\"150\" height=\"150\" alt=\"Casa Batll\u00f3 von Antoni Gaud\u00ed\" \/><\/a>\r\n<\/div><figcaption class=\"gallery-caption\" id=\"caption650\"><span class=\"imagecaption\">Casa Batll\u00f3 von Antoni Gaud\u00ed<\/span><br \/>\n<\/figcaption><\/figure><figure class=\"gallery-item\">\n<div class=\"gallery-icon\">\r\n<a href=\"https:\/\/i0.wp.com\/paseo-barcelona.de\/barcelona\/wp-content\/uploads\/2013\/06\/PaseoBarcelona_SagradaFamilia1.jpg?fit=1024%2C768\" title=\"Sagrada Familia\" rel=\"gallery1\"><img loading=\"lazy\" decoding=\"async\" src=\"https:\/\/i0.wp.com\/paseo-barcelona.de\/barcelona\/wp-content\/uploads\/2013\/06\/PaseoBarcelona_SagradaFamilia1.jpg?resize=150%2C150\" width=\"150\" height=\"150\" alt=\"Sagrada Familia\" \/><\/a>\r\n<\/div><figcaption class=\"gallery-caption\" id=\"caption648\"><span class=\"imagecaption\">Sagrada Familia<\/span><br \/>\n<\/figcaption><\/figure>\r\n\t\t<\/div>\n\n","protected":false},"excerpt":{"rendered":"<p>Der Modernisme ist Kataloniens Jugendstil und Barcelona seine Galerie. Mit unseren halbt\u00e4gigen Stadtf\u00fchrungen erleben Sie Barcelona \u2013 die Stadt der Wunder \u2013 aus erster Hand. Unsere offiziellen Stadtf\u00fchrer f\u00fchren Sie &#8230;<\/p>\n","protected":false},"author":1,"featured_media":651,"parent":10,"menu_order":0,"comment_status":"closed","ping_status":"closed","template":"","meta":{"jetpack_post_was_ever_published":false,"footnotes":""},"class_list":["post-635","page","type-page","status-publish","has-post-thumbnail","hentry"],"yoast_head":"<!-- This site is optimized with the Yoast SEO plugin v23.2 - https:\/\/yoast.com\/wordpress\/plugins\/seo\/ -->\n<title>Stadtf\u00fchrung Modernisme - Paseo Barcelona<\/title>\n<meta name=\"description\" content=\"Stadtf\u00fchrung zu den weltbekannten Modernisme Geb\u00e4uden von Antoni Gaud\u00ed und seinen Modernisme Mitstreitern.\" \/>\n<meta name=\"robots\" content=\"index, follow, max-snippet:-1, max-image-preview:large, max-video-preview:-1\" \/>\n<link rel=\"canonical\" href=\"http:\/\/paseo-barcelona.de\/barcelona\/stadtfuhrungen\/stadtfuhrung-modernisme\/\" \/>\n<meta property=\"og:locale\" content=\"de_DE\" \/>\n<meta property=\"og:type\" content=\"article\" \/>\n<meta property=\"og:title\" content=\"Stadtf\u00fchrung Modernisme - Paseo Barcelona\" \/>\n<meta property=\"og:description\" content=\"Stadtf\u00fchrung zu den weltbekannten Modernisme Geb\u00e4uden von Antoni Gaud\u00ed und seinen Modernisme Mitstreitern.\" \/>\n<meta property=\"og:url\" content=\"http:\/\/paseo-barcelona.de\/barcelona\/stadtfuhrungen\/stadtfuhrung-modernisme\/\" \/>\n<meta property=\"og:site_name\" content=\"Paseo Barcelona\" \/>\n<meta property=\"article:modified_time\" content=\"2017-04-21T18:28:52+00:00\" \/>\n<meta property=\"og:image\" content=\"https:\/\/i0.wp.com\/paseo-barcelona.de\/barcelona\/wp-content\/uploads\/2013\/06\/casamila1.jpg?fit=1024%2C768\" \/>\n\t<meta property=\"og:image:width\" content=\"1024\" \/>\n\t<meta property=\"og:image:height\" content=\"768\" \/>\n\t<meta property=\"og:image:type\" content=\"image\/jpeg\" \/>\n<meta name=\"twitter:label1\" content=\"Gesch\u00e4tzte Lesezeit\" \/>\n\t<meta name=\"twitter:data1\" content=\"1\u00a0Minute\" \/>\n<script type=\"application\/ld+json\" class=\"yoast-schema-graph\">{\"@context\":\"https:\/\/schema.org\",\"@graph\":[{\"@type\":\"WebPage\",\"@id\":\"http:\/\/paseo-barcelona.de\/barcelona\/stadtfuhrungen\/stadtfuhrung-modernisme\/\",\"url\":\"http:\/\/paseo-barcelona.de\/barcelona\/stadtfuhrungen\/stadtfuhrung-modernisme\/\",\"name\":\"Stadtf\u00fchrung Modernisme - Paseo Barcelona\",\"isPartOf\":{\"@id\":\"http:\/\/paseo-barcelona.de\/barcelona\/#website\"},\"primaryImageOfPage\":{\"@id\":\"http:\/\/paseo-barcelona.de\/barcelona\/stadtfuhrungen\/stadtfuhrung-modernisme\/#primaryimage\"},\"image\":{\"@id\":\"http:\/\/paseo-barcelona.de\/barcelona\/stadtfuhrungen\/stadtfuhrung-modernisme\/#primaryimage\"},\"thumbnailUrl\":\"https:\/\/i0.wp.com\/paseo-barcelona.de\/barcelona\/wp-content\/uploads\/2013\/06\/casamila1.jpg?fit=1024%2C768\",\"datePublished\":\"2013-06-18T11:11:21+00:00\",\"dateModified\":\"2017-04-21T18:28:52+00:00\",\"description\":\"Stadtf\u00fchrung zu den weltbekannten Modernisme Geb\u00e4uden von Antoni Gaud\u00ed und seinen Modernisme Mitstreitern.\",\"breadcrumb\":{\"@id\":\"http:\/\/paseo-barcelona.de\/barcelona\/stadtfuhrungen\/stadtfuhrung-modernisme\/#breadcrumb\"},\"inLanguage\":\"de\",\"potentialAction\":[{\"@type\":\"ReadAction\",\"target\":[\"http:\/\/paseo-barcelona.de\/barcelona\/stadtfuhrungen\/stadtfuhrung-modernisme\/\"]}]},{\"@type\":\"ImageObject\",\"inLanguage\":\"de\",\"@id\":\"http:\/\/paseo-barcelona.de\/barcelona\/stadtfuhrungen\/stadtfuhrung-modernisme\/#primaryimage\",\"url\":\"https:\/\/i0.wp.com\/paseo-barcelona.de\/barcelona\/wp-content\/uploads\/2013\/06\/casamila1.jpg?fit=1024%2C768\",\"contentUrl\":\"https:\/\/i0.wp.com\/paseo-barcelona.de\/barcelona\/wp-content\/uploads\/2013\/06\/casamila1.jpg?fit=1024%2C768\",\"width\":1024,\"height\":768,\"caption\":\"Casa Mil\u00e0 von Antoni Gaud\u00ed\"},{\"@type\":\"BreadcrumbList\",\"@id\":\"http:\/\/paseo-barcelona.de\/barcelona\/stadtfuhrungen\/stadtfuhrung-modernisme\/#breadcrumb\",\"itemListElement\":[{\"@type\":\"ListItem\",\"position\":1,\"name\":\"Home\",\"item\":\"http:\/\/paseo-barcelona.de\/barcelona\/\"},{\"@type\":\"ListItem\",\"position\":2,\"name\":\"Unsere Stadtf\u00fchrungen\",\"item\":\"http:\/\/paseo-barcelona.de\/barcelona\/stadtfuhrungen\/\"},{\"@type\":\"ListItem\",\"position\":3,\"name\":\"Stadtf\u00fchrung Modernisme\"}]},{\"@type\":\"WebSite\",\"@id\":\"http:\/\/paseo-barcelona.de\/barcelona\/#website\",\"url\":\"http:\/\/paseo-barcelona.de\/barcelona\/\",\"name\":\"Paseo Barcelona\",\"description\":\"Stadtf\u00fchrungen in Barcelona\",\"potentialAction\":[{\"@type\":\"SearchAction\",\"target\":{\"@type\":\"EntryPoint\",\"urlTemplate\":\"http:\/\/paseo-barcelona.de\/barcelona\/?s={search_term_string}\"},\"query-input\":\"required name=search_term_string\"}],\"inLanguage\":\"de\"}]}<\/script>\n<!-- \/ Yoast SEO plugin. -->","yoast_head_json":{"title":"Stadtf\u00fchrung Modernisme - Paseo Barcelona","description":"Stadtf\u00fchrung zu den weltbekannten Modernisme Geb\u00e4uden von Antoni Gaud\u00ed und seinen Modernisme Mitstreitern.","robots":{"index":"index","follow":"follow","max-snippet":"max-snippet:-1","max-image-preview":"max-image-preview:large","max-video-preview":"max-video-preview:-1"},"canonical":"http:\/\/paseo-barcelona.de\/barcelona\/stadtfuhrungen\/stadtfuhrung-modernisme\/","og_locale":"de_DE","og_type":"article","og_title":"Stadtf\u00fchrung Modernisme - Paseo Barcelona","og_description":"Stadtf\u00fchrung zu den weltbekannten Modernisme Geb\u00e4uden von Antoni Gaud\u00ed und seinen Modernisme Mitstreitern.","og_url":"http:\/\/paseo-barcelona.de\/barcelona\/stadtfuhrungen\/stadtfuhrung-modernisme\/","og_site_name":"Paseo Barcelona","article_modified_time":"2017-04-21T18:28:52+00:00","og_image":[{"width":1024,"height":768,"url":"https:\/\/i0.wp.com\/paseo-barcelona.de\/barcelona\/wp-content\/uploads\/2013\/06\/casamila1.jpg?fit=1024%2C768","type":"image\/jpeg"}],"twitter_misc":{"Gesch\u00e4tzte Lesezeit":"1\u00a0Minute"},"schema":{"@context":"https:\/\/schema.org","@graph":[{"@type":"WebPage","@id":"http:\/\/paseo-barcelona.de\/barcelona\/stadtfuhrungen\/stadtfuhrung-modernisme\/","url":"http:\/\/paseo-barcelona.de\/barcelona\/stadtfuhrungen\/stadtfuhrung-modernisme\/","name":"Stadtf\u00fchrung Modernisme - Paseo Barcelona","isPartOf":{"@id":"http:\/\/paseo-barcelona.de\/barcelona\/#website"},"primaryImageOfPage":{"@id":"http:\/\/paseo-barcelona.de\/barcelona\/stadtfuhrungen\/stadtfuhrung-modernisme\/#primaryimage"},"image":{"@id":"http:\/\/paseo-barcelona.de\/barcelona\/stadtfuhrungen\/stadtfuhrung-modernisme\/#primaryimage"},"thumbnailUrl":"https:\/\/i0.wp.com\/paseo-barcelona.de\/barcelona\/wp-content\/uploads\/2013\/06\/casamila1.jpg?fit=1024%2C768","datePublished":"2013-06-18T11:11:21+00:00","dateModified":"2017-04-21T18:28:52+00:00","description":"Stadtf\u00fchrung zu den weltbekannten Modernisme Geb\u00e4uden von Antoni Gaud\u00ed und seinen Modernisme Mitstreitern.","breadcrumb":{"@id":"http:\/\/paseo-barcelona.de\/barcelona\/stadtfuhrungen\/stadtfuhrung-modernisme\/#breadcrumb"},"inLanguage":"de","potentialAction":[{"@type":"ReadAction","target":["http:\/\/paseo-barcelona.de\/barcelona\/stadtfuhrungen\/stadtfuhrung-modernisme\/"]}]},{"@type":"ImageObject","inLanguage":"de","@id":"http:\/\/paseo-barcelona.de\/barcelona\/stadtfuhrungen\/stadtfuhrung-modernisme\/#primaryimage","url":"https:\/\/i0.wp.com\/paseo-barcelona.de\/barcelona\/wp-content\/uploads\/2013\/06\/casamila1.jpg?fit=1024%2C768","contentUrl":"https:\/\/i0.wp.com\/paseo-barcelona.de\/barcelona\/wp-content\/uploads\/2013\/06\/casamila1.jpg?fit=1024%2C768","width":1024,"height":768,"caption":"Casa Mil\u00e0 von Antoni Gaud\u00ed"},{"@type":"BreadcrumbList","@id":"http:\/\/paseo-barcelona.de\/barcelona\/stadtfuhrungen\/stadtfuhrung-modernisme\/#breadcrumb","itemListElement":[{"@type":"ListItem","position":1,"name":"Home","item":"http:\/\/paseo-barcelona.de\/barcelona\/"},{"@type":"ListItem","position":2,"name":"Unsere Stadtf\u00fchrungen","item":"http:\/\/paseo-barcelona.de\/barcelona\/stadtfuhrungen\/"},{"@type":"ListItem","position":3,"name":"Stadtf\u00fchrung Modernisme"}]},{"@type":"WebSite","@id":"http:\/\/paseo-barcelona.de\/barcelona\/#website","url":"http:\/\/paseo-barcelona.de\/barcelona\/","name":"Paseo Barcelona","description":"Stadtf\u00fchrungen in Barcelona","potentialAction":[{"@type":"SearchAction","target":{"@type":"EntryPoint","urlTemplate":"http:\/\/paseo-barcelona.de\/barcelona\/?s={search_term_string}"},"query-input":"required name=search_term_string"}],"inLanguage":"de"}]}},"jetpack_sharing_enabled":true,"jetpack_shortlink":"https:\/\/wp.me\/P3DtfU-af","jetpack-related-posts":[],"_links":{"self":[{"href":"http:\/\/paseo-barcelona.de\/barcelona\/wp-json\/wp\/v2\/pages\/635"}],"collection":[{"href":"http:\/\/paseo-barcelona.de\/barcelona\/wp-json\/wp\/v2\/pages"}],"about":[{"href":"http:\/\/paseo-barcelona.de\/barcelona\/wp-json\/wp\/v2\/types\/page"}],"author":[{"embeddable":true,"href":"http:\/\/paseo-barcelona.de\/barcelona\/wp-json\/wp\/v2\/users\/1"}],"replies":[{"embeddable":true,"href":"http:\/\/paseo-barcelona.de\/barcelona\/wp-json\/wp\/v2\/comments?post=635"}],"version-history":[{"count":23,"href":"http:\/\/paseo-barcelona.de\/barcelona\/wp-json\/wp\/v2\/pages\/635\/revisions"}],"predecessor-version":[{"id":746,"href":"http:\/\/paseo-barcelona.de\/barcelona\/wp-json\/wp\/v2\/pages\/635\/revisions\/746"}],"up":[{"embeddable":true,"href":"http:\/\/paseo-barcelona.de\/barcelona\/wp-json\/wp\/v2\/pages\/10"}],"wp:featuredmedia":[{"embeddable":true,"href":"http:\/\/paseo-barcelona.de\/barcelona\/wp-json\/wp\/v2\/media\/651"}],"wp:attachment":[{"href":"http:\/\/paseo-barcelona.de\/barcelona\/wp-json\/wp\/v2\/media?parent=635"}],"curies":[{"name":"wp","href":"https:\/\/api.w.org\/{rel}","templated":true}]}}