{"id":724,"date":"2017-04-21T19:20:10","date_gmt":"2017-04-21T17:20:10","guid":{"rendered":"http:\/\/paseo-barcelona.de\/barcelona\/?page_id=724"},"modified":"2017-04-23T06:57:24","modified_gmt":"2017-04-23T04:57:24","slug":"paseo-barcelona-guide","status":"publish","type":"page","link":"http:\/\/paseo-barcelona.de\/barcelona\/paseo-barcelona-guide\/","title":{"rendered":"Paseo Barcelona E-Book"},"content":{"rendered":"<p>Zur Feier von 10 Jahren Paseo Barcelona m\u00f6chten wir unsere besten Stories und Tipps in einem anschaulichen und hilfreichen E-Book\u00a0mit Ihnen teilen.<\/p>\n<ul>\n<li>Lesen Sie unterhaltsame Stories aus Barcelona<\/li>\n<li>Erkunden Sie mit unseren Spazierg\u00e4ngen unsere sch\u00f6nsten Pl\u00e4tze<\/li>\n<li>Erhalten Sie wertvolle Tipps f\u00fcr Ihre Reise<\/li>\n<\/ul>\n<p>Erh\u00e4ltlich bald nur hier!<\/p>\n<script>(function() {\n\twindow.mc4wp = window.mc4wp || {\n\t\tlisteners: [],\n\t\tforms: {\n\t\t\ton: function(evt, cb) {\n\t\t\t\twindow.mc4wp.listeners.push(\n\t\t\t\t\t{\n\t\t\t\t\t\tevent   : evt,\n\t\t\t\t\t\tcallback: cb\n\t\t\t\t\t}\n\t\t\t\t);\n\t\t\t}\n\t\t}\n\t}\n})();\n<\/script><!-- Mailchimp for WordPress v4.9.15 - https:\/\/wordpress.org\/plugins\/mailchimp-for-wp\/ --><form id=\"mc4wp-form-1\" class=\"mc4wp-form mc4wp-form-775\" method=\"post\" data-id=\"775\" data-name=\"Paseo News\" ><div class=\"mc4wp-form-fields\"><p>\r\n\t<label>E-Mail-Adresse: <\/label>\r\n\t<input type=\"email\" name=\"EMAIL\" placeholder=\"Deine E-Mail-Adresse\" required \/>\r\n\t<input type=\"submit\" value=\"Registrieren\" \/>\r\n<\/p><\/div><label style=\"display: none !important;\">Wenn du ein Mensch bist, lasse das Feld leer: <input type=\"text\" name=\"_mc4wp_honeypot\" value=\"\" tabindex=\"-1\" autocomplete=\"off\" \/><\/label><input type=\"hidden\" name=\"_mc4wp_timestamp\" value=\"1777797204\" \/><input type=\"hidden\" name=\"_mc4wp_form_id\" value=\"775\" \/><input type=\"hidden\" name=\"_mc4wp_form_element_id\" value=\"mc4wp-form-1\" \/><div class=\"mc4wp-response\"><\/div><\/form><!-- \/ Mailchimp for WordPress Plugin -->\n<p><a href=\"https:\/\/i0.wp.com\/paseo-barcelona.de\/barcelona\/wp-content\/uploads\/2017\/04\/enes-98129.jpg\" rel=\"lightbox\"><img loading=\"lazy\" decoding=\"async\" data-attachment-id=\"782\" data-permalink=\"http:\/\/paseo-barcelona.de\/barcelona\/paseo-barcelona-guide\/enes-98129\/\" data-orig-file=\"https:\/\/i0.wp.com\/paseo-barcelona.de\/barcelona\/wp-content\/uploads\/2017\/04\/enes-98129.jpg?fit=7952%2C5304\" data-orig-size=\"7952,5304\" data-comments-opened=\"0\" data-image-meta=\"{&quot;aperture&quot;:&quot;0&quot;,&quot;credit&quot;:&quot;&quot;,&quot;camera&quot;:&quot;&quot;,&quot;caption&quot;:&quot;&quot;,&quot;created_timestamp&quot;:&quot;0&quot;,&quot;copyright&quot;:&quot;&quot;,&quot;focal_length&quot;:&quot;0&quot;,&quot;iso&quot;:&quot;0&quot;,&quot;shutter_speed&quot;:&quot;0&quot;,&quot;title&quot;:&quot;&quot;,&quot;orientation&quot;:&quot;0&quot;}\" data-image-title=\"enes-98129\" data-image-description=\"&lt;p&gt;https:\/\/unsplash.com\/search\/barcelona?photo=f-DvU93UhTs&lt;\/p&gt;\n\" data-image-caption=\"\" data-medium-file=\"https:\/\/i0.wp.com\/paseo-barcelona.de\/barcelona\/wp-content\/uploads\/2017\/04\/enes-98129.jpg?fit=300%2C200\" data-large-file=\"https:\/\/i0.wp.com\/paseo-barcelona.de\/barcelona\/wp-content\/uploads\/2017\/04\/enes-98129.jpg?fit=800%2C534\" tabindex=\"0\" role=\"button\" class=\"aligncenter wp-image-782 size-large\" src=\"https:\/\/i0.wp.com\/paseo-barcelona.de\/barcelona\/wp-content\/uploads\/2017\/04\/enes-98129.jpg?resize=800%2C534\" alt=\"\" width=\"800\" height=\"534\" srcset=\"https:\/\/i0.wp.com\/paseo-barcelona.de\/barcelona\/wp-content\/uploads\/2017\/04\/enes-98129.jpg?resize=1024%2C683 1024w, https:\/\/i0.wp.com\/paseo-barcelona.de\/barcelona\/wp-content\/uploads\/2017\/04\/enes-98129.jpg?resize=300%2C200 300w, https:\/\/i0.wp.com\/paseo-barcelona.de\/barcelona\/wp-content\/uploads\/2017\/04\/enes-98129.jpg?resize=768%2C512 768w, https:\/\/i0.wp.com\/paseo-barcelona.de\/barcelona\/wp-content\/uploads\/2017\/04\/enes-98129.jpg?w=1600 1600w, https:\/\/i0.wp.com\/paseo-barcelona.de\/barcelona\/wp-content\/uploads\/2017\/04\/enes-98129.jpg?w=2400 2400w\" sizes=\"(max-width: 800px) 100vw, 800px\" data-recalc-dims=\"1\" \/><\/a><\/p>\n<p>Aktuell arbeiten wir noch an der Fertigstellung des E-Books. Bleiben Sie auf den Laufenden und erhalten Sie das Willkommens-Angebot bei Ver\u00f6ffentlichung. Tragen Sie einfach Ihre Email-Adresse ein und wir melden uns bei Ihnen.<\/p>\n<script>(function() {\n\twindow.mc4wp = window.mc4wp || {\n\t\tlisteners: [],\n\t\tforms: {\n\t\t\ton: function(evt, cb) {\n\t\t\t\twindow.mc4wp.listeners.push(\n\t\t\t\t\t{\n\t\t\t\t\t\tevent   : evt,\n\t\t\t\t\t\tcallback: cb\n\t\t\t\t\t}\n\t\t\t\t);\n\t\t\t}\n\t\t}\n\t}\n})();\n<\/script><!-- Mailchimp for WordPress v4.9.15 - https:\/\/wordpress.org\/plugins\/mailchimp-for-wp\/ --><form id=\"mc4wp-form-2\" class=\"mc4wp-form mc4wp-form-775\" method=\"post\" data-id=\"775\" data-name=\"Paseo News\" ><div class=\"mc4wp-form-fields\"><p>\r\n\t<label>E-Mail-Adresse: <\/label>\r\n\t<input type=\"email\" name=\"EMAIL\" placeholder=\"Deine E-Mail-Adresse\" required \/>\r\n\t<input type=\"submit\" value=\"Registrieren\" \/>\r\n<\/p><\/div><label style=\"display: none !important;\">Wenn du ein Mensch bist, lasse das Feld leer: <input type=\"text\" name=\"_mc4wp_honeypot\" value=\"\" tabindex=\"-1\" autocomplete=\"off\" \/><\/label><input type=\"hidden\" name=\"_mc4wp_timestamp\" value=\"1777797204\" \/><input type=\"hidden\" name=\"_mc4wp_form_id\" value=\"775\" \/><input type=\"hidden\" name=\"_mc4wp_form_element_id\" value=\"mc4wp-form-2\" \/><div class=\"mc4wp-response\"><\/div><\/form><!-- \/ Mailchimp for WordPress Plugin -->\n","protected":false},"excerpt":{"rendered":"<p>Zur Feier von 10 Jahren Paseo Barcelona m\u00f6chten wir unsere besten Stories und Tipps in einem anschaulichen und hilfreichen E-Book\u00a0mit Ihnen teilen. Lesen Sie unterhaltsame Stories aus Barcelona Erkunden Sie &#8230;<\/p>\n","protected":false},"author":1,"featured_media":782,"parent":0,"menu_order":0,"comment_status":"closed","ping_status":"closed","template":"","meta":{"jetpack_post_was_ever_published":false,"footnotes":""},"class_list":["post-724","page","type-page","status-publish","has-post-thumbnail","hentry"],"yoast_head":"<!-- This site is optimized with the Yoast SEO plugin v23.2 - https:\/\/yoast.com\/wordpress\/plugins\/seo\/ -->\n<title>Paseo Barcelona E-Book - Paseo Barcelona<\/title>\n<meta name=\"robots\" content=\"index, follow, max-snippet:-1, max-image-preview:large, max-video-preview:-1\" \/>\n<link rel=\"canonical\" href=\"http:\/\/paseo-barcelona.de\/barcelona\/paseo-barcelona-guide\/\" \/>\n<meta property=\"og:locale\" content=\"de_DE\" \/>\n<meta property=\"og:type\" content=\"article\" \/>\n<meta property=\"og:title\" content=\"Paseo Barcelona E-Book - Paseo Barcelona\" \/>\n<meta property=\"og:description\" content=\"Zur Feier von 10 Jahren Paseo Barcelona m\u00f6chten wir unsere besten Stories und Tipps in einem anschaulichen und hilfreichen E-Book\u00a0mit Ihnen teilen. Lesen Sie unterhaltsame Stories aus Barcelona Erkunden Sie ...\" \/>\n<meta property=\"og:url\" content=\"http:\/\/paseo-barcelona.de\/barcelona\/paseo-barcelona-guide\/\" \/>\n<meta property=\"og:site_name\" content=\"Paseo Barcelona\" \/>\n<meta property=\"article:modified_time\" content=\"2017-04-23T04:57:24+00:00\" \/>\n<meta property=\"og:image\" content=\"http:\/\/paseo-barcelona.de\/barcelona\/wp-content\/uploads\/2017\/04\/enes-98129-1024x683.jpg\" \/>\n\t<meta property=\"og:image:width\" content=\"1024\" \/>\n\t<meta property=\"og:image:height\" content=\"683\" \/>\n\t<meta property=\"og:image:type\" content=\"image\/jpeg\" \/>\n<script type=\"application\/ld+json\" class=\"yoast-schema-graph\">{\"@context\":\"https:\/\/schema.org\",\"@graph\":[{\"@type\":\"WebPage\",\"@id\":\"http:\/\/paseo-barcelona.de\/barcelona\/paseo-barcelona-guide\/\",\"url\":\"http:\/\/paseo-barcelona.de\/barcelona\/paseo-barcelona-guide\/\",\"name\":\"Paseo Barcelona E-Book - Paseo Barcelona\",\"isPartOf\":{\"@id\":\"http:\/\/paseo-barcelona.de\/barcelona\/#website\"},\"primaryImageOfPage\":{\"@id\":\"http:\/\/paseo-barcelona.de\/barcelona\/paseo-barcelona-guide\/#primaryimage\"},\"image\":{\"@id\":\"http:\/\/paseo-barcelona.de\/barcelona\/paseo-barcelona-guide\/#primaryimage\"},\"thumbnailUrl\":\"https:\/\/i0.wp.com\/paseo-barcelona.de\/barcelona\/wp-content\/uploads\/2017\/04\/enes-98129.jpg?fit=7952%2C5304\",\"datePublished\":\"2017-04-21T17:20:10+00:00\",\"dateModified\":\"2017-04-23T04:57:24+00:00\",\"breadcrumb\":{\"@id\":\"http:\/\/paseo-barcelona.de\/barcelona\/paseo-barcelona-guide\/#breadcrumb\"},\"inLanguage\":\"de\",\"potentialAction\":[{\"@type\":\"ReadAction\",\"target\":[\"http:\/\/paseo-barcelona.de\/barcelona\/paseo-barcelona-guide\/\"]}]},{\"@type\":\"ImageObject\",\"inLanguage\":\"de\",\"@id\":\"http:\/\/paseo-barcelona.de\/barcelona\/paseo-barcelona-guide\/#primaryimage\",\"url\":\"https:\/\/i0.wp.com\/paseo-barcelona.de\/barcelona\/wp-content\/uploads\/2017\/04\/enes-98129.jpg?fit=7952%2C5304\",\"contentUrl\":\"https:\/\/i0.wp.com\/paseo-barcelona.de\/barcelona\/wp-content\/uploads\/2017\/04\/enes-98129.jpg?fit=7952%2C5304\",\"width\":7952,\"height\":5304},{\"@type\":\"BreadcrumbList\",\"@id\":\"http:\/\/paseo-barcelona.de\/barcelona\/paseo-barcelona-guide\/#breadcrumb\",\"itemListElement\":[{\"@type\":\"ListItem\",\"position\":1,\"name\":\"Home\",\"item\":\"http:\/\/paseo-barcelona.de\/barcelona\/\"},{\"@type\":\"ListItem\",\"position\":2,\"name\":\"Paseo Barcelona E-Book\"}]},{\"@type\":\"WebSite\",\"@id\":\"http:\/\/paseo-barcelona.de\/barcelona\/#website\",\"url\":\"http:\/\/paseo-barcelona.de\/barcelona\/\",\"name\":\"Paseo Barcelona\",\"description\":\"Stadtf\u00fchrungen in Barcelona\",\"potentialAction\":[{\"@type\":\"SearchAction\",\"target\":{\"@type\":\"EntryPoint\",\"urlTemplate\":\"http:\/\/paseo-barcelona.de\/barcelona\/?s={search_term_string}\"},\"query-input\":\"required name=search_term_string\"}],\"inLanguage\":\"de\"}]}<\/script>\n<!-- \/ Yoast SEO plugin. -->","yoast_head_json":{"title":"Paseo Barcelona E-Book - Paseo Barcelona","robots":{"index":"index","follow":"follow","max-snippet":"max-snippet:-1","max-image-preview":"max-image-preview:large","max-video-preview":"max-video-preview:-1"},"canonical":"http:\/\/paseo-barcelona.de\/barcelona\/paseo-barcelona-guide\/","og_locale":"de_DE","og_type":"article","og_title":"Paseo Barcelona E-Book - Paseo Barcelona","og_description":"Zur Feier von 10 Jahren Paseo Barcelona m\u00f6chten wir unsere besten Stories und Tipps in einem anschaulichen und hilfreichen E-Book\u00a0mit Ihnen teilen. Lesen Sie unterhaltsame Stories aus Barcelona Erkunden Sie ...","og_url":"http:\/\/paseo-barcelona.de\/barcelona\/paseo-barcelona-guide\/","og_site_name":"Paseo Barcelona","article_modified_time":"2017-04-23T04:57:24+00:00","og_image":[{"width":1024,"height":683,"url":"http:\/\/paseo-barcelona.de\/barcelona\/wp-content\/uploads\/2017\/04\/enes-98129-1024x683.jpg","type":"image\/jpeg"}],"schema":{"@context":"https:\/\/schema.org","@graph":[{"@type":"WebPage","@id":"http:\/\/paseo-barcelona.de\/barcelona\/paseo-barcelona-guide\/","url":"http:\/\/paseo-barcelona.de\/barcelona\/paseo-barcelona-guide\/","name":"Paseo Barcelona E-Book - Paseo Barcelona","isPartOf":{"@id":"http:\/\/paseo-barcelona.de\/barcelona\/#website"},"primaryImageOfPage":{"@id":"http:\/\/paseo-barcelona.de\/barcelona\/paseo-barcelona-guide\/#primaryimage"},"image":{"@id":"http:\/\/paseo-barcelona.de\/barcelona\/paseo-barcelona-guide\/#primaryimage"},"thumbnailUrl":"https:\/\/i0.wp.com\/paseo-barcelona.de\/barcelona\/wp-content\/uploads\/2017\/04\/enes-98129.jpg?fit=7952%2C5304","datePublished":"2017-04-21T17:20:10+00:00","dateModified":"2017-04-23T04:57:24+00:00","breadcrumb":{"@id":"http:\/\/paseo-barcelona.de\/barcelona\/paseo-barcelona-guide\/#breadcrumb"},"inLanguage":"de","potentialAction":[{"@type":"ReadAction","target":["http:\/\/paseo-barcelona.de\/barcelona\/paseo-barcelona-guide\/"]}]},{"@type":"ImageObject","inLanguage":"de","@id":"http:\/\/paseo-barcelona.de\/barcelona\/paseo-barcelona-guide\/#primaryimage","url":"https:\/\/i0.wp.com\/paseo-barcelona.de\/barcelona\/wp-content\/uploads\/2017\/04\/enes-98129.jpg?fit=7952%2C5304","contentUrl":"https:\/\/i0.wp.com\/paseo-barcelona.de\/barcelona\/wp-content\/uploads\/2017\/04\/enes-98129.jpg?fit=7952%2C5304","width":7952,"height":5304},{"@type":"BreadcrumbList","@id":"http:\/\/paseo-barcelona.de\/barcelona\/paseo-barcelona-guide\/#breadcrumb","itemListElement":[{"@type":"ListItem","position":1,"name":"Home","item":"http:\/\/paseo-barcelona.de\/barcelona\/"},{"@type":"ListItem","position":2,"name":"Paseo Barcelona E-Book"}]},{"@type":"WebSite","@id":"http:\/\/paseo-barcelona.de\/barcelona\/#website","url":"http:\/\/paseo-barcelona.de\/barcelona\/","name":"Paseo Barcelona","description":"Stadtf\u00fchrungen in Barcelona","potentialAction":[{"@type":"SearchAction","target":{"@type":"EntryPoint","urlTemplate":"http:\/\/paseo-barcelona.de\/barcelona\/?s={search_term_string}"},"query-input":"required name=search_term_string"}],"inLanguage":"de"}]}},"jetpack_sharing_enabled":true,"jetpack_shortlink":"https:\/\/wp.me\/P3DtfU-bG","jetpack-related-posts":[],"_links":{"self":[{"href":"http:\/\/paseo-barcelona.de\/barcelona\/wp-json\/wp\/v2\/pages\/724"}],"collection":[{"href":"http:\/\/paseo-barcelona.de\/barcelona\/wp-json\/wp\/v2\/pages"}],"about":[{"href":"http:\/\/paseo-barcelona.de\/barcelona\/wp-json\/wp\/v2\/types\/page"}],"author":[{"embeddable":true,"href":"http:\/\/paseo-barcelona.de\/barcelona\/wp-json\/wp\/v2\/users\/1"}],"replies":[{"embeddable":true,"href":"http:\/\/paseo-barcelona.de\/barcelona\/wp-json\/wp\/v2\/comments?post=724"}],"version-history":[{"count":7,"href":"http:\/\/paseo-barcelona.de\/barcelona\/wp-json\/wp\/v2\/pages\/724\/revisions"}],"predecessor-version":[{"id":784,"href":"http:\/\/paseo-barcelona.de\/barcelona\/wp-json\/wp\/v2\/pages\/724\/revisions\/784"}],"wp:featuredmedia":[{"embeddable":true,"href":"http:\/\/paseo-barcelona.de\/barcelona\/wp-json\/wp\/v2\/media\/782"}],"wp:attachment":[{"href":"http:\/\/paseo-barcelona.de\/barcelona\/wp-json\/wp\/v2\/media?parent=724"}],"curies":[{"name":"wp","href":"https:\/\/api.w.org\/{rel}","templated":true}]}}