{"id":94,"date":"2013-05-16T16:07:24","date_gmt":"2013-05-16T14:07:24","guid":{"rendered":"http:\/\/paseo-barcelona.de\/barcelona\/?page_id=94"},"modified":"2017-04-21T18:45:15","modified_gmt":"2017-04-21T16:45:15","slug":"impressum","status":"publish","type":"page","link":"http:\/\/paseo-barcelona.de\/barcelona\/uber-uns\/impressum\/","title":{"rendered":"Impressum &#038; AGB"},"content":{"rendered":"<h1>Paseo Barcelona<\/h1>\n<p>ist ein Projekt von<\/p>\n<p>Harald Frank<br \/>\nNadine\u00a0Frank<\/p>\n<p>Kesselbergstr. 16<br \/>\n81539 M\u00fcnchen<\/p>\n<p>ehemals unter:<br \/>\nFrank Trunk GbR<br \/>\nFr\u00fchlingstr. 1<br \/>\n95703 Wildenau<br \/>\nEmail: info @ paseo-barcelona.de<\/p>\n<h2>Haftungshinweis:<\/h2>\n<p>Paseo Barcelona \u00fcbernimmt keine Gew\u00e4hr f\u00fcr die Richtigkeit des Inhalts von Internetseiten Dritter, auf welche wir hinweisen, sowie f\u00fcr etwaige Sch\u00e4den im Zusammenhang mit der Nutzung derartiger Links oder Internetseiten, \u00fcbernehmen wir keine Gew\u00e4hr.<\/p>\n<p>Die uns zug\u00e4nglich gemachten Daten werden ausschlie\u00dflich f\u00fcr interne Zwecke unter Beachtung der Bestimmungen des Bundesdatenschutzgesetzes gespeichert und ohne Zustimmung nicht an Dritte weitergegeben.<\/p>\n<p>Wir \u00fcbernehmen keine Haftung f\u00fcr die Inhalte externer Links. F\u00fcr den Inhalt der verlinkten Seiten sind ausschlie\u00dflich deren Betreiber verantwortlich.<\/p>\n<h2>\u00a0Allgemeine Gesch\u00e4ftsbedingungen<\/h2>\n<p>\u00a7 1 \u00a0Vertragsabschluss<\/p>\n<p>Der Vertrag kommt zustande, indem der Veranstalter dem Kunden die Buchung auf der Grundlage der Allgemeinen Gesch\u00e4ftsbedingungen per Email best\u00e4tigt.<\/p>\n<p>\u00a7 2 \u00a0Leistungsumfang<\/p>\n<p>Die vertragliche Leistung ergibt sich aus der Leistungsbeschreibung sowie den in der Buchungsbest\u00e4tigung zus\u00e4tzlich aufgef\u00fchrten Leistungen. Nebenabreden, die den Umfang der vertraglichen Leistungen ver\u00e4ndern, bed\u00fcrfen einer ausdr\u00fccklichen schriftlichen Best\u00e4tigung.<\/p>\n<p>\u00a7 3 \u00a0Stornierung<\/p>\n<p>1. Der Kunde kann die Paseos Gotico und Raval bis zum 3. Tag vor der vereinbarten Leistung vom Vertrag kostenfrei zur\u00fccktreten. Der R\u00fccktritt wird an dem Tag wirksam, an dem er beim Veranstalter eingeht.<br \/>\nDer Veranstalter beh\u00e4lt sich dabei ausdr\u00fccklich vor, bereits im Auftrag des Kunden erbrachte Leistungen dem Kunden in Rechnung zu stellen.<\/p>\n<p>2. Tritt der Kunde nach dem 3. Tag vor der vereinbarten Vertragsleistung (Paseos Gotico und Raval) zur\u00fcck, so f\u00e4llt eine R\u00fccktrittsgeb\u00fchr in H\u00f6he von 50% an.<\/p>\n<p>3. Bei den Stadtf\u00fchrungen Ciutat Vella und Modernisme, sowie bei den Ausfl\u00fcgen werden externe F\u00fchrer engagiert. Bei R\u00fccktritt von der Vertragsleistung ist f\u00fcr den Kunden in diesem Fall 100% der Kosten zu tragen.<\/p>\n<p>4. Erfolgt die Stornierung durch Paseo Barcelona, werden evtl. bereits gezahlte Beitr\u00e4ge voll zur\u00fcckerstattet.<\/p>\n<p>\u00a7 4 Zahlung<\/p>\n<p>1. F\u00fcr die Vertr\u00e4ge gelten die zum Zeitpunkt des Vertragsabschlusses jeweils g\u00fcltigen Preise des Unternehmens, sofern einzelvertraglich nichts anderes vereinbart wurde.<\/p>\n<p>2. Soweit nicht anders schriftlich vereinbart, wird der Preis auf Rechnung bis sp\u00e4testens zur Tour auf das genannte Konto \u00fcberwiesen. Je nach Tour kann die Bezahlung auch in Bar vor Ort oder per Vorkasse erfolgen.<\/p>\n<p>3. Anfallende Eintrittsgelder und Fahrtkosten f\u00fcr Verkehrsmittel sind von den G\u00e4sten selbst zu tragen, es sei denn, im abgeschlossenen Vertrag ist eine andere Regelung zwischen dem Veranstalter und dem Kunden schriftlich vereinbart worden.<\/p>\n<p>\u00a7 5 \u00a0Ausschluss<\/p>\n<p>Das Recht des Kunden, ihm aus dem Vertrag zustehende Anspr\u00fcche an Dritte abzugeben, ist ausgeschlossen. Ebenso ist der Kunde nicht berechtigt, einen Dritten zu erm\u00e4chtigen, seine Anspr\u00fcche im eigenen Namen geltend zu machen.<\/p>\n<p>\u00a7 6. Haftung<\/p>\n<p>1. Der Veranstalter haftet im Rahmen der Sorgfaltspflicht f\u00fcr die gewissenhafte Vorbereitung und Durchf\u00fchrung der Stadtf\u00fchrung entsprechend dem vereinbarten Vertrag.<\/p>\n<p>2. Der Veranstalter haftet auf Schadenersatz in H\u00f6he des Preises bei eigenem vors\u00e4tzlichem oder grob fahrl\u00e4ssigem Handeln.<\/p>\n<p>3. Der Veranstalter haftet nicht f\u00fcr eventuelle Unf\u00e4lle oder Sch\u00e4den, verursacht durch oder an Personen, w\u00e4hrend der Tour.<\/p>\n<p>\u00a7 7\u00a0 Geltungsbereich und Gerichtsstand<\/p>\n<p>F\u00fcr die Vertragsabschl\u00fcsse gilt deutsches Recht.<\/p>\n<p>\u00a7 8 \u00a0Schlu\u00dfbestimmungen<\/p>\n<p>Die Unwirksamkeit einzelner Bestimmungen des Vertrages hat nicht die Unwirksamkeit des gesamten Vertrages zur Folge.<\/p>\n<p>Der Besteller einer Leistung erkennt diese Allgemeinen Gesch\u00e4ftsbedingungen mit der Buchungsbest\u00e4tigung an.<\/p>\n<p>Die Best\u00e4tigung der Online Buchungen erfolgt ohne Gew\u00e4hr. Etwaige \u00c4nderungen unsererseits oder von Seiten des Buchenden werden zuvor per Email gekl\u00e4rt.<\/p>\n","protected":false},"excerpt":{"rendered":"<p>Paseo Barcelona ist ein Projekt von Harald Frank Nadine\u00a0Frank Kesselbergstr. 16 81539 M\u00fcnchen ehemals unter: Frank Trunk GbR Fr\u00fchlingstr. 1 95703 Wildenau Email: info @ paseo-barcelona.de Haftungshinweis: Paseo Barcelona \u00fcbernimmt &#8230;<\/p>\n","protected":false},"author":1,"featured_media":0,"parent":42,"menu_order":0,"comment_status":"closed","ping_status":"closed","template":"","meta":{"jetpack_post_was_ever_published":false,"footnotes":""},"class_list":["post-94","page","type-page","status-publish","hentry"],"yoast_head":"<!-- This site is optimized with the Yoast SEO plugin v23.2 - https:\/\/yoast.com\/wordpress\/plugins\/seo\/ -->\n<title>Impressum &amp; AGB - Paseo Barcelona<\/title>\n<meta name=\"description\" content=\"Impressum Paseo Barcelona - Harald Frank, Nadine Trunk - Stadtf\u00fchrungen, Touren und Aktivit\u00e4ten in Barcelona\" \/>\n<meta name=\"robots\" content=\"index, follow, max-snippet:-1, max-image-preview:large, max-video-preview:-1\" \/>\n<link rel=\"canonical\" href=\"http:\/\/paseo-barcelona.de\/barcelona\/uber-uns\/impressum\/\" \/>\n<meta property=\"og:locale\" content=\"de_DE\" \/>\n<meta property=\"og:type\" content=\"article\" \/>\n<meta property=\"og:title\" content=\"Impressum &amp; AGB - Paseo Barcelona\" \/>\n<meta property=\"og:description\" content=\"Impressum Paseo Barcelona - Harald Frank, Nadine Trunk - Stadtf\u00fchrungen, Touren und Aktivit\u00e4ten in Barcelona\" \/>\n<meta property=\"og:url\" content=\"http:\/\/paseo-barcelona.de\/barcelona\/uber-uns\/impressum\/\" \/>\n<meta property=\"og:site_name\" content=\"Paseo Barcelona\" \/>\n<meta property=\"article:modified_time\" content=\"2017-04-21T16:45:15+00:00\" \/>\n<meta property=\"og:image\" content=\"https:\/\/i0.wp.com\/paseo-barcelona.de\/barcelona\/wp-content\/uploads\/2013\/06\/logo_social.jpg?fit=393%2C143\" \/>\n\t<meta property=\"og:image:width\" content=\"393\" \/>\n\t<meta property=\"og:image:height\" content=\"143\" \/>\n\t<meta property=\"og:image:type\" content=\"image\/jpeg\" \/>\n<meta name=\"twitter:label1\" content=\"Gesch\u00e4tzte Lesezeit\" \/>\n\t<meta name=\"twitter:data1\" content=\"3\u00a0Minuten\" \/>\n<script type=\"application\/ld+json\" class=\"yoast-schema-graph\">{\"@context\":\"https:\/\/schema.org\",\"@graph\":[{\"@type\":\"WebPage\",\"@id\":\"http:\/\/paseo-barcelona.de\/barcelona\/uber-uns\/impressum\/\",\"url\":\"http:\/\/paseo-barcelona.de\/barcelona\/uber-uns\/impressum\/\",\"name\":\"Impressum & AGB - Paseo Barcelona\",\"isPartOf\":{\"@id\":\"http:\/\/paseo-barcelona.de\/barcelona\/#website\"},\"datePublished\":\"2013-05-16T14:07:24+00:00\",\"dateModified\":\"2017-04-21T16:45:15+00:00\",\"description\":\"Impressum Paseo Barcelona - Harald Frank, Nadine Trunk - Stadtf\u00fchrungen, Touren und Aktivit\u00e4ten in Barcelona\",\"breadcrumb\":{\"@id\":\"http:\/\/paseo-barcelona.de\/barcelona\/uber-uns\/impressum\/#breadcrumb\"},\"inLanguage\":\"de\",\"potentialAction\":[{\"@type\":\"ReadAction\",\"target\":[\"http:\/\/paseo-barcelona.de\/barcelona\/uber-uns\/impressum\/\"]}]},{\"@type\":\"BreadcrumbList\",\"@id\":\"http:\/\/paseo-barcelona.de\/barcelona\/uber-uns\/impressum\/#breadcrumb\",\"itemListElement\":[{\"@type\":\"ListItem\",\"position\":1,\"name\":\"Home\",\"item\":\"http:\/\/paseo-barcelona.de\/barcelona\/\"},{\"@type\":\"ListItem\",\"position\":2,\"name\":\"\u00dcber uns\",\"item\":\"http:\/\/paseo-barcelona.de\/barcelona\/uber-uns\/\"},{\"@type\":\"ListItem\",\"position\":3,\"name\":\"Impressum &#038; AGB\"}]},{\"@type\":\"WebSite\",\"@id\":\"http:\/\/paseo-barcelona.de\/barcelona\/#website\",\"url\":\"http:\/\/paseo-barcelona.de\/barcelona\/\",\"name\":\"Paseo Barcelona\",\"description\":\"Stadtf\u00fchrungen in Barcelona\",\"potentialAction\":[{\"@type\":\"SearchAction\",\"target\":{\"@type\":\"EntryPoint\",\"urlTemplate\":\"http:\/\/paseo-barcelona.de\/barcelona\/?s={search_term_string}\"},\"query-input\":\"required name=search_term_string\"}],\"inLanguage\":\"de\"}]}<\/script>\n<!-- \/ Yoast SEO plugin. -->","yoast_head_json":{"title":"Impressum & AGB - Paseo Barcelona","description":"Impressum Paseo Barcelona - Harald Frank, Nadine Trunk - Stadtf\u00fchrungen, Touren und Aktivit\u00e4ten in Barcelona","robots":{"index":"index","follow":"follow","max-snippet":"max-snippet:-1","max-image-preview":"max-image-preview:large","max-video-preview":"max-video-preview:-1"},"canonical":"http:\/\/paseo-barcelona.de\/barcelona\/uber-uns\/impressum\/","og_locale":"de_DE","og_type":"article","og_title":"Impressum & AGB - Paseo Barcelona","og_description":"Impressum Paseo Barcelona - Harald Frank, Nadine Trunk - Stadtf\u00fchrungen, Touren und Aktivit\u00e4ten in Barcelona","og_url":"http:\/\/paseo-barcelona.de\/barcelona\/uber-uns\/impressum\/","og_site_name":"Paseo Barcelona","article_modified_time":"2017-04-21T16:45:15+00:00","og_image":[{"width":393,"height":143,"url":"https:\/\/i0.wp.com\/paseo-barcelona.de\/barcelona\/wp-content\/uploads\/2013\/06\/logo_social.jpg?fit=393%2C143","type":"image\/jpeg"}],"twitter_misc":{"Gesch\u00e4tzte Lesezeit":"3\u00a0Minuten"},"schema":{"@context":"https:\/\/schema.org","@graph":[{"@type":"WebPage","@id":"http:\/\/paseo-barcelona.de\/barcelona\/uber-uns\/impressum\/","url":"http:\/\/paseo-barcelona.de\/barcelona\/uber-uns\/impressum\/","name":"Impressum & AGB - Paseo Barcelona","isPartOf":{"@id":"http:\/\/paseo-barcelona.de\/barcelona\/#website"},"datePublished":"2013-05-16T14:07:24+00:00","dateModified":"2017-04-21T16:45:15+00:00","description":"Impressum Paseo Barcelona - Harald Frank, Nadine Trunk - Stadtf\u00fchrungen, Touren und Aktivit\u00e4ten in Barcelona","breadcrumb":{"@id":"http:\/\/paseo-barcelona.de\/barcelona\/uber-uns\/impressum\/#breadcrumb"},"inLanguage":"de","potentialAction":[{"@type":"ReadAction","target":["http:\/\/paseo-barcelona.de\/barcelona\/uber-uns\/impressum\/"]}]},{"@type":"BreadcrumbList","@id":"http:\/\/paseo-barcelona.de\/barcelona\/uber-uns\/impressum\/#breadcrumb","itemListElement":[{"@type":"ListItem","position":1,"name":"Home","item":"http:\/\/paseo-barcelona.de\/barcelona\/"},{"@type":"ListItem","position":2,"name":"\u00dcber uns","item":"http:\/\/paseo-barcelona.de\/barcelona\/uber-uns\/"},{"@type":"ListItem","position":3,"name":"Impressum &#038; AGB"}]},{"@type":"WebSite","@id":"http:\/\/paseo-barcelona.de\/barcelona\/#website","url":"http:\/\/paseo-barcelona.de\/barcelona\/","name":"Paseo Barcelona","description":"Stadtf\u00fchrungen in Barcelona","potentialAction":[{"@type":"SearchAction","target":{"@type":"EntryPoint","urlTemplate":"http:\/\/paseo-barcelona.de\/barcelona\/?s={search_term_string}"},"query-input":"required name=search_term_string"}],"inLanguage":"de"}]}},"jetpack_sharing_enabled":true,"jetpack_shortlink":"https:\/\/wp.me\/P3DtfU-1w","jetpack-related-posts":[],"_links":{"self":[{"href":"http:\/\/paseo-barcelona.de\/barcelona\/wp-json\/wp\/v2\/pages\/94"}],"collection":[{"href":"http:\/\/paseo-barcelona.de\/barcelona\/wp-json\/wp\/v2\/pages"}],"about":[{"href":"http:\/\/paseo-barcelona.de\/barcelona\/wp-json\/wp\/v2\/types\/page"}],"author":[{"embeddable":true,"href":"http:\/\/paseo-barcelona.de\/barcelona\/wp-json\/wp\/v2\/users\/1"}],"replies":[{"embeddable":true,"href":"http:\/\/paseo-barcelona.de\/barcelona\/wp-json\/wp\/v2\/comments?post=94"}],"version-history":[{"count":15,"href":"http:\/\/paseo-barcelona.de\/barcelona\/wp-json\/wp\/v2\/pages\/94\/revisions"}],"predecessor-version":[{"id":714,"href":"http:\/\/paseo-barcelona.de\/barcelona\/wp-json\/wp\/v2\/pages\/94\/revisions\/714"}],"up":[{"embeddable":true,"href":"http:\/\/paseo-barcelona.de\/barcelona\/wp-json\/wp\/v2\/pages\/42"}],"wp:attachment":[{"href":"http:\/\/paseo-barcelona.de\/barcelona\/wp-json\/wp\/v2\/media?parent=94"}],"curies":[{"name":"wp","href":"https:\/\/api.w.org\/{rel}","templated":true}]}}