{"id":42,"date":"2013-05-16T14:01:47","date_gmt":"2013-05-16T12:01:47","guid":{"rendered":"http:\/\/paseo-barcelona.de\/barcelona\/?page_id=42"},"modified":"2017-04-21T20:34:08","modified_gmt":"2017-04-21T18:34:08","slug":"uber-uns","status":"publish","type":"page","link":"https:\/\/paseo-barcelona.de\/barcelona\/uber-uns\/","title":{"rendered":"\u00dcber uns"},"content":{"rendered":"<p>Wir von Paseo Barcelona sind\u00a0ein Team von Barcelona-Liebhabern und wollen Ihnen unsere sch\u00f6ne Stadt zeigen.<\/p>\n<p>Gerne sind wir Ihnen behilflich bei der <a title=\"Reiseplanung\" href=\"http:\/\/paseo-barcelona.de\/barcelona\/reiseplanung\/\">Urlaubsplanung <\/a>und f\u00fchren Sie zu den beliebtesten Sehensw\u00fcrdigkeiten des <a title=\"Paseo Gotico\" href=\"http:\/\/paseo-barcelona.de\/barcelona\/stadtfuhrungen\/paseo-gotico\/\">Barri G\u00f2tic<\/a>, versteckten Pl\u00e4tzen der Viertel <a title=\"Paseo Born\" href=\"http:\/\/paseo-barcelona.de\/barcelona\/stadtfuhrungen\/paseo-born\/\">Born <\/a>und <a title=\"Paseo Raval\" href=\"http:\/\/paseo-barcelona.de\/barcelona\/stadtfuhrungen\/paseoraval\/\">Raval <\/a>oder in die besten <a title=\"Kultur und Tapas\" href=\"http:\/\/paseo-barcelona.de\/barcelona\/stadtfuhrungen\/kultur-und-tapas\/\">Tapas Bars<\/a> der Stadt. Buchen Sie direkt schnell und unkompliziert oder <a title=\"Schreiben Sie uns\u2026\" href=\"http:\/\/paseo-barcelona.de\/barcelona\/uber-uns\/schreiben-sie-uns\/\">schreiben Sie uns<\/a> Ihre W\u00fcnsche. Wir melden uns dann bei Ihnen.<\/p>\n<h3>Wir bieten Ihnen&#8230;<\/h3>\n<p>Paseo Barcelona ist das junge kompetente Team, das Ihren Barcelona Aufenthalt unvergesslich macht.<\/p>\n<h4><em><strong>Paseos<\/strong><\/em><\/h4>\n<p>Junge Deutsche, die in Barcelona leben, m\u00f6chten Ihre Liebe und Leidenschaft f\u00fcr diese Stadt mit Ihnen teilen und Ihnen in kurzweiligen Spazierg\u00e4ngen die Perlen der Altstadt n\u00e4herbringen.<\/p>\n<h4><em><strong>Stadtf\u00fchrungen und Ausfl\u00fcge<\/strong><\/em><\/h4>\n<p>Offizielle Stadtf\u00fchrer begleiten Ihre Gruppe und erl\u00e4utern Ihnen jedes Detail der Tour. Gerne gehen Sie auch auf Ihre pers\u00f6nlichen W\u00fcnsche und inhaltlichen Schwerpunkte ein.<\/p>\n<h4><em><strong>Sightjogging<\/strong><\/em><\/h4>\n<p>Arnd, unser Mann f\u00fcr schnelle Touren, lebt seit vier Jahren in der katalanischen Hauptstadt \u2013 er ist Sportwissenschaftler und erfahrener Marathonl\u00e4ufer. Barcelona bewegt auch ihn jeden Tag aufs Neue.<\/p>\n<h4><em><strong>Reiseplanung<\/strong><\/em><\/h4>\n<p>Gerne unterst\u00fctzen wir Sie bereits bei der Reiseplanung mit Hotelbuchung und Tipps rund um Barcelona.<\/p>\n","protected":false},"excerpt":{"rendered":"<p>Wir von Paseo Barcelona sind\u00a0ein Team von Barcelona-Liebhabern und wollen Ihnen unsere sch\u00f6ne Stadt zeigen. Gerne sind wir Ihnen behilflich bei der Urlaubsplanung und f\u00fchren Sie zu den beliebtesten Sehensw\u00fcrdigkeiten &#8230;<\/p>\n","protected":false},"author":1,"featured_media":0,"parent":0,"menu_order":0,"comment_status":"closed","ping_status":"closed","template":"","meta":{"jetpack_post_was_ever_published":false,"footnotes":""},"class_list":["post-42","page","type-page","status-publish","hentry"],"yoast_head":"<!-- This site is optimized with the Yoast SEO plugin v23.2 - https:\/\/yoast.com\/wordpress\/plugins\/seo\/ -->\n<title>\u00dcber uns - Das Paseo Barcelona Team<\/title>\n<meta name=\"description\" content=\"Paseo Barcelona k\u00fcmmert sich um Ihre Reise nach Barcelona. Stadtf\u00fchrungen und Tapas Touren, Ausfl\u00fcge in Katalonien und Informationen rund um Barcelona.\" \/>\n<meta name=\"robots\" content=\"index, follow, max-snippet:-1, max-image-preview:large, max-video-preview:-1\" \/>\n<link rel=\"canonical\" href=\"http:\/\/paseo-barcelona.de\/barcelona\/uber-uns\/\" \/>\n<meta property=\"og:locale\" content=\"de_DE\" \/>\n<meta property=\"og:type\" content=\"article\" \/>\n<meta property=\"og:title\" content=\"\u00dcber uns - Das Paseo Barcelona Team\" \/>\n<meta property=\"og:description\" content=\"Paseo Barcelona k\u00fcmmert sich um Ihre Reise nach Barcelona. Stadtf\u00fchrungen und Tapas Touren, Ausfl\u00fcge in Katalonien und Informationen rund um Barcelona.\" \/>\n<meta property=\"og:url\" content=\"http:\/\/paseo-barcelona.de\/barcelona\/uber-uns\/\" \/>\n<meta property=\"og:site_name\" content=\"Paseo Barcelona\" \/>\n<meta property=\"article:modified_time\" content=\"2017-04-21T18:34:08+00:00\" \/>\n<meta property=\"og:image\" content=\"https:\/\/i0.wp.com\/paseo-barcelona.de\/barcelona\/wp-content\/uploads\/2013\/06\/logo_social.jpg?fit=393%2C143&ssl=1\" \/>\n\t<meta property=\"og:image:width\" content=\"393\" \/>\n\t<meta property=\"og:image:height\" content=\"143\" \/>\n\t<meta property=\"og:image:type\" content=\"image\/jpeg\" \/>\n<meta name=\"twitter:label1\" content=\"Gesch\u00e4tzte Lesezeit\" \/>\n\t<meta name=\"twitter:data1\" content=\"1\u00a0Minute\" \/>\n<script type=\"application\/ld+json\" class=\"yoast-schema-graph\">{\"@context\":\"https:\/\/schema.org\",\"@graph\":[{\"@type\":\"WebPage\",\"@id\":\"http:\/\/paseo-barcelona.de\/barcelona\/uber-uns\/\",\"url\":\"http:\/\/paseo-barcelona.de\/barcelona\/uber-uns\/\",\"name\":\"\u00dcber uns - Das Paseo Barcelona Team\",\"isPartOf\":{\"@id\":\"http:\/\/paseo-barcelona.de\/barcelona\/#website\"},\"datePublished\":\"2013-05-16T12:01:47+00:00\",\"dateModified\":\"2017-04-21T18:34:08+00:00\",\"description\":\"Paseo Barcelona k\u00fcmmert sich um Ihre Reise nach Barcelona. Stadtf\u00fchrungen und Tapas Touren, Ausfl\u00fcge in Katalonien und Informationen rund um Barcelona.\",\"breadcrumb\":{\"@id\":\"http:\/\/paseo-barcelona.de\/barcelona\/uber-uns\/#breadcrumb\"},\"inLanguage\":\"de\",\"potentialAction\":[{\"@type\":\"ReadAction\",\"target\":[\"http:\/\/paseo-barcelona.de\/barcelona\/uber-uns\/\"]}]},{\"@type\":\"BreadcrumbList\",\"@id\":\"http:\/\/paseo-barcelona.de\/barcelona\/uber-uns\/#breadcrumb\",\"itemListElement\":[{\"@type\":\"ListItem\",\"position\":1,\"name\":\"Home\",\"item\":\"http:\/\/paseo-barcelona.de\/barcelona\/\"},{\"@type\":\"ListItem\",\"position\":2,\"name\":\"\u00dcber uns\"}]},{\"@type\":\"WebSite\",\"@id\":\"http:\/\/paseo-barcelona.de\/barcelona\/#website\",\"url\":\"http:\/\/paseo-barcelona.de\/barcelona\/\",\"name\":\"Paseo Barcelona\",\"description\":\"Stadtf\u00fchrungen in Barcelona\",\"potentialAction\":[{\"@type\":\"SearchAction\",\"target\":{\"@type\":\"EntryPoint\",\"urlTemplate\":\"http:\/\/paseo-barcelona.de\/barcelona\/?s={search_term_string}\"},\"query-input\":\"required name=search_term_string\"}],\"inLanguage\":\"de\"}]}<\/script>\n<!-- \/ Yoast SEO plugin. -->","yoast_head_json":{"title":"\u00dcber uns - Das Paseo Barcelona Team","description":"Paseo Barcelona k\u00fcmmert sich um Ihre Reise nach Barcelona. Stadtf\u00fchrungen und Tapas Touren, Ausfl\u00fcge in Katalonien und Informationen rund um Barcelona.","robots":{"index":"index","follow":"follow","max-snippet":"max-snippet:-1","max-image-preview":"max-image-preview:large","max-video-preview":"max-video-preview:-1"},"canonical":"http:\/\/paseo-barcelona.de\/barcelona\/uber-uns\/","og_locale":"de_DE","og_type":"article","og_title":"\u00dcber uns - Das Paseo Barcelona Team","og_description":"Paseo Barcelona k\u00fcmmert sich um Ihre Reise nach Barcelona. Stadtf\u00fchrungen und Tapas Touren, Ausfl\u00fcge in Katalonien und Informationen rund um Barcelona.","og_url":"http:\/\/paseo-barcelona.de\/barcelona\/uber-uns\/","og_site_name":"Paseo Barcelona","article_modified_time":"2017-04-21T18:34:08+00:00","og_image":[{"width":393,"height":143,"url":"https:\/\/i0.wp.com\/paseo-barcelona.de\/barcelona\/wp-content\/uploads\/2013\/06\/logo_social.jpg?fit=393%2C143&ssl=1","type":"image\/jpeg"}],"twitter_misc":{"Gesch\u00e4tzte Lesezeit":"1\u00a0Minute"},"schema":{"@context":"https:\/\/schema.org","@graph":[{"@type":"WebPage","@id":"http:\/\/paseo-barcelona.de\/barcelona\/uber-uns\/","url":"http:\/\/paseo-barcelona.de\/barcelona\/uber-uns\/","name":"\u00dcber uns - Das Paseo Barcelona Team","isPartOf":{"@id":"http:\/\/paseo-barcelona.de\/barcelona\/#website"},"datePublished":"2013-05-16T12:01:47+00:00","dateModified":"2017-04-21T18:34:08+00:00","description":"Paseo Barcelona k\u00fcmmert sich um Ihre Reise nach Barcelona. Stadtf\u00fchrungen und Tapas Touren, Ausfl\u00fcge in Katalonien und Informationen rund um Barcelona.","breadcrumb":{"@id":"http:\/\/paseo-barcelona.de\/barcelona\/uber-uns\/#breadcrumb"},"inLanguage":"de","potentialAction":[{"@type":"ReadAction","target":["http:\/\/paseo-barcelona.de\/barcelona\/uber-uns\/"]}]},{"@type":"BreadcrumbList","@id":"http:\/\/paseo-barcelona.de\/barcelona\/uber-uns\/#breadcrumb","itemListElement":[{"@type":"ListItem","position":1,"name":"Home","item":"http:\/\/paseo-barcelona.de\/barcelona\/"},{"@type":"ListItem","position":2,"name":"\u00dcber uns"}]},{"@type":"WebSite","@id":"http:\/\/paseo-barcelona.de\/barcelona\/#website","url":"http:\/\/paseo-barcelona.de\/barcelona\/","name":"Paseo Barcelona","description":"Stadtf\u00fchrungen in Barcelona","potentialAction":[{"@type":"SearchAction","target":{"@type":"EntryPoint","urlTemplate":"http:\/\/paseo-barcelona.de\/barcelona\/?s={search_term_string}"},"query-input":"required name=search_term_string"}],"inLanguage":"de"}]}},"jetpack_sharing_enabled":true,"jetpack_shortlink":"https:\/\/wp.me\/P3DtfU-G","jetpack-related-posts":[],"_links":{"self":[{"href":"https:\/\/paseo-barcelona.de\/barcelona\/wp-json\/wp\/v2\/pages\/42"}],"collection":[{"href":"https:\/\/paseo-barcelona.de\/barcelona\/wp-json\/wp\/v2\/pages"}],"about":[{"href":"https:\/\/paseo-barcelona.de\/barcelona\/wp-json\/wp\/v2\/types\/page"}],"author":[{"embeddable":true,"href":"https:\/\/paseo-barcelona.de\/barcelona\/wp-json\/wp\/v2\/users\/1"}],"replies":[{"embeddable":true,"href":"https:\/\/paseo-barcelona.de\/barcelona\/wp-json\/wp\/v2\/comments?post=42"}],"version-history":[{"count":5,"href":"https:\/\/paseo-barcelona.de\/barcelona\/wp-json\/wp\/v2\/pages\/42\/revisions"}],"predecessor-version":[{"id":748,"href":"https:\/\/paseo-barcelona.de\/barcelona\/wp-json\/wp\/v2\/pages\/42\/revisions\/748"}],"wp:attachment":[{"href":"https:\/\/paseo-barcelona.de\/barcelona\/wp-json\/wp\/v2\/media?parent=42"}],"curies":[{"name":"wp","href":"https:\/\/api.w.org\/{rel}","templated":true}]}}